{"id":8245,"date":"2026-01-05T20:00:45","date_gmt":"2026-01-05T20:00:45","guid":{"rendered":"https:\/\/rockkofertas.com.es\/index.php\/producto\/b0c1gswr5k\/"},"modified":"2026-01-05T20:00:45","modified_gmt":"2026-01-05T20:00:45","slug":"b0c1gswr5k","status":"publish","type":"product","link":"https:\/\/rockkofertas.com.es\/index.php\/producto\/b0c1gswr5k\/","title":{"rendered":"B0C1GSWR5K"},"content":{"rendered":"<p>&#8211; CONTENIDO DEL DISFRAZ de arlequ\u00edn diamante: gorro, cuello, camisa, pantal\u00f3n. NO_INCLUIDO: bast\u00f3n buf\u00f3n, guantes<br \/>\n&#8211; GU\u00cdA DE TALLAS DEL DISFRAZ: Hombre 48-50 M<br \/>\n&#8211; DIMENSIONES aproximadas de este disfraz Halloween para Hombre: pecho 96-101 cm, cintura 86-90 cm, caderas 99-100 cm<br \/>\n&#8211; MATERIALES: Este disfraz de Carnaval o Halloween para adultos est\u00e1 hecho de poli\u00e9ster y cumple con los est\u00e1ndares de seguridad para que puedas divertirte a lo grande en tu pr\u00f3xima fiesta de disfraces.<br \/>\n&#8211; FIESTAS GUIRCA: una gran elecci\u00f3n para tu fiesta de Halloween o fiesta tem\u00e1tica<\/p>\n","protected":false},"excerpt":{"rendered":"<p>FIESTAS GUIRCA Disfraz de Arlequ\u00edn Diamante &#8211; Payaso Buf\u00f3n Circo de Terror Disfraz Halloween Hombre Talla 48-50 M<br \/>\n#Publicidad <span class=\"read-more\"><a class=\"more-link btn btn-transparent\" href=\"https:\/\/rockkofertas.com.es\/index.php\/producto\/b0c1gswr5k\/\">Leer m\u00e1s&#8230;<\/a><\/span><\/p>\n","protected":false},"featured_media":8244,"comment_status":"open","ping_status":"closed","template":"","meta":[],"product_cat":[15],"product_tag":[],"class_list":{"0":"post-8245","1":"product","2":"type-product","3":"status-publish","4":"has-post-thumbnail","6":"product_cat-sin-categorizar","8":"first","9":"instock","10":"shipping-taxable","11":"product-type-external"},"_links":{"self":[{"href":"https:\/\/rockkofertas.com.es\/index.php\/wp-json\/wp\/v2\/product\/8245","targetHints":{"allow":["GET"]}}],"collection":[{"href":"https:\/\/rockkofertas.com.es\/index.php\/wp-json\/wp\/v2\/product"}],"about":[{"href":"https:\/\/rockkofertas.com.es\/index.php\/wp-json\/wp\/v2\/types\/product"}],"replies":[{"embeddable":true,"href":"https:\/\/rockkofertas.com.es\/index.php\/wp-json\/wp\/v2\/comments?post=8245"}],"wp:featuredmedia":[{"embeddable":true,"href":"https:\/\/rockkofertas.com.es\/index.php\/wp-json\/wp\/v2\/media\/8244"}],"wp:attachment":[{"href":"https:\/\/rockkofertas.com.es\/index.php\/wp-json\/wp\/v2\/media?parent=8245"}],"wp:term":[{"taxonomy":"product_cat","embeddable":true,"href":"https:\/\/rockkofertas.com.es\/index.php\/wp-json\/wp\/v2\/product_cat?post=8245"},{"taxonomy":"product_tag","embeddable":true,"href":"https:\/\/rockkofertas.com.es\/index.php\/wp-json\/wp\/v2\/product_tag?post=8245"}],"curies":[{"name":"wp","href":"https:\/\/api.w.org\/{rel}","templated":true}]}}