{"id":8243,"date":"2026-01-05T16:00:42","date_gmt":"2026-01-05T16:00:42","guid":{"rendered":"https:\/\/rockkofertas.com.es\/index.php\/producto\/b0dyv42v59\/"},"modified":"2026-01-05T16:00:42","modified_gmt":"2026-01-05T16:00:42","slug":"b0dyv42v59","status":"publish","type":"product","link":"https:\/\/rockkofertas.com.es\/index.php\/producto\/b0dyv42v59\/","title":{"rendered":"B0DYV42V59"},"content":{"rendered":"<p>&#8211; \u3010Aislamiento t\u00e9rmico y defensa\u3011Este traje de neopreno de 3 mm para hombre y mujer puede mantener tu cuerpo caliente incluso en agua fr\u00eda. Al mismo tiempo, el traje de neopreno hombre completo de microelasticidad puede protegerlo de objetos punzantes como rocas y de la vida marina como medusas, corales y peces.<br \/>\n&#8211; \u3010Cuello de velcro ajustable y cremallera f\u00e1cil\u3011El neopreno hombre mujer cuenta con un cuello de velcro ajustable que permite un ajuste c\u00f3modo, reduciendo la entrada de agua y arena. La cremallera YKK de alta calidad facilita ponerse y quitarse el traje de neopreno. Adem\u00e1s, las \u00e1reas clave est\u00e1n reforzadas con material Noeprene ultraflexible de 2 mm para mayor flexibilidad.<br \/>\n&#8211; \u3010Rodillera, engarzado y dise\u00f1o de una pieza\u3011La rodilla del traje neopreno hombre mujer adopta una rodillera de alta elasticidad, que puede prevenir los rasgu\u00f1os en las rodillas de manera efectiva y hacer que el contacto entre la piel y los trajes h\u00famedos sea m\u00e1s c\u00f3modo. Los pu\u00f1os y las piernas tienen un dise\u00f1o de borde enrollado, lo que reduce la p\u00e9rdida de la capa de agua que se filtra en el neopreno hombre mujer y te mantiene abrigado por m\u00e1s tiempo.<br \/>\n&#8211; \u3010M\u00faltiples escenarios de aplicaci\u00f3n\u3011Nuestro traje neopreno hombre mujer es t\u00e9rmico y protegido del sol, suave y c\u00f3modo, tanto en el agua como en la playa para proteger tu piel de las quemaduras solares. Es ideal para principiantes en el buceo y entusiastas de los deportes, surf, nataci\u00f3n, buceo, snorkel, kayak y otros deportes acu\u00e1ticos.<br \/>\n&#8211; \u3010Servicio Post-Venta \u3011Los trajes de neopreno para mujer est\u00e1n disponibles en 5 tama\u00f1os, puede elegir el tama\u00f1o adecuado de acuerdo a factores como la altura, el peso, la circunferencia de la cintura, etc. Si tiene alguna pregunta sobre este traje de ba\u00f1o, no dude en ponerse en contacto con nosotros a trav\u00e9s del pedido.<\/p>\n","protected":false},"excerpt":{"rendered":"<p>Glimilife Traje Neopreno Hombre Mujer, Traje de Neopreno Hombre Shorty\/Full de 3MM Trajes de Neopreno Mujer de Cuerpo Completo en Agua fr\u00eda Mantener Caliente para Bucear Surfear Snorkel Kayak<br \/>\n#Publicidad <span class=\"read-more\"><a class=\"more-link btn btn-transparent\" href=\"https:\/\/rockkofertas.com.es\/index.php\/producto\/b0dyv42v59\/\">Leer m\u00e1s&#8230;<\/a><\/span><\/p>\n","protected":false},"featured_media":8242,"comment_status":"open","ping_status":"closed","template":"","meta":[],"product_cat":[15],"product_tag":[],"class_list":{"0":"post-8243","1":"product","2":"type-product","3":"status-publish","4":"has-post-thumbnail","6":"product_cat-sin-categorizar","8":"first","9":"instock","10":"shipping-taxable","11":"product-type-external"},"_links":{"self":[{"href":"https:\/\/rockkofertas.com.es\/index.php\/wp-json\/wp\/v2\/product\/8243","targetHints":{"allow":["GET"]}}],"collection":[{"href":"https:\/\/rockkofertas.com.es\/index.php\/wp-json\/wp\/v2\/product"}],"about":[{"href":"https:\/\/rockkofertas.com.es\/index.php\/wp-json\/wp\/v2\/types\/product"}],"replies":[{"embeddable":true,"href":"https:\/\/rockkofertas.com.es\/index.php\/wp-json\/wp\/v2\/comments?post=8243"}],"wp:featuredmedia":[{"embeddable":true,"href":"https:\/\/rockkofertas.com.es\/index.php\/wp-json\/wp\/v2\/media\/8242"}],"wp:attachment":[{"href":"https:\/\/rockkofertas.com.es\/index.php\/wp-json\/wp\/v2\/media?parent=8243"}],"wp:term":[{"taxonomy":"product_cat","embeddable":true,"href":"https:\/\/rockkofertas.com.es\/index.php\/wp-json\/wp\/v2\/product_cat?post=8243"},{"taxonomy":"product_tag","embeddable":true,"href":"https:\/\/rockkofertas.com.es\/index.php\/wp-json\/wp\/v2\/product_tag?post=8243"}],"curies":[{"name":"wp","href":"https:\/\/api.w.org\/{rel}","templated":true}]}}