{"id":8239,"date":"2026-01-05T08:00:37","date_gmt":"2026-01-05T08:00:37","guid":{"rendered":"https:\/\/rockkofertas.com.es\/index.php\/producto\/b0cx2zhfls\/"},"modified":"2026-01-05T08:00:37","modified_gmt":"2026-01-05T08:00:37","slug":"b0cx2zhfls","status":"publish","type":"product","link":"https:\/\/rockkofertas.com.es\/index.php\/producto\/b0cx2zhfls\/","title":{"rendered":"B0CX2ZHFLS"},"content":{"rendered":"<p>&#8211; Infinite Bronze es la protecci\u00f3n solarembellecedora h\u00edbrida y con color de Lancaster<br \/>\n&#8211; Infinite Bronze Tinted Protection Compact Cream SPF50 es una base de maquillaje ultraligera y compacta y que unifica y broncea la apariencia de la piel al tiempo que difumina visiblemente las imperfecciones<br \/>\n&#8211; Su tecnolog\u00eda Full Light protege de los rayos UVB y UVA, as\u00ed como de la luz visible y los rayos infrarrojos, mientras que el \u00e1cido hialur\u00f3nico hidrata intensamente la piel<br \/>\n&#8211; Tu piel revela un brillo natural duradero e impecable<\/p>\n","protected":false},"excerpt":{"rendered":"<p>LANCASTER Infinite Bronze Tinted Protection Sunlight Compact Cream | Base de maquillaje compacto en crema con protecci\u00f3n solar de SPF50 | 9 g<br \/>\n#Publicidad <span class=\"read-more\"><a class=\"more-link btn btn-transparent\" href=\"https:\/\/rockkofertas.com.es\/index.php\/producto\/b0cx2zhfls\/\">Leer m\u00e1s&#8230;<\/a><\/span><\/p>\n","protected":false},"featured_media":8238,"comment_status":"open","ping_status":"closed","template":"","meta":[],"product_cat":[15],"product_tag":[],"class_list":{"0":"post-8239","1":"product","2":"type-product","3":"status-publish","4":"has-post-thumbnail","6":"product_cat-sin-categorizar","8":"first","9":"instock","10":"shipping-taxable","11":"product-type-external"},"_links":{"self":[{"href":"https:\/\/rockkofertas.com.es\/index.php\/wp-json\/wp\/v2\/product\/8239","targetHints":{"allow":["GET"]}}],"collection":[{"href":"https:\/\/rockkofertas.com.es\/index.php\/wp-json\/wp\/v2\/product"}],"about":[{"href":"https:\/\/rockkofertas.com.es\/index.php\/wp-json\/wp\/v2\/types\/product"}],"replies":[{"embeddable":true,"href":"https:\/\/rockkofertas.com.es\/index.php\/wp-json\/wp\/v2\/comments?post=8239"}],"wp:featuredmedia":[{"embeddable":true,"href":"https:\/\/rockkofertas.com.es\/index.php\/wp-json\/wp\/v2\/media\/8238"}],"wp:attachment":[{"href":"https:\/\/rockkofertas.com.es\/index.php\/wp-json\/wp\/v2\/media?parent=8239"}],"wp:term":[{"taxonomy":"product_cat","embeddable":true,"href":"https:\/\/rockkofertas.com.es\/index.php\/wp-json\/wp\/v2\/product_cat?post=8239"},{"taxonomy":"product_tag","embeddable":true,"href":"https:\/\/rockkofertas.com.es\/index.php\/wp-json\/wp\/v2\/product_tag?post=8239"}],"curies":[{"name":"wp","href":"https:\/\/api.w.org\/{rel}","templated":true}]}}