{"id":8237,"date":"2026-01-05T04:00:34","date_gmt":"2026-01-05T04:00:34","guid":{"rendered":"https:\/\/rockkofertas.com.es\/index.php\/producto\/b0dgxf8mvf-2\/"},"modified":"2026-01-05T04:00:34","modified_gmt":"2026-01-05T04:00:34","slug":"b0dgxf8mvf-2","status":"publish","type":"product","link":"https:\/\/rockkofertas.com.es\/index.php\/producto\/b0dgxf8mvf-2\/","title":{"rendered":"B0DGXF8MVF"},"content":{"rendered":"<p>&#8211; Crear Rizos Naturales: El cepillo t\u00e9rmico de 38 mm de wavytalk con un barril de cer\u00e1mica para una distribuci\u00f3n uniforme del calor, ideal para rizos medianos a sueltos. A\u00f1ade volumen y un aspecto de peinado, ideal para cabello de longitud media a larga, no corta. Nota: No es un cepillo de aire caliente<br \/>\n&#8211; Funci\u00f3n de Iones Negativos: Nuestro cepillo rizador emite iones negativos para envolver cada hebra de cabello, sellando la humedad para un cabello m\u00e1s sedoso y sin encrespamiento. Crea rizos naturales, voluminosos y de larga duraci\u00f3n con menos nudos de forma sencilla<br \/>\n&#8211; Configuraciones de Temperatura Dual: Nuestro cepillo caliente ofrece 180\u00b0C para cabello delicado o fino y 210\u00b0C para texturas capilares m\u00e1s gruesas o resistentes. Controla tu peinado con 2 temperaturas para obtener resultados \u00f3ptimos y menos da\u00f1o en tu cabello<br \/>\n&#8211; Estilismo Eficiente: El cepillo caliente de wavytalk combina el rizado y el peinado, ahorrando tiempo y energ\u00eda. No es necesario usar peines o clips, lo que simplifica el peinado. El tiempo de rizado puede variar seg\u00fan el tipo de cabello, el cabello m\u00e1s grueso requiere m\u00e1s tiempo con el cepillo t\u00e9rmico<br \/>\n&#8211; Sencillez en la Operaci\u00f3n: Envuelve tu cabello alrededor del barril y peina hacia abajo para obtener rizos relajados, no se necesita ser un experto en rizado. Adem\u00e1s, nuestro cepillo rizador es compatible con voltajes internacionales, lo que facilita su uso durante los viajes<\/p>\n","protected":false},"excerpt":{"rendered":"<p>Wavytalk Cepillo T\u00e9rmico, Cepillo Rizador I\u00f3nico de 38mm Calentado para Crear Rizos Naturales, Cepillo Redondo para Pelo Caliente para un Aspecto m\u00e1s Suave, Funci\u00f3n de Doble Voltaje. Rosa<br \/>\n#Publicidad <span class=\"read-more\"><a class=\"more-link btn btn-transparent\" href=\"https:\/\/rockkofertas.com.es\/index.php\/producto\/b0dgxf8mvf-2\/\">Leer m\u00e1s&#8230;<\/a><\/span><\/p>\n","protected":false},"featured_media":8236,"comment_status":"open","ping_status":"closed","template":"","meta":[],"product_cat":[15],"product_tag":[],"class_list":{"0":"post-8237","1":"product","2":"type-product","3":"status-publish","4":"has-post-thumbnail","6":"product_cat-sin-categorizar","8":"first","9":"instock","10":"shipping-taxable","11":"product-type-external"},"_links":{"self":[{"href":"https:\/\/rockkofertas.com.es\/index.php\/wp-json\/wp\/v2\/product\/8237","targetHints":{"allow":["GET"]}}],"collection":[{"href":"https:\/\/rockkofertas.com.es\/index.php\/wp-json\/wp\/v2\/product"}],"about":[{"href":"https:\/\/rockkofertas.com.es\/index.php\/wp-json\/wp\/v2\/types\/product"}],"replies":[{"embeddable":true,"href":"https:\/\/rockkofertas.com.es\/index.php\/wp-json\/wp\/v2\/comments?post=8237"}],"wp:featuredmedia":[{"embeddable":true,"href":"https:\/\/rockkofertas.com.es\/index.php\/wp-json\/wp\/v2\/media\/8236"}],"wp:attachment":[{"href":"https:\/\/rockkofertas.com.es\/index.php\/wp-json\/wp\/v2\/media?parent=8237"}],"wp:term":[{"taxonomy":"product_cat","embeddable":true,"href":"https:\/\/rockkofertas.com.es\/index.php\/wp-json\/wp\/v2\/product_cat?post=8237"},{"taxonomy":"product_tag","embeddable":true,"href":"https:\/\/rockkofertas.com.es\/index.php\/wp-json\/wp\/v2\/product_tag?post=8237"}],"curies":[{"name":"wp","href":"https:\/\/api.w.org\/{rel}","templated":true}]}}