{"id":8231,"date":"2026-01-04T20:00:37","date_gmt":"2026-01-04T20:00:37","guid":{"rendered":"https:\/\/rockkofertas.com.es\/index.php\/producto\/b0ff1tsvh6\/"},"modified":"2026-01-04T20:00:37","modified_gmt":"2026-01-04T20:00:37","slug":"b0ff1tsvh6","status":"publish","type":"product","link":"https:\/\/rockkofertas.com.es\/index.php\/producto\/b0ff1tsvh6\/","title":{"rendered":"B0FF1TSVH6"},"content":{"rendered":"<p>&#8211; Radio multibanda; radio AM\/FM\/SW\/LW\/WB de banda completa recibe f\u00e1cilmente se\u00f1ales de radio de todo el mundo; para que pueda escuchar noticias, m\u00fasica pop y transmisiones nocturnas, todo dentro de sus o\u00eddos<br \/>\n&#8211; Grabaci\u00f3n f\u00e1cil: esta radio port\u00e1til compacta cuenta con un micr\u00f3fono integrado que facilita la grabaci\u00f3n de notas e inspiraci\u00f3n. Inserta una tarjeta TF para grabar tus emisoras de radio favoritas y usa el cable auxiliar para guardar m\u00e1s m\u00fasica en tu ordenador<br \/>\n&#8211; Potente y port\u00e1til; disfrute de una escucha perfecta con la radio FM, que cuenta con una bater\u00eda de litio BL-10C de 1800 mAh extra\u00edble; disfrute de una energ\u00eda duradera durante horas en sus emisoras favoritas.<br \/>\n&#8211; Temporizador de apagado autom\u00e1tico: con el temporizador de apagado autom\u00e1tico de la radio, podr\u00e1 conciliar el sue\u00f1o con m\u00fasica relajante o un programa de entrevistas tranquilizador. Configure el temporizador y la radio se apagar\u00e1 autom\u00e1ticamente tras el tiempo seleccionado, lo que har\u00e1 que su momento de relajaci\u00f3n sea m\u00e1s inteligente y c\u00f3modo.<br \/>\n&#8211; Modos de sintonizaci\u00f3n flexibles: nuestras radios AM\/FM para el hogar cuentan con cinco modos de sintonizaci\u00f3n vers\u00e1tiles: ATS (sistema de sintonizaci\u00f3n autom\u00e1tica), autom\u00e1tico, manual, entrada por teclado y memoria. Tanto si prefiere una b\u00fasqueda r\u00e1pida como una sintonizaci\u00f3n manual precisa.<br \/>\n&#8211; Graves profundos: equipadas con un altavoz de diafragma bajo, estas radios AM\/FM ofrecen graves potentes y un sonido de alta calidad. Disfruta de la combinaci\u00f3n perfecta entre un sonido rico y la portabilidad, vayas donde vayas.<br \/>\n&#8211; Acceso global; con las radios AM\/FM que cuentan con una configuraci\u00f3n de men\u00fa multiling\u00fce; los usuarios de todo el mundo pueden navegar y controlar f\u00e1cilmente su dispositivo; no importa de d\u00f3nde sea; esta funci\u00f3n garantiza una experiencia fluida e intuitiva.<br \/>\n&#8211; Luz LED brillante; la radio ilumina tu entorno en la oscuridad; adecuada para acampadas al aire libre y cortes de electricidad como compa\u00f1era fiable; te garantiza estar preparado en cualquier momento y lugar.<br \/>\n&#8211; Compacta y f\u00e1cil de transportar: la radio AM\/FM mide solo 135 \u00d7 83 \u00d7 25 mm y pesa solo 192 g; esta radio cabe f\u00e1cilmente en tu bolsillo o bolso, lo que te permite disfrutar sin esfuerzo de tus emisoras favoritas en cualquier lugar y en cualquier momento.<br \/>\n&#8211; Sonido inal\u00e1mbrico; con conectividad inal\u00e1mbrica; estas radios AM\/FM se emparejan a la perfecci\u00f3n con su smartphone o tableta; convirti\u00e9ndolas al instante en un altavoz inal\u00e1mbrico; disfrute de m\u00fasica; podcasts; o noticias con un sonido cristalino.<\/p>\n","protected":false},"excerpt":{"rendered":"<p>Retekess V115P Radio Port\u00e1til Peque\u00f1a, Radio a Pilas, Am\/FM\/SW\/LW\/WB, Radios Peque\u00f1as Digitales con MP3, 1800mAh, TF\/AUX, Grabaci\u00f3n, Iluminaci\u00f3n, Temporizador de Apagado, para Exteriores y Hogar<br \/>\n#Publicidad <span class=\"read-more\"><a class=\"more-link btn btn-transparent\" href=\"https:\/\/rockkofertas.com.es\/index.php\/producto\/b0ff1tsvh6\/\">Leer m\u00e1s&#8230;<\/a><\/span><\/p>\n","protected":false},"featured_media":8230,"comment_status":"open","ping_status":"closed","template":"","meta":[],"product_cat":[15],"product_tag":[],"class_list":{"0":"post-8231","1":"product","2":"type-product","3":"status-publish","4":"has-post-thumbnail","6":"product_cat-sin-categorizar","8":"first","9":"instock","10":"shipping-taxable","11":"product-type-external"},"_links":{"self":[{"href":"https:\/\/rockkofertas.com.es\/index.php\/wp-json\/wp\/v2\/product\/8231","targetHints":{"allow":["GET"]}}],"collection":[{"href":"https:\/\/rockkofertas.com.es\/index.php\/wp-json\/wp\/v2\/product"}],"about":[{"href":"https:\/\/rockkofertas.com.es\/index.php\/wp-json\/wp\/v2\/types\/product"}],"replies":[{"embeddable":true,"href":"https:\/\/rockkofertas.com.es\/index.php\/wp-json\/wp\/v2\/comments?post=8231"}],"wp:featuredmedia":[{"embeddable":true,"href":"https:\/\/rockkofertas.com.es\/index.php\/wp-json\/wp\/v2\/media\/8230"}],"wp:attachment":[{"href":"https:\/\/rockkofertas.com.es\/index.php\/wp-json\/wp\/v2\/media?parent=8231"}],"wp:term":[{"taxonomy":"product_cat","embeddable":true,"href":"https:\/\/rockkofertas.com.es\/index.php\/wp-json\/wp\/v2\/product_cat?post=8231"},{"taxonomy":"product_tag","embeddable":true,"href":"https:\/\/rockkofertas.com.es\/index.php\/wp-json\/wp\/v2\/product_tag?post=8231"}],"curies":[{"name":"wp","href":"https:\/\/api.w.org\/{rel}","templated":true}]}}