{"id":8221,"date":"2026-01-04T04:00:38","date_gmt":"2026-01-04T04:00:38","guid":{"rendered":"https:\/\/rockkofertas.com.es\/index.php\/producto\/b0fn44drph\/"},"modified":"2026-01-04T04:00:38","modified_gmt":"2026-01-04T04:00:38","slug":"b0fn44drph","status":"publish","type":"product","link":"https:\/\/rockkofertas.com.es\/index.php\/producto\/b0fn44drph\/","title":{"rendered":"B0FN44DRPH"},"content":{"rendered":"<p>&#8211; \ud83e\uddf2\u3010Sujeci\u00f3n Magn\u00e9tica Fuerte y Soporte Plegable\u3011Este cargador port\u00e1til iPhone incorpora un sistema magn\u00e9tico de 10N que garantiza una fijaci\u00f3n segura para iPhone 12\u201317. El soporte plegable permite ver contenido en horizontal o vertical, ideal para v\u00eddeos, videollamadas o recetas. Dise\u00f1ado para no bloquear la c\u00e1mara, ofrece comodidad y mayor eficiencia en el uso diario.<br \/>\n&#8211; \ud83d\udd0c\u3010Cable Integrado, Listo para Usar\u3011Esta bater\u00eda port\u00e1til iPhone incluye un cable USB-C integrado de 22.5W para que no tengas que llevar cables adicionales. Con solo 0.45 lb y un tama\u00f1o compacto (4.29\u00d72.8\u00d70.75 in), cabe f\u00e1cilmente en el bolsillo del pantal\u00f3n, convirti\u00e9ndose en la opci\u00f3n perfecta para cargar sobre la marcha.<br \/>\n&#8211; \u26a1\u3010Carga Ultra-R\u00e1pida de 22.5W\u3011Con tecnolog\u00eda PD de 22.5W (5V\/3A), esta bater\u00eda externa carga r\u00e1pida potencia tu iPhone 17 Pro hasta un 60% en solo 30 minutos, el doble de r\u00e1pido que un power bank est\u00e1ndar. Su dise\u00f1o ligero cumple con las normas de seguridad a\u00e9rea, por lo que puedes llevarla en cabina y mantener tus dispositivos siempre con energ\u00eda durante el viaje.<br \/>\n&#8211; \u2728\u3010Cargador 4-en-1 Multifuncional\u3011Este power bank iPhone combina un cable USB-C integrado, carga inal\u00e1mbrica magn\u00e9tica de 15W, un puerto Type-C y un puerto Type-A, permitiendo cargar hasta cuatro dispositivos simult\u00e1neamente. El puerto Type-C bidireccional admite entrada y salida, ideal para viajes, uso exterior, residencias y situaciones de emergencia.<br \/>\n&#8211; \ud83d\udd0b\u3010Power Bank Magn\u00e9tico de 10000mAh\u3011Este power bank 10000mAh con pantalla LED admite carga r\u00e1pida PD 22.5W y proporciona energ\u00eda suficiente para cargar un iPhone 15 Pro aproximadamente 2 veces o un Samsung S24 unas 2 veces. Totalmente compatible con iPhone 12\u201317, Samsung Series S\/A\/Z y Google Pixel. Perfecto como bater\u00eda externa inal\u00e1mbrica para m\u00faltiples dispositivos.<br \/>\n&#8211; \ud83d\udee1\u3010Carga Inteligente y Segura\u3011Esta bater\u00eda externa iPhone integra un chip inteligente que protege contra sobrecarga, sobrecorriente, sobretensi\u00f3n, sobrecalentamiento y cortocircuitos. Sus m\u00faltiples m\u00f3dulos de refrigeraci\u00f3n mantienen una temperatura estable para garantizar una carga segura y fiable en todo momento.<br \/>\n&#8211; \ud83d\udc96\u3010Contenido del Paquete\u30111\u00d7 Bater\u00eda Externa Magn\u00e9tica 10000mAh, 2\u00d7 Cables USB-C (1 integrado), Manual de Usuario.<\/p>\n","protected":false},"excerpt":{"rendered":"<p>Power Bank Magn\u00e9tico 10000mAh, Bater\u00eda Externa Inal\u00e1mbrica de 22.5W PD &amp; QC 3.0, Cargador Port\u00e1til USB-C para MagSafe, Powerbank Inal\u00e1mbrico para iPhone 17 16 15 14 13 12 (Negro)<br \/>\n#Publicidad <span class=\"read-more\"><a class=\"more-link btn btn-transparent\" href=\"https:\/\/rockkofertas.com.es\/index.php\/producto\/b0fn44drph\/\">Leer m\u00e1s&#8230;<\/a><\/span><\/p>\n","protected":false},"featured_media":8220,"comment_status":"open","ping_status":"closed","template":"","meta":[],"product_cat":[15],"product_tag":[],"class_list":{"0":"post-8221","1":"product","2":"type-product","3":"status-publish","4":"has-post-thumbnail","6":"product_cat-sin-categorizar","8":"first","9":"instock","10":"shipping-taxable","11":"product-type-external"},"_links":{"self":[{"href":"https:\/\/rockkofertas.com.es\/index.php\/wp-json\/wp\/v2\/product\/8221","targetHints":{"allow":["GET"]}}],"collection":[{"href":"https:\/\/rockkofertas.com.es\/index.php\/wp-json\/wp\/v2\/product"}],"about":[{"href":"https:\/\/rockkofertas.com.es\/index.php\/wp-json\/wp\/v2\/types\/product"}],"replies":[{"embeddable":true,"href":"https:\/\/rockkofertas.com.es\/index.php\/wp-json\/wp\/v2\/comments?post=8221"}],"wp:featuredmedia":[{"embeddable":true,"href":"https:\/\/rockkofertas.com.es\/index.php\/wp-json\/wp\/v2\/media\/8220"}],"wp:attachment":[{"href":"https:\/\/rockkofertas.com.es\/index.php\/wp-json\/wp\/v2\/media?parent=8221"}],"wp:term":[{"taxonomy":"product_cat","embeddable":true,"href":"https:\/\/rockkofertas.com.es\/index.php\/wp-json\/wp\/v2\/product_cat?post=8221"},{"taxonomy":"product_tag","embeddable":true,"href":"https:\/\/rockkofertas.com.es\/index.php\/wp-json\/wp\/v2\/product_tag?post=8221"}],"curies":[{"name":"wp","href":"https:\/\/api.w.org\/{rel}","templated":true}]}}