{"id":8217,"date":"2026-01-03T23:39:35","date_gmt":"2026-01-03T23:39:35","guid":{"rendered":"https:\/\/rockkofertas.com.es\/index.php\/producto\/b0cntfw3zv\/"},"modified":"2026-01-03T23:39:35","modified_gmt":"2026-01-03T23:39:35","slug":"b0cntfw3zv","status":"publish","type":"product","link":"https:\/\/rockkofertas.com.es\/index.php\/producto\/b0cntfw3zv\/","title":{"rendered":"B0CNTFW3ZV"},"content":{"rendered":"<p>&#8211; \ud83d\udcaa COL\u00c1GENO HIDROLIZADO: VITAMINAS PARA CABELLO Y PIEL RETRASA EL ENVEJECIMIENTO \u2013 El col\u00e1geno hidrolizado con \u00e1cido hialur\u00f3nico, con coenzima Q10, vitaminas A, C, B6 , es la combinaci\u00f3n perfecta para nutrir de vitaminas pelo y u\u00f1as, conseguir piel hidratada, huesos fuertes y evitar el desgaste de articulaciones y cart\u00edlagos, retrasando la aparici\u00f3n de arrugas y el envejecimiento. Nuestra formulaci\u00f3n de col\u00e1geno se presenta en comprimidos, aportando as\u00ed una mayor concentraci\u00f3n y pureza al producto. Adem\u00e1s, contiene el magnesio, que contribuye a la s\u00edntesis normal de prote\u00ednas y apoya la salud \u00f3sea y muscular.<br \/>\n&#8211; \ud83d\udc96 CALIDAD SUPERIOR: Este tipo de col\u00e1geno es el m\u00e1s indicado para favorecer la formaci\u00f3n y regeneraci\u00f3n de los tejidos conectivos, como cart\u00edlagos, tendones, ligamentos, huesos, piel y cabello.<br \/>\n&#8211; \ud83c\udf31 ALTA BIODISPONIBILIDAD Y ABSORCI\u00d3N: Esto significa que el organismo puede aprovechar mejor sus beneficios. Esto se debe al proceso de hidr\u00f3lisis, que reduce el tama\u00f1o de las mol\u00e9culas de col\u00e1geno, facilitando su absorci\u00f3n a trav\u00e9s de la pared intestinal.<br \/>\n&#8211; \ud83d\udca7 F\u00d3RMULA AVANZADA CON \u00c1CIDO HIALUR\u00d3NICO Y COL\u00c1GENO HIDROLIZADO PARA LOS HUESOS, ARTICULACIONES Y CART\u00cdLAGOS \u2013 Nuestro col\u00e1geno, ayuda a prevenir el deterioro de cart\u00edlagos, la inflamaci\u00f3n y a mejorar la densidad de los huesos y m\u00fasculos para mantenerlos fuertes. Tambi\u00e9n acelera la recuperaci\u00f3n de lesiones, ayuda a reducir el dolor articular y los dem\u00e1s s\u00edntomas de desgaste. El col\u00e1geno repara, restaura y favorece la formaci\u00f3n de masa muscular.<br \/>\n&#8211; \ud83d\udc8a 120 COMPRIMIDOS DE COL\u00c1GENO DE R\u00c1PIDA ABSORCI\u00d3N \u2013 El col\u00e1geno con \u00e1cido hialur\u00f3nico y coenzima Q10 de r\u00e1pida absorci\u00f3n contribuye al cuidado, hidrataci\u00f3n y elasticidad de la piel. Es perfecto para combatir las l\u00edneas de expresi\u00f3n y arrugas. La vitamina C y A hacen que tu piel se vea m\u00e1s suave, flexible e hidratada. La coenzima Q10, el antioxidante por excelencia, contribuye al correcto funcionamiento de las c\u00e9lulas y retrasa el proceso de envejecimiento.<\/p>\n","protected":false},"excerpt":{"rendered":"<p>Colageno con Magnesio &#8211; Col\u00e1geno Hidrolizado y \u00c1cido Hialur\u00f3nico + Coenzyme Q10 + Vitamina C + Vitamina B6 &#8211; Collagen Venice Nature<br \/>#Publicidad <span class=\"read-more\"><a class=\"more-link btn btn-transparent\" href=\"https:\/\/rockkofertas.com.es\/index.php\/producto\/b0cntfw3zv\/\">Leer m\u00e1s&#8230;<\/a><\/span><\/p>\n","protected":false},"featured_media":8216,"comment_status":"open","ping_status":"closed","template":"","meta":[],"product_cat":[15],"product_tag":[],"class_list":{"0":"post-8217","1":"product","2":"type-product","3":"status-publish","4":"has-post-thumbnail","6":"product_cat-sin-categorizar","8":"first","9":"instock","10":"shipping-taxable","11":"product-type-external"},"_links":{"self":[{"href":"https:\/\/rockkofertas.com.es\/index.php\/wp-json\/wp\/v2\/product\/8217","targetHints":{"allow":["GET"]}}],"collection":[{"href":"https:\/\/rockkofertas.com.es\/index.php\/wp-json\/wp\/v2\/product"}],"about":[{"href":"https:\/\/rockkofertas.com.es\/index.php\/wp-json\/wp\/v2\/types\/product"}],"replies":[{"embeddable":true,"href":"https:\/\/rockkofertas.com.es\/index.php\/wp-json\/wp\/v2\/comments?post=8217"}],"wp:featuredmedia":[{"embeddable":true,"href":"https:\/\/rockkofertas.com.es\/index.php\/wp-json\/wp\/v2\/media\/8216"}],"wp:attachment":[{"href":"https:\/\/rockkofertas.com.es\/index.php\/wp-json\/wp\/v2\/media?parent=8217"}],"wp:term":[{"taxonomy":"product_cat","embeddable":true,"href":"https:\/\/rockkofertas.com.es\/index.php\/wp-json\/wp\/v2\/product_cat?post=8217"},{"taxonomy":"product_tag","embeddable":true,"href":"https:\/\/rockkofertas.com.es\/index.php\/wp-json\/wp\/v2\/product_tag?post=8217"}],"curies":[{"name":"wp","href":"https:\/\/api.w.org\/{rel}","templated":true}]}}