{"id":8215,"date":"2026-01-03T20:00:39","date_gmt":"2026-01-03T20:00:39","guid":{"rendered":"https:\/\/rockkofertas.com.es\/index.php\/producto\/b0fgn9m5xx\/"},"modified":"2026-01-03T20:00:39","modified_gmt":"2026-01-03T20:00:39","slug":"b0fgn9m5xx","status":"publish","type":"product","link":"https:\/\/rockkofertas.com.es\/index.php\/producto\/b0fgn9m5xx\/","title":{"rendered":"B0FGN9M5XX"},"content":{"rendered":"<p>&#8211; DISE\u00d1O ELEGANTE Y CON ESTILO: fabricado en cuero PU, el joyero cuenta con un exquisito asa y herrajes retr\u00e1ctiles. Combina una organizaci\u00f3n elegante con un estilo moderno, mantiene tu mesa ordenada y mejora tu vida diaria con un toque de elegancia.<br \/>\n&#8211; ORGANIZACI\u00d3N DE JOYAS TODO EN UNO: este organizador de joyas est\u00e1 equipado con espacio de almacenamiento, que incluye una almohadilla para relojes, 6 rejillas peque\u00f1as, 5 rejillas grandes, un caj\u00f3n grande, una caja para guardar pendientes y 9 ganchos para collares. Ofrece una forma c\u00f3moda de guardar tus joyas.<br \/>\n&#8211; ALMACENAMIENTO FLEXIBLE Y ADAPTABLE: el joyero cuenta con un almacenamiento giratorio de 270\u00b0. Los compartimentos ocultos debajo de las almohadillas para relojes y la bandeja ajustable proporcionan espacio adicional para los art\u00edculos. Este dise\u00f1o organiza de forma ordenada y muestra con elegancia tus joyas.<br \/>\n&#8211; DISE\u00d1O ESPACIOSO: con tres capas de compartimentos dise\u00f1ados de forma inteligente, este joyero ofrece mucho espacio para guardar todo tipo de joyas. La distribuci\u00f3n garantiza que cada pieza tenga su propio lugar, lo que le facilita encontrar sus joyas.<br \/>\n&#8211; EL REGALO PERFECTO PARA SUS SERES QUERIDOS: este joyero es la elecci\u00f3n ideal para cumplea\u00f1os, Navidad o cualquier ocasi\u00f3n especial. Su combinaci\u00f3n de funcionalidad y elegancia har\u00e1 las delicias de sus amigos y familiares.<\/p>\n","protected":false},"excerpt":{"rendered":"<p>Vlando Joyero grande para mujer con bandeja extensible, organizador de joyas con caj\u00f3n para collares, anillos, pulseras, pendientes, madres y ni\u00f1as, color blanco<br \/>\n#Publicidad <span class=\"read-more\"><a class=\"more-link btn btn-transparent\" href=\"https:\/\/rockkofertas.com.es\/index.php\/producto\/b0fgn9m5xx\/\">Leer m\u00e1s&#8230;<\/a><\/span><\/p>\n","protected":false},"featured_media":8214,"comment_status":"open","ping_status":"closed","template":"","meta":[],"product_cat":[15],"product_tag":[],"class_list":{"0":"post-8215","1":"product","2":"type-product","3":"status-publish","4":"has-post-thumbnail","6":"product_cat-sin-categorizar","8":"first","9":"instock","10":"shipping-taxable","11":"product-type-external"},"_links":{"self":[{"href":"https:\/\/rockkofertas.com.es\/index.php\/wp-json\/wp\/v2\/product\/8215","targetHints":{"allow":["GET"]}}],"collection":[{"href":"https:\/\/rockkofertas.com.es\/index.php\/wp-json\/wp\/v2\/product"}],"about":[{"href":"https:\/\/rockkofertas.com.es\/index.php\/wp-json\/wp\/v2\/types\/product"}],"replies":[{"embeddable":true,"href":"https:\/\/rockkofertas.com.es\/index.php\/wp-json\/wp\/v2\/comments?post=8215"}],"wp:featuredmedia":[{"embeddable":true,"href":"https:\/\/rockkofertas.com.es\/index.php\/wp-json\/wp\/v2\/media\/8214"}],"wp:attachment":[{"href":"https:\/\/rockkofertas.com.es\/index.php\/wp-json\/wp\/v2\/media?parent=8215"}],"wp:term":[{"taxonomy":"product_cat","embeddable":true,"href":"https:\/\/rockkofertas.com.es\/index.php\/wp-json\/wp\/v2\/product_cat?post=8215"},{"taxonomy":"product_tag","embeddable":true,"href":"https:\/\/rockkofertas.com.es\/index.php\/wp-json\/wp\/v2\/product_tag?post=8215"}],"curies":[{"name":"wp","href":"https:\/\/api.w.org\/{rel}","templated":true}]}}