{"id":8213,"date":"2026-01-03T09:35:22","date_gmt":"2026-01-03T09:35:22","guid":{"rendered":"https:\/\/rockkofertas.com.es\/index.php\/producto\/b07t1xlq8t\/"},"modified":"2026-01-03T09:35:22","modified_gmt":"2026-01-03T09:35:22","slug":"b07t1xlq8t","status":"publish","type":"product","link":"https:\/\/rockkofertas.com.es\/index.php\/producto\/b07t1xlq8t\/","title":{"rendered":"B07T1XLQ8T"},"content":{"rendered":"<p>&#8211; DESARROLLA TUS M\u00daSCULOS,ESCULPE TU CUERPO Y RELAJATE: el electroestimulador Compex Fit 5.0 est\u00e1 dise\u00f1ado para los amantes del fitness y el bienestar. Incorpora la tecnolog\u00eda inal\u00e1mbrica Compex para mayor comodidad y facilidad de uso.<br \/>\n&#8211; 30 PROGRAMAS: 14 programas de fitness para esculpir o reafirmar todo el cuerpo, 10 programas antidolor, 4 programas de recuperaci\u00f3n\/masaje y 2 programas de rehabilitaci\u00f3n.<br \/>\n&#8211; TECNOLOG\u00cdA INAL\u00c1MBRICA: Pr\u00e1ctico, Compex Fit 5.0 te permite moverte con total libertad, sin riesgo de enredarte con los cables.<br \/>\n&#8211; LA TECNOLOG\u00cdA MI, \u00daNICA PATENTADA: aprovecha la tecnolog\u00eda MI integrada en cada m\u00f3dulo, que te permite adaptar los par\u00e1metros de estimulaci\u00f3n a tus m\u00fasculos, para una mayor comodidad y eficacia.<br \/>\n&#8211; PANTALLA A COLOR: Todas las colocaciones de electrodos se muestran directamente en la pantalla de Fit 5.0, lo que hace que su uso sea f\u00e1cil y pr\u00e1ctico.<br \/>\n&#8211; INCLUYE TODOS LOS ACCESORIOS NECESARIOS PARA UN R\u00c1PIDO INICIO: bater\u00eda, cargador, 16 electrodos, 4 m\u00f3dulos, 1 cable USB y 1 bolsa de transporte.<br \/>\n&#8211; CIENT\u00cdFICAMENTE PROBADOS: Los electroestimuladores Compex son productos sanitarios que tienen el marcado CE m\u00e9dico. Todas las funciones han sido validadas por estudios cient\u00edficos que demuestran su eficacia.<br \/>\n&#8211; COMPEX, L\u00cdDER MUNDIAL EN ELECTROESTIMULACI\u00d3N: Desde 1986, Compex, marca de origen suizo, utilizada por los fisioterapeutas para la rehabilitaci\u00f3n y el alivio del dolor de sus pacientes, as\u00ed como por los mejores atletas del mundo. Su departamento de Investigaci\u00f3n y Desarrollo sigue teniendo su sede en Suiza.<br \/>\n&#8211; APP COMPEX COACH: Compex Fit 5.0 es compatible con la aplicaci\u00f3n gratuita Compex Coach (disponible en Android y iPhone). Te permite ver todas las colocaciones de electrodos y te gu\u00eda en el uso de tu producto en funci\u00f3n de tus objetivos.<\/p>\n","protected":false},"excerpt":{"rendered":"<p>COMPEX FIT 5.0-4 CANALES<br \/>#Publicidad <span class=\"read-more\"><a class=\"more-link btn btn-transparent\" href=\"https:\/\/rockkofertas.com.es\/index.php\/producto\/b07t1xlq8t\/\">Leer m\u00e1s&#8230;<\/a><\/span><\/p>\n","protected":false},"featured_media":8212,"comment_status":"open","ping_status":"closed","template":"","meta":[],"product_cat":[15],"product_tag":[],"class_list":{"0":"post-8213","1":"product","2":"type-product","3":"status-publish","4":"has-post-thumbnail","6":"product_cat-sin-categorizar","8":"first","9":"instock","10":"shipping-taxable","11":"product-type-external"},"_links":{"self":[{"href":"https:\/\/rockkofertas.com.es\/index.php\/wp-json\/wp\/v2\/product\/8213","targetHints":{"allow":["GET"]}}],"collection":[{"href":"https:\/\/rockkofertas.com.es\/index.php\/wp-json\/wp\/v2\/product"}],"about":[{"href":"https:\/\/rockkofertas.com.es\/index.php\/wp-json\/wp\/v2\/types\/product"}],"replies":[{"embeddable":true,"href":"https:\/\/rockkofertas.com.es\/index.php\/wp-json\/wp\/v2\/comments?post=8213"}],"wp:featuredmedia":[{"embeddable":true,"href":"https:\/\/rockkofertas.com.es\/index.php\/wp-json\/wp\/v2\/media\/8212"}],"wp:attachment":[{"href":"https:\/\/rockkofertas.com.es\/index.php\/wp-json\/wp\/v2\/media?parent=8213"}],"wp:term":[{"taxonomy":"product_cat","embeddable":true,"href":"https:\/\/rockkofertas.com.es\/index.php\/wp-json\/wp\/v2\/product_cat?post=8213"},{"taxonomy":"product_tag","embeddable":true,"href":"https:\/\/rockkofertas.com.es\/index.php\/wp-json\/wp\/v2\/product_tag?post=8213"}],"curies":[{"name":"wp","href":"https:\/\/api.w.org\/{rel}","templated":true}]}}