{"id":8211,"date":"2026-01-03T08:00:44","date_gmt":"2026-01-03T08:00:44","guid":{"rendered":"https:\/\/rockkofertas.com.es\/index.php\/producto\/b09p3bvb23\/"},"modified":"2026-01-03T08:00:44","modified_gmt":"2026-01-03T08:00:44","slug":"b09p3bvb23","status":"publish","type":"product","link":"https:\/\/rockkofertas.com.es\/index.php\/producto\/b09p3bvb23\/","title":{"rendered":"B09P3BVB23"},"content":{"rendered":"<p>&#8211; JUGUETE STEEL CLASSICS DE TONKA: Este cami\u00f3n hormigonera de juguete, parte de la gama de metal fundido Steel Classics de Tonka, est\u00e1 listo para ofrecer horas de entretenimiento con la construcci\u00f3n imaginativa. Carga el tambor del cemento con arena, gravilla y piedras y gira la manivela para mezclarlas.<br \/>\n&#8211; FABRICADO PARA DURAR: Este duradero veh\u00edculo de juguete est\u00e1 dise\u00f1ado para toda la vida, fabricado con acero y pl\u00e1stico resistentes, con manivela giratoria de metal para dar vueltas al tambor del cemento y con neum\u00e1ticos grandes y resistentes capaces de soportar el juego en interiores y exteriores y desarrollar las habilidades motoras finas.<br \/>\n&#8211; JUEGO CREATIVO: Esta hormigonera de juguete de Tonka tiene colores vivos y detalles realistas, adem\u00e1s de una acci\u00f3n de mezcla de cemento realista capaz de soportar la arena y la gravilla de cualquier obra: fant\u00e1stica para el juego independiente y para entretenerse jugando con la imaginaci\u00f3n a juegos de roles.<br \/>\n&#8211; JUGUETE DE CONSTRUCCI\u00d3N COLECCIONABLE: Completa el juego de juguetes de construcci\u00f3n Steel Classics en su totalidad, incluidos el gran cami\u00f3n basculante, la apisonadora y la zanjadora, dise\u00f1ados expresamente para ni\u00f1os y ni\u00f1as de a partir de 3 a\u00f1os, para el juego independiente y cooperativo.<br \/>\n&#8211; UN REGALO IDEAL: Este cami\u00f3n de juguete es el regalo infantil perfecto para los cumplea\u00f1os o la Navidad, al ofrecer horas de diversi\u00f3n a los constructores en ciernes para que se encarguen de su propia obra de construcci\u00f3n y construyan sus propios cimientos adem\u00e1s de ayudarles a mejorar sus habilidades de CTIM.<\/p>\n","protected":false},"excerpt":{"rendered":"<p>Steel Classics Gran hormigonera, Tonka, juguete de construcci\u00f3n., veh\u00edculos de juguete para el juego creativo, desarrollo de las habilidades motrices, regalo para ni\u00f1os y ni\u00f1as partir de 3 a\u00f1os<br \/>\n#Publicidad <span class=\"read-more\"><a class=\"more-link btn btn-transparent\" href=\"https:\/\/rockkofertas.com.es\/index.php\/producto\/b09p3bvb23\/\">Leer m\u00e1s&#8230;<\/a><\/span><\/p>\n","protected":false},"featured_media":8210,"comment_status":"open","ping_status":"closed","template":"","meta":[],"product_cat":[15],"product_tag":[],"class_list":{"0":"post-8211","1":"product","2":"type-product","3":"status-publish","4":"has-post-thumbnail","6":"product_cat-sin-categorizar","8":"first","9":"instock","10":"shipping-taxable","11":"product-type-external"},"_links":{"self":[{"href":"https:\/\/rockkofertas.com.es\/index.php\/wp-json\/wp\/v2\/product\/8211","targetHints":{"allow":["GET"]}}],"collection":[{"href":"https:\/\/rockkofertas.com.es\/index.php\/wp-json\/wp\/v2\/product"}],"about":[{"href":"https:\/\/rockkofertas.com.es\/index.php\/wp-json\/wp\/v2\/types\/product"}],"replies":[{"embeddable":true,"href":"https:\/\/rockkofertas.com.es\/index.php\/wp-json\/wp\/v2\/comments?post=8211"}],"wp:featuredmedia":[{"embeddable":true,"href":"https:\/\/rockkofertas.com.es\/index.php\/wp-json\/wp\/v2\/media\/8210"}],"wp:attachment":[{"href":"https:\/\/rockkofertas.com.es\/index.php\/wp-json\/wp\/v2\/media?parent=8211"}],"wp:term":[{"taxonomy":"product_cat","embeddable":true,"href":"https:\/\/rockkofertas.com.es\/index.php\/wp-json\/wp\/v2\/product_cat?post=8211"},{"taxonomy":"product_tag","embeddable":true,"href":"https:\/\/rockkofertas.com.es\/index.php\/wp-json\/wp\/v2\/product_tag?post=8211"}],"curies":[{"name":"wp","href":"https:\/\/api.w.org\/{rel}","templated":true}]}}