{"id":8209,"date":"2026-01-03T04:00:32","date_gmt":"2026-01-03T04:00:32","guid":{"rendered":"https:\/\/rockkofertas.com.es\/index.php\/producto\/b005jz4kdo\/"},"modified":"2026-01-03T04:00:32","modified_gmt":"2026-01-03T04:00:32","slug":"b005jz4kdo","status":"publish","type":"product","link":"https:\/\/rockkofertas.com.es\/index.php\/producto\/b005jz4kdo\/","title":{"rendered":"B005JZ4KDO"},"content":{"rendered":"<p>&#8211; Tostador 2 en 1 de una ranura larga y horno grill con libro de recetas acabado en negro y cromado con 1300 W con termostato regulable 6 posiciones de tostador y horno con termostato de 0 a 210 C y bot\u00f3n de parada<br \/>\n&#8211; Funci\u00f3n tostador una ranura larga de 38 cm, bandeja recogemigas y apagado autom\u00e1tico<br \/>\n&#8211; Funci\u00f3n horno termostato regulable hasta 220C para la funci\u00f3n horno, temporizador 10 min sin precalentamiento, ahorro de energ\u00eda, termostato regulable hasta 210 C; no precisa de precalentamiento para grill horno temorizador 10 min<br \/>\n&#8211; Tostador para calentar r\u00e1pidamente todo tipo de pan y horno adecuado para aperitivos galletas y mucho m\u00e1s prepara a la vez tu desayuno y la comida<br \/>\n&#8211; Horno sin precalentamiento la funci\u00f3n mini horno no necesita precalentamiento, lo que te permitir\u00e1 poder cocinar cualquier plato al horno de manera my r\u00e1pida<br \/>\n&#8211; Ahorro de energ\u00eda hasta un 75 % de ahorro de energ\u00eda comparado con un horno tradicional; carcasa exterior fr\u00eda para evitar quemaduras<br \/>\n&#8211; Tiene lugar en cualquier cocina gracias a su dise\u00f1o compacto y moderno; dimensiones del producto 43.5 x 28.5 x 22.5 cm<\/p>\n","protected":false},"excerpt":{"rendered":"<p>Tefal Tostadora y minihorno 2 en 1 de acero inoxidable negro, Ranura larga, con tapa, Calentamiento de cuarzo, 6 niveles, Temperatura del grill hasta 210\u00b0C, Bandeja recogemigas extra\u00edble, TL6008<br \/>\n#Publicidad <span class=\"read-more\"><a class=\"more-link btn btn-transparent\" href=\"https:\/\/rockkofertas.com.es\/index.php\/producto\/b005jz4kdo\/\">Leer m\u00e1s&#8230;<\/a><\/span><\/p>\n","protected":false},"featured_media":8208,"comment_status":"open","ping_status":"closed","template":"","meta":[],"product_cat":[15],"product_tag":[],"class_list":{"0":"post-8209","1":"product","2":"type-product","3":"status-publish","4":"has-post-thumbnail","6":"product_cat-sin-categorizar","8":"first","9":"instock","10":"shipping-taxable","11":"product-type-external"},"_links":{"self":[{"href":"https:\/\/rockkofertas.com.es\/index.php\/wp-json\/wp\/v2\/product\/8209","targetHints":{"allow":["GET"]}}],"collection":[{"href":"https:\/\/rockkofertas.com.es\/index.php\/wp-json\/wp\/v2\/product"}],"about":[{"href":"https:\/\/rockkofertas.com.es\/index.php\/wp-json\/wp\/v2\/types\/product"}],"replies":[{"embeddable":true,"href":"https:\/\/rockkofertas.com.es\/index.php\/wp-json\/wp\/v2\/comments?post=8209"}],"wp:featuredmedia":[{"embeddable":true,"href":"https:\/\/rockkofertas.com.es\/index.php\/wp-json\/wp\/v2\/media\/8208"}],"wp:attachment":[{"href":"https:\/\/rockkofertas.com.es\/index.php\/wp-json\/wp\/v2\/media?parent=8209"}],"wp:term":[{"taxonomy":"product_cat","embeddable":true,"href":"https:\/\/rockkofertas.com.es\/index.php\/wp-json\/wp\/v2\/product_cat?post=8209"},{"taxonomy":"product_tag","embeddable":true,"href":"https:\/\/rockkofertas.com.es\/index.php\/wp-json\/wp\/v2\/product_tag?post=8209"}],"curies":[{"name":"wp","href":"https:\/\/api.w.org\/{rel}","templated":true}]}}