{"id":8207,"date":"2026-01-02T20:00:41","date_gmt":"2026-01-02T20:00:41","guid":{"rendered":"https:\/\/rockkofertas.com.es\/index.php\/producto\/b0dsybgcld\/"},"modified":"2026-01-02T20:00:41","modified_gmt":"2026-01-02T20:00:41","slug":"b0dsybgcld","status":"publish","type":"product","link":"https:\/\/rockkofertas.com.es\/index.php\/producto\/b0dsybgcld\/","title":{"rendered":"B0DSYBGCLD"},"content":{"rendered":"<p>&#8211; IC\u00d3NICO Y ATEMPORAL: La camiseta original de Calvin Klein tiene un dise\u00f1o depurado y convence por su look deportivo. El logotipo de Calvin Klein en el pecho y en la espalda completa el look de esta camiseta.<br \/>\n&#8211; AJUSTE PERFECTO: Este top minimalista de corte normal se adapta perfectamente a tu figura y ofrece una libertad de movimiento \u00f3ptima. Gracias a su material de alta calidad, es muy agradable al tacto y resulta muy c\u00f3modo de llevar.<br \/>\n&#8211; PARA CUALQUIER OCASI\u00d3N: La camiseta b\u00e1sica de algod\u00f3n es superc\u00f3moda e ideal para el d\u00eda a d\u00eda o la oficina. La puedes llevar sola o debajo de un jersey, es la elecci\u00f3n ideal para cualquier ocasi\u00f3n.<br \/>\n&#8211; MATERIAL Y CUIDADO: Camiseta de algod\u00f3n 100 %. Se puede lavar a m\u00e1quina.<br \/>\n&#8211; EMOCIONANTE Y CLARO: La marca de moda Calvin Klein, fundada en 1968, es conocida por su singular look y lleva conquistando el mundo de la moda desde entonces. La marca americana apuesta por una est\u00e9tica minimalista.<\/p>\n","protected":false},"excerpt":{"rendered":"<p>Calvin Klein Camiseta de Manga Corta Hombre Badge Jersey Classic tee de algod\u00f3n, Azul (Smoke Blue), L<br \/>\n#Publicidad <span class=\"read-more\"><a class=\"more-link btn btn-transparent\" href=\"https:\/\/rockkofertas.com.es\/index.php\/producto\/b0dsybgcld\/\">Leer m\u00e1s&#8230;<\/a><\/span><\/p>\n","protected":false},"featured_media":8206,"comment_status":"open","ping_status":"closed","template":"","meta":[],"product_cat":[15],"product_tag":[],"class_list":{"0":"post-8207","1":"product","2":"type-product","3":"status-publish","4":"has-post-thumbnail","6":"product_cat-sin-categorizar","8":"first","9":"instock","10":"shipping-taxable","11":"product-type-external"},"_links":{"self":[{"href":"https:\/\/rockkofertas.com.es\/index.php\/wp-json\/wp\/v2\/product\/8207","targetHints":{"allow":["GET"]}}],"collection":[{"href":"https:\/\/rockkofertas.com.es\/index.php\/wp-json\/wp\/v2\/product"}],"about":[{"href":"https:\/\/rockkofertas.com.es\/index.php\/wp-json\/wp\/v2\/types\/product"}],"replies":[{"embeddable":true,"href":"https:\/\/rockkofertas.com.es\/index.php\/wp-json\/wp\/v2\/comments?post=8207"}],"wp:featuredmedia":[{"embeddable":true,"href":"https:\/\/rockkofertas.com.es\/index.php\/wp-json\/wp\/v2\/media\/8206"}],"wp:attachment":[{"href":"https:\/\/rockkofertas.com.es\/index.php\/wp-json\/wp\/v2\/media?parent=8207"}],"wp:term":[{"taxonomy":"product_cat","embeddable":true,"href":"https:\/\/rockkofertas.com.es\/index.php\/wp-json\/wp\/v2\/product_cat?post=8207"},{"taxonomy":"product_tag","embeddable":true,"href":"https:\/\/rockkofertas.com.es\/index.php\/wp-json\/wp\/v2\/product_tag?post=8207"}],"curies":[{"name":"wp","href":"https:\/\/api.w.org\/{rel}","templated":true}]}}