{"id":8205,"date":"2026-01-02T12:00:45","date_gmt":"2026-01-02T12:00:45","guid":{"rendered":"https:\/\/rockkofertas.com.es\/index.php\/producto\/b0862x688v\/"},"modified":"2026-01-02T12:00:45","modified_gmt":"2026-01-02T12:00:45","slug":"b0862x688v","status":"publish","type":"product","link":"https:\/\/rockkofertas.com.es\/index.php\/producto\/b0862x688v\/","title":{"rendered":"B0862X688V"},"content":{"rendered":"<p>&#8211; CARACTER\u00cdSTICAS &#8211; Tama\u00f1o perfecto para la habitaci\u00f3n, la oficina o el estudio. La mesa tiene una altura de 74 cm, con un largo (fondo) de 45 cm, y un ancho (de lado a lado) de 90 cm. El peso es de 7,8 kg y est\u00e1 hecho de madera aglomerada y cubierta de melamina y metal. Color: Encimera gris y estructura negra.<br \/>\n&#8211; ESTABLE &#8211; Fabricado con materiales de calidad y durabilidad. Al ser una superficie no porosa le resultar\u00e1 muy sencillo limpiar la encimera, basta con un pa\u00f1o h\u00famedo. Las patas son de hierro lo que aportar\u00e1 gran estabilidad a la mesa en la que podr\u00e1 colocar el ordenador, impresora, teclado, pantallas, plantas o elementos decorativos<br \/>\n&#8211; MULTIFUNCIONAL &#8211; La mesa es id\u00f3nea para el estudio o el trabajo desde casa, pero tambi\u00e9n la podr\u00e1 colocar en el pasillo, sal\u00f3n, o habitaci\u00f3n. Es muy compacta por lo que no ocupa mucho espacio, id\u00f3nea para trabajar desde casa. F\u00e1cil de plegar, lo puede hacer una sola persona no necesitar\u00e1s ayuda<br \/>\n&#8211; ESTILO INDUSTRIAL &#8211; El concepto industrial de este escritorio se adapta a cualquier decorado y estilo de hogar, por lo que le dar\u00e1 un toque contempor\u00e1neo a cualquier despacho, habitaci\u00f3n de estudio o sal\u00f3n. El contraste entre el color de la encimera y las patas de metal aportar\u00e1n la personalidad que buscas incorporar a cualquier estancia; Encaja en ambientes de \u00faltima tendencia; aporta un car\u00e1cter y personalidad \u00fanicos<br \/>\n&#8211; MONTAJE &#8211; No necesita montaje. Tan solo debera desplegar las patas y colocar la encimera en la parte superior. Le resultar\u00e1 muy sencillo guardarla<\/p>\n","protected":false},"excerpt":{"rendered":"<p>Versa Jack Escritorio Plegable para el Ordenador, Mesa para la Habitaci\u00f3n o Estudio. Mesa Gaming, Medidas (Al x L x An) 74 x 45 x 90 cm, Madera y Metal, Color Gris<br \/>\n#Publicidad <span class=\"read-more\"><a class=\"more-link btn btn-transparent\" href=\"https:\/\/rockkofertas.com.es\/index.php\/producto\/b0862x688v\/\">Leer m\u00e1s&#8230;<\/a><\/span><\/p>\n","protected":false},"featured_media":8204,"comment_status":"open","ping_status":"closed","template":"","meta":[],"product_cat":[15],"product_tag":[],"class_list":{"0":"post-8205","1":"product","2":"type-product","3":"status-publish","4":"has-post-thumbnail","6":"product_cat-sin-categorizar","8":"first","9":"instock","10":"shipping-taxable","11":"product-type-external"},"_links":{"self":[{"href":"https:\/\/rockkofertas.com.es\/index.php\/wp-json\/wp\/v2\/product\/8205","targetHints":{"allow":["GET"]}}],"collection":[{"href":"https:\/\/rockkofertas.com.es\/index.php\/wp-json\/wp\/v2\/product"}],"about":[{"href":"https:\/\/rockkofertas.com.es\/index.php\/wp-json\/wp\/v2\/types\/product"}],"replies":[{"embeddable":true,"href":"https:\/\/rockkofertas.com.es\/index.php\/wp-json\/wp\/v2\/comments?post=8205"}],"wp:featuredmedia":[{"embeddable":true,"href":"https:\/\/rockkofertas.com.es\/index.php\/wp-json\/wp\/v2\/media\/8204"}],"wp:attachment":[{"href":"https:\/\/rockkofertas.com.es\/index.php\/wp-json\/wp\/v2\/media?parent=8205"}],"wp:term":[{"taxonomy":"product_cat","embeddable":true,"href":"https:\/\/rockkofertas.com.es\/index.php\/wp-json\/wp\/v2\/product_cat?post=8205"},{"taxonomy":"product_tag","embeddable":true,"href":"https:\/\/rockkofertas.com.es\/index.php\/wp-json\/wp\/v2\/product_tag?post=8205"}],"curies":[{"name":"wp","href":"https:\/\/api.w.org\/{rel}","templated":true}]}}