{"id":8203,"date":"2026-01-02T00:00:38","date_gmt":"2026-01-02T00:00:38","guid":{"rendered":"https:\/\/rockkofertas.com.es\/index.php\/producto\/b0bsr4vxvn\/"},"modified":"2026-01-02T00:00:38","modified_gmt":"2026-01-02T00:00:38","slug":"b0bsr4vxvn","status":"publish","type":"product","link":"https:\/\/rockkofertas.com.es\/index.php\/producto\/b0bsr4vxvn\/","title":{"rendered":"B0BSR4VXVN"},"content":{"rendered":"<p>&#8211; PINTAR POR NUMEROS ADULTOS : Sum\u00e9rgete en una experiencia relajante y creativa de pintar por numeros con el kit pintar por numeros para adultos de CreArt. Descubre la terapia art\u00edstica mientras creas hermosas obras maestras mediante pintar por numeros.<br \/>\n&#8211; INCLUYE KIT PINTAR POR NUMEROS COMPLETO : Nuestro completo kit pintar por numeros incluye lienzos para pintar por numeros preimpresos de alta calidad, un kit pintar con pinturas acr\u00edlicas de primera categor\u00eda, pinceles y todo lo necesario para pintar por numeros adultos.<br \/>\n&#8211; CUADROS PARA PINTAR POR NUMEROS : Los lienzos para pintar por numeros preimpresos de alta calidad dan una base duradera para tus creaciones art\u00edsticas de pintar con numeros. Cada trazo cobra vida a tus cuadros de pintar por numeros.<br \/>\n&#8211; RELAJAR TU MENTE Y PINTAR : Pintar con numeros adultos es m\u00e1s que una actividad art\u00edstica; es una forma de liberar la creatividad interior y desconectar del estr\u00e9s diario. Este kit pintar por numeros CreArt ofrece una v\u00eda para explorar tu lado m\u00e1s art\u00edstico.<br \/>\n&#8211; PINTAR POR NUMEROS ADULTOS CON MARCO : Una vez hayas finalizado tu cuadro puedes poner el marco que m\u00e1s te guste y decorar tu casa. Con el distintivo dise\u00f1o de la marca CreArt, este kit pintar por numeros es un buen regalo para pintar por numeros ni\u00f1os o adultos.<\/p>\n","protected":false},"excerpt":{"rendered":"<p>Ravensburger &#8211; Creart Serie B Art Collection: Monet, Los Nen\u00fafares | Manualidades Adultos | Pintar por Numeros Adultos Relajante | Cuadros por Numeros Art Collection 40x30cm<br \/>\n#Publicidad <span class=\"read-more\"><a class=\"more-link btn btn-transparent\" href=\"https:\/\/rockkofertas.com.es\/index.php\/producto\/b0bsr4vxvn\/\">Leer m\u00e1s&#8230;<\/a><\/span><\/p>\n","protected":false},"featured_media":8202,"comment_status":"open","ping_status":"closed","template":"","meta":[],"product_cat":[15],"product_tag":[],"class_list":{"0":"post-8203","1":"product","2":"type-product","3":"status-publish","4":"has-post-thumbnail","6":"product_cat-sin-categorizar","8":"first","9":"instock","10":"shipping-taxable","11":"product-type-external"},"_links":{"self":[{"href":"https:\/\/rockkofertas.com.es\/index.php\/wp-json\/wp\/v2\/product\/8203","targetHints":{"allow":["GET"]}}],"collection":[{"href":"https:\/\/rockkofertas.com.es\/index.php\/wp-json\/wp\/v2\/product"}],"about":[{"href":"https:\/\/rockkofertas.com.es\/index.php\/wp-json\/wp\/v2\/types\/product"}],"replies":[{"embeddable":true,"href":"https:\/\/rockkofertas.com.es\/index.php\/wp-json\/wp\/v2\/comments?post=8203"}],"wp:featuredmedia":[{"embeddable":true,"href":"https:\/\/rockkofertas.com.es\/index.php\/wp-json\/wp\/v2\/media\/8202"}],"wp:attachment":[{"href":"https:\/\/rockkofertas.com.es\/index.php\/wp-json\/wp\/v2\/media?parent=8203"}],"wp:term":[{"taxonomy":"product_cat","embeddable":true,"href":"https:\/\/rockkofertas.com.es\/index.php\/wp-json\/wp\/v2\/product_cat?post=8203"},{"taxonomy":"product_tag","embeddable":true,"href":"https:\/\/rockkofertas.com.es\/index.php\/wp-json\/wp\/v2\/product_tag?post=8203"}],"curies":[{"name":"wp","href":"https:\/\/api.w.org\/{rel}","templated":true}]}}