{"id":8201,"date":"2026-01-01T20:00:35","date_gmt":"2026-01-01T20:00:35","guid":{"rendered":"https:\/\/rockkofertas.com.es\/index.php\/producto\/b0cx1wxp8m\/"},"modified":"2026-01-01T20:00:35","modified_gmt":"2026-01-01T20:00:35","slug":"b0cx1wxp8m","status":"publish","type":"product","link":"https:\/\/rockkofertas.com.es\/index.php\/producto\/b0cx1wxp8m\/","title":{"rendered":"B0CX1WXP8M"},"content":{"rendered":"<p>&#8211; PRESENTAMOS EL ULT FIELD 1: el altavoz m\u00e1s peque\u00f1o y port\u00e1til de la gama ULT POWER SOUND.<br \/>\n&#8211; SUENA ALTO Y PESA POCO: ULT FIELD 1 ofrece un potente sonido con unos impresionantes graves y un detalle excepcional, incluso a m\u00e1ximo volumen. Todo ello con un dise\u00f1o muy compacto e incre\u00edblemente peque\u00f1o.<br \/>\n&#8211; PULSA EL BOT\u00d3N, SIENTE LOS GRAVES: descubre su verdadero potencial pulsando el bot\u00f3n ULT. Los graves se potencian mucho m\u00e1s, mientras que la presi\u00f3n sonora se incrementa para producir un potente sonido atractivo y en\u00e9rgico.<br \/>\n&#8211; EN CUALQUIER SITIO CON CUALQUIER TIEMPO: con una calificaci\u00f3n IP67, este altavoz port\u00e1til es resistente al agua, resistente al polvo y est\u00e1 listo para cualquier situaci\u00f3n.<br \/>\n&#8211; PROTEGIDO FRENTE A LO IMPREVISTO: el ULT FIELD 1 tambi\u00e9n es resistente a los golpes, se dise\u00f1\u00f3 para resistir los habituales golpes y rozaduras que se producen con el uso diario.<\/p>\n","protected":false},"excerpt":{"rendered":"<p>Sony ULT Field 1 Altavoz inal\u00e1mbrico Bluetooth port\u00e1til con ULT Power Sound, Ultimate Deep Bass, IP67, Resistente a los Golpes, 12H de bater\u00eda, Llamadas n\u00edtidas, Negro<br \/>\n#Publicidad <span class=\"read-more\"><a class=\"more-link btn btn-transparent\" href=\"https:\/\/rockkofertas.com.es\/index.php\/producto\/b0cx1wxp8m\/\">Leer m\u00e1s&#8230;<\/a><\/span><\/p>\n","protected":false},"featured_media":8200,"comment_status":"open","ping_status":"closed","template":"","meta":[],"product_cat":[15],"product_tag":[],"class_list":{"0":"post-8201","1":"product","2":"type-product","3":"status-publish","4":"has-post-thumbnail","6":"product_cat-sin-categorizar","8":"first","9":"instock","10":"shipping-taxable","11":"product-type-external"},"_links":{"self":[{"href":"https:\/\/rockkofertas.com.es\/index.php\/wp-json\/wp\/v2\/product\/8201","targetHints":{"allow":["GET"]}}],"collection":[{"href":"https:\/\/rockkofertas.com.es\/index.php\/wp-json\/wp\/v2\/product"}],"about":[{"href":"https:\/\/rockkofertas.com.es\/index.php\/wp-json\/wp\/v2\/types\/product"}],"replies":[{"embeddable":true,"href":"https:\/\/rockkofertas.com.es\/index.php\/wp-json\/wp\/v2\/comments?post=8201"}],"wp:featuredmedia":[{"embeddable":true,"href":"https:\/\/rockkofertas.com.es\/index.php\/wp-json\/wp\/v2\/media\/8200"}],"wp:attachment":[{"href":"https:\/\/rockkofertas.com.es\/index.php\/wp-json\/wp\/v2\/media?parent=8201"}],"wp:term":[{"taxonomy":"product_cat","embeddable":true,"href":"https:\/\/rockkofertas.com.es\/index.php\/wp-json\/wp\/v2\/product_cat?post=8201"},{"taxonomy":"product_tag","embeddable":true,"href":"https:\/\/rockkofertas.com.es\/index.php\/wp-json\/wp\/v2\/product_tag?post=8201"}],"curies":[{"name":"wp","href":"https:\/\/api.w.org\/{rel}","templated":true}]}}