{"id":8195,"date":"2026-01-01T08:01:06","date_gmt":"2026-01-01T08:01:06","guid":{"rendered":"https:\/\/rockkofertas.com.es\/index.php\/producto\/b07wp61f2h\/"},"modified":"2026-01-01T08:01:06","modified_gmt":"2026-01-01T08:01:06","slug":"b07wp61f2h","status":"publish","type":"product","link":"https:\/\/rockkofertas.com.es\/index.php\/producto\/b07wp61f2h\/","title":{"rendered":"B07WP61F2H"},"content":{"rendered":"<p>&#8211; \ud83c\udf3c Jab\u00f3n fabricado en Espa\u00f1a UNICAMENTE a base de aceite de oliva organico , glicerina pura y sosa tradicional. El jab\u00f3n puro de Castilla neutro sin perfume es uno de los productos m\u00e1s incre\u00edbles que puedes tener. Por sus propiedades, por sus beneficios y por su infinidad de usos.<br \/>\n&#8211; \ud83c\udf3c M\u00e1s de 18 usos distintos y realizado con ingredientes 100% naturales y org\u00e1nicos. Como Gel de ducha, champu sin sulfatos, jabones naturales, Jabon Facial puntos negros, limpiador facial, limpiador de poros, limpiador facial profesional. Jabon desinfectante manos, acne granos mujer, hombre, ni\u00f1os.<br \/>\n&#8211; 100 % Natural \ud83c\udf3c Ecologico y Vegano \ud83c\udf3c Producto de comercio justo \ud83c\udf3c Apto y seguro para pieles sensibles (incluso beb\u00e9s) \ud83c\udf3c Sin parabenos, qu\u00edmicos ni siliconas \ud83c\udf3c Respetuoso con el medioambiente \ud83c\udf3c No ha sido testado en animales. Gel ducha Antibacteriano.<br \/>\n&#8211; \ud83c\udf40 Jabon manos. Jab\u00f3n liquido (dispensador jabon cocina), jabon lavadora, sin ingredientes agresivos o detergentes, es 100% natural y no contiene grasa animal. 0% Parabens, Silicones, Mineral Oils, SLS, Animal Ingredients, Perfumes Colorante. Se utiliza para las Plantas (con aceite de neem, en lugar de jab\u00f3n pot\u00e1sico).<br \/>\n&#8211; \u2733\ufe0f Gel de ba\u00f1o (para dispensador jabon pared). Uno de los mayores beneficios del nuestro autentico jab\u00f3n de Castilla es que por usar aceites vegetales ( 80 % de la composici\u00f3n del jab\u00f3n es aceite de oliva) es biodegradable, no da\u00f1a el ambiente y adem\u00e1s es un producto vegano. Se pueden a\u00f1adir aceites esenciales naturales o esencias para jabones.<\/p>\n","protected":false},"excerpt":{"rendered":"<p>O\u00efl\u00e9na El aut\u00e9ntico Jab\u00f3n de Castilla Ecol\u00f3gico, con Aceite de Oliva, Limpiador Manos, Corporal, Pelo, Gel limpiador Facial, Cocina, Ropa, Coche, 2000 ml<br \/>\n#Publicidad <span class=\"read-more\"><a class=\"more-link btn btn-transparent\" href=\"https:\/\/rockkofertas.com.es\/index.php\/producto\/b07wp61f2h\/\">Leer m\u00e1s&#8230;<\/a><\/span><\/p>\n","protected":false},"featured_media":8194,"comment_status":"open","ping_status":"closed","template":"","meta":[],"product_cat":[15],"product_tag":[],"class_list":{"0":"post-8195","1":"product","2":"type-product","3":"status-publish","4":"has-post-thumbnail","6":"product_cat-sin-categorizar","8":"first","9":"instock","10":"shipping-taxable","11":"product-type-external"},"_links":{"self":[{"href":"https:\/\/rockkofertas.com.es\/index.php\/wp-json\/wp\/v2\/product\/8195","targetHints":{"allow":["GET"]}}],"collection":[{"href":"https:\/\/rockkofertas.com.es\/index.php\/wp-json\/wp\/v2\/product"}],"about":[{"href":"https:\/\/rockkofertas.com.es\/index.php\/wp-json\/wp\/v2\/types\/product"}],"replies":[{"embeddable":true,"href":"https:\/\/rockkofertas.com.es\/index.php\/wp-json\/wp\/v2\/comments?post=8195"}],"wp:featuredmedia":[{"embeddable":true,"href":"https:\/\/rockkofertas.com.es\/index.php\/wp-json\/wp\/v2\/media\/8194"}],"wp:attachment":[{"href":"https:\/\/rockkofertas.com.es\/index.php\/wp-json\/wp\/v2\/media?parent=8195"}],"wp:term":[{"taxonomy":"product_cat","embeddable":true,"href":"https:\/\/rockkofertas.com.es\/index.php\/wp-json\/wp\/v2\/product_cat?post=8195"},{"taxonomy":"product_tag","embeddable":true,"href":"https:\/\/rockkofertas.com.es\/index.php\/wp-json\/wp\/v2\/product_tag?post=8195"}],"curies":[{"name":"wp","href":"https:\/\/api.w.org\/{rel}","templated":true}]}}