{"id":8191,"date":"2026-01-01T00:00:38","date_gmt":"2026-01-01T00:00:38","guid":{"rendered":"https:\/\/rockkofertas.com.es\/index.php\/producto\/b0fkt4gbxm\/"},"modified":"2026-01-01T00:00:38","modified_gmt":"2026-01-01T00:00:38","slug":"b0fkt4gbxm","status":"publish","type":"product","link":"https:\/\/rockkofertas.com.es\/index.php\/producto\/b0fkt4gbxm\/","title":{"rendered":"B0FKT4GBXM"},"content":{"rendered":"<p>&#8211; La Power Caps 20 es la cafetera de c\u00e1psulas ideal para los amantes del caf\u00e9 que buscan calidad y comodidad. Compatible con c\u00e1psulas de Nespresso, ofrece una amplia gama de sabores para disfrutar con un simple bot\u00f3n de encendido\/apagado. Su dep\u00f3sito de agua de 700ml, asegura m\u00faltiples usos sin necesidad de recargas constantes.<br \/>\n&#8211; Personaliza tu experiencia con opciones para tazas peque\u00f1as o grandes, y simplifica la limpieza con su dep\u00f3sito de agua y bandeja recogegotas extra\u00edbles.<br \/>\n&#8211; Dep\u00f3sito con capacidad de hasta 10 c\u00e1psulas, minimiza interrupciones.<br \/>\n&#8211; Los dos ajustes de altura permiten el uso de cualquier tama\u00f1o de taza, mientras que la funci\u00f3n de ahorro de energ\u00eda a los 9 minutos cuida tu factura el\u00e9ctrica y el medio ambiente.<br \/>\n&#8211; Los pies de silicona antideslizantes garantizan estabilidad, y su potente motor de 1400W con 20 bares de presi\u00f3n asegura un caf\u00e9 con calidad de barista, perfecto en cada taza.<\/p>\n","protected":false},"excerpt":{"rendered":"<p>Cecotec Cafetera de C\u00e1psula Power Caps 20. 1400W, 20Bares, Thermoblock, Compatible C\u00e1psulas Nespresso, Dep\u00f3sito Agua 700ml, Autoapagado, Altura Regulable, Filtro Desmontable, 2 Modos, Antideslizante<br \/>\n#Publicidad <span class=\"read-more\"><a class=\"more-link btn btn-transparent\" href=\"https:\/\/rockkofertas.com.es\/index.php\/producto\/b0fkt4gbxm\/\">Leer m\u00e1s&#8230;<\/a><\/span><\/p>\n","protected":false},"featured_media":8190,"comment_status":"open","ping_status":"closed","template":"","meta":[],"product_cat":[15],"product_tag":[],"class_list":{"0":"post-8191","1":"product","2":"type-product","3":"status-publish","4":"has-post-thumbnail","6":"product_cat-sin-categorizar","8":"first","9":"instock","10":"shipping-taxable","11":"product-type-external"},"_links":{"self":[{"href":"https:\/\/rockkofertas.com.es\/index.php\/wp-json\/wp\/v2\/product\/8191","targetHints":{"allow":["GET"]}}],"collection":[{"href":"https:\/\/rockkofertas.com.es\/index.php\/wp-json\/wp\/v2\/product"}],"about":[{"href":"https:\/\/rockkofertas.com.es\/index.php\/wp-json\/wp\/v2\/types\/product"}],"replies":[{"embeddable":true,"href":"https:\/\/rockkofertas.com.es\/index.php\/wp-json\/wp\/v2\/comments?post=8191"}],"wp:featuredmedia":[{"embeddable":true,"href":"https:\/\/rockkofertas.com.es\/index.php\/wp-json\/wp\/v2\/media\/8190"}],"wp:attachment":[{"href":"https:\/\/rockkofertas.com.es\/index.php\/wp-json\/wp\/v2\/media?parent=8191"}],"wp:term":[{"taxonomy":"product_cat","embeddable":true,"href":"https:\/\/rockkofertas.com.es\/index.php\/wp-json\/wp\/v2\/product_cat?post=8191"},{"taxonomy":"product_tag","embeddable":true,"href":"https:\/\/rockkofertas.com.es\/index.php\/wp-json\/wp\/v2\/product_tag?post=8191"}],"curies":[{"name":"wp","href":"https:\/\/api.w.org\/{rel}","templated":true}]}}