{"id":8189,"date":"2025-12-31T20:00:46","date_gmt":"2025-12-31T20:00:46","guid":{"rendered":"https:\/\/rockkofertas.com.es\/index.php\/producto\/b0fp52k4j1\/"},"modified":"2025-12-31T20:00:46","modified_gmt":"2025-12-31T20:00:46","slug":"b0fp52k4j1","status":"publish","type":"product","link":"https:\/\/rockkofertas.com.es\/index.php\/producto\/b0fp52k4j1\/","title":{"rendered":"B0FP52K4J1"},"content":{"rendered":"<p>&#8211; \u26a1\u301050KPA \/ 600W Succi\u00f3n Potente | Modo Autom\u00e1tico\u3011 Aspiradora sin cable potente con un motor sin escobillas de 600W, que proporciona una succi\u00f3n potente de hasta 50KPa, ideal para alfombras, suelos de madera y baldosas. El modo autom\u00e1tico detecta el tipo de suelo y ajusta la potencia de succi\u00f3n, logrando una limpieza profunda mientras protege el piso.<br \/>\n&#8211; \ud83d\udd0b \u301065 Minutos de Autonom\u00eda | Bater\u00eda Extra\u00edble\u3011 Aspiradora sin cable mano INTETURE cuenta con 8 bater\u00edas de alta capacidad mejoradas, que permiten hasta 65 minutos de uso continuo en modo ECO, ideal para limpiar toda la casa (aprox. 40 minutos en modo est\u00e1ndar, 15 minutos en modo potente). La bater\u00eda es extra\u00edble y el soporte de carga permite recargarla completamente en solo 4 horas, ofreciendo mayor flexibilidad y comodidad.<br \/>\n&#8211; \ud83d\udee0\ufe0f \u3010Accesorios Multifuncionales | Cepillo Adicional\u3011 La aspiradora vertical inal\u00e1mbrica incluye un cepillo adicional para limpiar colchones, ropa de cama y sof\u00e1s, mejorando la higiene del hogar y ofreciendo un descanso m\u00e1s saludable. Adem\u00e1s, viene con un cepillo 2 en 1, un cepillo para sof\u00e1 y un tubo extensible, que pueden combinarse de forma flexible para limpiar el hogar y el coche.Se puede colocar de pie cuando no se usa, facilitando el almacenamiento y manteniendo cada rinc\u00f3n limpio.<br \/>\n&#8211; \u2728\u3010Cepillo Anti-enredos | Luz LED Verde\u3011 El cepillo anti-enredos mejorado maneja f\u00e1cilmente pelos humanos y de mascotas, evitando atascos y garantizando una limpieza fluida y eficiente. La luz LED verde ilumina claramente las hendiduras del sof\u00e1, debajo de la cama y otros rincones dif\u00edciles, permitiendo eliminar cada mota de polvo y logrando una limpieza m\u00e1s completa y c\u00f3moda.<br \/>\n&#8211; \ud83d\udee1\ufe0f\u3010Sistema de Filtraci\u00f3n Eficiente | Fragancia Integrada\u3011 Esta aspiradora inal\u00e1mbrica utiliza un sistema de filtraci\u00f3n de ocho capas con un filtro HEPA lavable, capaz de capturar el 99,99% del polvo, polen y al\u00e9rgenos para un entorno m\u00e1s saludable. Incorpora una c\u00e1psula de fragancia que libera un suave aroma tipo colonia durante la limpieza, dejando el aire de tu hogar fresco y agradable.<br \/>\n&#8211; \ud83e\udd1d \u3010Atenci\u00f3n al Cliente Premium\u3011 En INTETURE, la satisfacci\u00f3n del cliente es nuestra prioridad. Ofrecemos soporte t\u00e9cnico integral y servicio postventa profesional para la aspiradora vertical sin cable INTETURE BP50. Ya sea instalaci\u00f3n, mantenimiento o reemplazo de accesorios, respondemos r\u00e1pidamente para garantizar una experiencia de compra sin preocupaciones.<\/p>\n","protected":false},"excerpt":{"rendered":"<p>600W\/50KPA Aspiradora sin Cable, 65 Mins Autonom\u00eda Aspirador Escoba Vertical con Colchones, Pantalla T\u00e1ctil, Carga en Pared, Cabezal Antienredo con LED, Adecuado Suelos\/Sof\u00e1s\/Mascotas<br \/>\n#Publicidad <span class=\"read-more\"><a class=\"more-link btn btn-transparent\" href=\"https:\/\/rockkofertas.com.es\/index.php\/producto\/b0fp52k4j1\/\">Leer m\u00e1s&#8230;<\/a><\/span><\/p>\n","protected":false},"featured_media":8188,"comment_status":"open","ping_status":"closed","template":"","meta":[],"product_cat":[15],"product_tag":[],"class_list":{"0":"post-8189","1":"product","2":"type-product","3":"status-publish","4":"has-post-thumbnail","6":"product_cat-sin-categorizar","8":"first","9":"instock","10":"shipping-taxable","11":"product-type-external"},"_links":{"self":[{"href":"https:\/\/rockkofertas.com.es\/index.php\/wp-json\/wp\/v2\/product\/8189","targetHints":{"allow":["GET"]}}],"collection":[{"href":"https:\/\/rockkofertas.com.es\/index.php\/wp-json\/wp\/v2\/product"}],"about":[{"href":"https:\/\/rockkofertas.com.es\/index.php\/wp-json\/wp\/v2\/types\/product"}],"replies":[{"embeddable":true,"href":"https:\/\/rockkofertas.com.es\/index.php\/wp-json\/wp\/v2\/comments?post=8189"}],"wp:featuredmedia":[{"embeddable":true,"href":"https:\/\/rockkofertas.com.es\/index.php\/wp-json\/wp\/v2\/media\/8188"}],"wp:attachment":[{"href":"https:\/\/rockkofertas.com.es\/index.php\/wp-json\/wp\/v2\/media?parent=8189"}],"wp:term":[{"taxonomy":"product_cat","embeddable":true,"href":"https:\/\/rockkofertas.com.es\/index.php\/wp-json\/wp\/v2\/product_cat?post=8189"},{"taxonomy":"product_tag","embeddable":true,"href":"https:\/\/rockkofertas.com.es\/index.php\/wp-json\/wp\/v2\/product_tag?post=8189"}],"curies":[{"name":"wp","href":"https:\/\/api.w.org\/{rel}","templated":true}]}}