{"id":8187,"date":"2025-12-31T16:00:43","date_gmt":"2025-12-31T16:00:43","guid":{"rendered":"https:\/\/rockkofertas.com.es\/index.php\/producto\/b0c1t6vtpq\/"},"modified":"2025-12-31T16:00:43","modified_gmt":"2025-12-31T16:00:43","slug":"b0c1t6vtpq","status":"publish","type":"product","link":"https:\/\/rockkofertas.com.es\/index.php\/producto\/b0c1t6vtpq\/","title":{"rendered":"B0C1T6VTPQ"},"content":{"rendered":"<p>&#8211; IC\u00d3NICO Y ATEMPORAL: El bolso tote original de Tommy Hilfiger destaca por su dise\u00f1o atemporal y su corte cl\u00e1sico. De este elegante bolso llama la atenci\u00f3n el emblema del monograma TH.<br \/>\n&#8211; PR\u00c1CTICO Y ELEGANTE: Gracias a su tama\u00f1o perfecto, este bolso es superpopular. Adem\u00e1s, dispone de un compartimento principal con cremallera que permite guardar tus objetos personales de manera segura.<br \/>\n&#8211; PARA CUALQUIER OCASI\u00d3N: Este pr\u00e1ctico bolso de dise\u00f1o minimalista combina a la perfecci\u00f3n con cualquier estilo. Gracias a su aspecto depurado y elegante, el bolso tote lo puedes usar en tu tiempo de ocio, para la universidad o la oficina.<br \/>\n&#8211; MATERIAL Y DIMENSIONES: Bolso tote confeccionado con 90 % nailon, 5 % poli\u00e9ster y 5 % poliuretano. Dimensiones del bolso 29 x 15 x 22 cm.<br \/>\n&#8211; CALIDAD DEMOSTRADA: Desde 1985, esta marca de dise\u00f1ador lleva demostrando por todo el mundo la calidad y la ligereza mediante una gran variedad de dise\u00f1os en los m\u00edticos colores azul oscuro, blanco y rojo.<\/p>\n","protected":false},"excerpt":{"rendered":"<p>Tommy Hilfiger Bolso Tote Mujer Poppy Small Tote Peque\u00f1o, Negro (Black), Talla \u00danica<br \/>\n#Publicidad <span class=\"read-more\"><a class=\"more-link btn btn-transparent\" href=\"https:\/\/rockkofertas.com.es\/index.php\/producto\/b0c1t6vtpq\/\">Leer m\u00e1s&#8230;<\/a><\/span><\/p>\n","protected":false},"featured_media":8186,"comment_status":"open","ping_status":"closed","template":"","meta":[],"product_cat":[15],"product_tag":[],"class_list":{"0":"post-8187","1":"product","2":"type-product","3":"status-publish","4":"has-post-thumbnail","6":"product_cat-sin-categorizar","8":"first","9":"instock","10":"shipping-taxable","11":"product-type-external"},"_links":{"self":[{"href":"https:\/\/rockkofertas.com.es\/index.php\/wp-json\/wp\/v2\/product\/8187","targetHints":{"allow":["GET"]}}],"collection":[{"href":"https:\/\/rockkofertas.com.es\/index.php\/wp-json\/wp\/v2\/product"}],"about":[{"href":"https:\/\/rockkofertas.com.es\/index.php\/wp-json\/wp\/v2\/types\/product"}],"replies":[{"embeddable":true,"href":"https:\/\/rockkofertas.com.es\/index.php\/wp-json\/wp\/v2\/comments?post=8187"}],"wp:featuredmedia":[{"embeddable":true,"href":"https:\/\/rockkofertas.com.es\/index.php\/wp-json\/wp\/v2\/media\/8186"}],"wp:attachment":[{"href":"https:\/\/rockkofertas.com.es\/index.php\/wp-json\/wp\/v2\/media?parent=8187"}],"wp:term":[{"taxonomy":"product_cat","embeddable":true,"href":"https:\/\/rockkofertas.com.es\/index.php\/wp-json\/wp\/v2\/product_cat?post=8187"},{"taxonomy":"product_tag","embeddable":true,"href":"https:\/\/rockkofertas.com.es\/index.php\/wp-json\/wp\/v2\/product_tag?post=8187"}],"curies":[{"name":"wp","href":"https:\/\/api.w.org\/{rel}","templated":true}]}}