{"id":8185,"date":"2025-12-31T12:00:48","date_gmt":"2025-12-31T12:00:48","guid":{"rendered":"https:\/\/rockkofertas.com.es\/index.php\/producto\/b005lr68du\/"},"modified":"2025-12-31T12:00:48","modified_gmt":"2025-12-31T12:00:48","slug":"b005lr68du","status":"publish","type":"product","link":"https:\/\/rockkofertas.com.es\/index.php\/producto\/b005lr68du\/","title":{"rendered":"B005LR68DU"},"content":{"rendered":"<p>&#8211; El cuchillo de filetear de la serie Riviera de 250 mm est\u00e1 especialmente dise\u00f1ado para cortar jam\u00f3n y otras piezas grandes de carne. Exclusivo de Arcos, este es un cuchillo dise\u00f1ado para especialistas en cocina. Este cuchillo de carne es una herramienta con una excelente fuerza de corte. Su borde suave facilitar\u00e1 el corte de lonchas de embutidos. Adem\u00e1s, es esencial para los trabajadores del sector carnicero.<br \/>\n&#8211; PRECISI\u00d3N Y DURABILIDAD: Este cuchillo para jam\u00f3n est\u00e1 hecho utilizando una t\u00e9cnica patentada de acero inoxidable por Arcos llamada Nitrum, que proporciona una mayor durabilidad, dureza y corte de alta precisi\u00f3n. Los cuchillos de la serie Riviera se caracterizan por la virola redondeada de estilo franc\u00e9s y por su refuerzo, que proporciona seguridad y estilo.<br \/>\n&#8211; SEGURIDAD Y DISE\u00d1O: El mango est\u00e1 hecho de polioximetileno (POM), por lo que es altamente resistente a los detergentes y a las temperaturas extremas. Puede ser limpiado con productos qu\u00edmicos y es apto para el lavavajillas. Por \u00faltimo, este cuchillo para jam\u00f3n est\u00e1 hecho con remaches de acero inoxidable para garantizar un mejor agarre.<br \/>\n&#8211; DIMENSIONES: Este cuchillo para rebanar \/ jam\u00f3n mide 374 mm de longitud y pesa 234 gramos. Tama\u00f1o de la hoja: 250 mm | 10 pulgadas, lo que lo convierte en una excelente herramienta para todas sus necesidades de corte en la cocina.<br \/>\n&#8211; ARCOS: Un negocio familiar con una herencia de artesan\u00eda que se remonta a 1734. Casi tres siglos de investigaci\u00f3n y mejora continua de nuestros productos hacen de Arcos un referente internacional en el sector de la cuberter\u00eda. Desde Albacete, Espa\u00f1a, producimos 11,000,000 cuchillos cada a\u00f1o que combinan conocimiento, dise\u00f1o e innovaci\u00f3n para lograr los m\u00e1s altos est\u00e1ndares de calidad. Distribuimos nuestras piezas \u00fanicas en m\u00e1s de 70 pa\u00edses de todo el mundo.<\/p>\n","protected":false},"excerpt":{"rendered":"<p>Arcos Cuchillo Jamonero con Alveolos. Hoja 250 mm. Utilizado para cortar o tallar varios tipos alimentos con precisi\u00f3n y facilidad. Serie Riviera. Color negro.<br \/>\n#Publicidad <span class=\"read-more\"><a class=\"more-link btn btn-transparent\" href=\"https:\/\/rockkofertas.com.es\/index.php\/producto\/b005lr68du\/\">Leer m\u00e1s&#8230;<\/a><\/span><\/p>\n","protected":false},"featured_media":8184,"comment_status":"open","ping_status":"closed","template":"","meta":[],"product_cat":[15],"product_tag":[],"class_list":{"0":"post-8185","1":"product","2":"type-product","3":"status-publish","4":"has-post-thumbnail","6":"product_cat-sin-categorizar","8":"first","9":"instock","10":"shipping-taxable","11":"product-type-external"},"_links":{"self":[{"href":"https:\/\/rockkofertas.com.es\/index.php\/wp-json\/wp\/v2\/product\/8185","targetHints":{"allow":["GET"]}}],"collection":[{"href":"https:\/\/rockkofertas.com.es\/index.php\/wp-json\/wp\/v2\/product"}],"about":[{"href":"https:\/\/rockkofertas.com.es\/index.php\/wp-json\/wp\/v2\/types\/product"}],"replies":[{"embeddable":true,"href":"https:\/\/rockkofertas.com.es\/index.php\/wp-json\/wp\/v2\/comments?post=8185"}],"wp:featuredmedia":[{"embeddable":true,"href":"https:\/\/rockkofertas.com.es\/index.php\/wp-json\/wp\/v2\/media\/8184"}],"wp:attachment":[{"href":"https:\/\/rockkofertas.com.es\/index.php\/wp-json\/wp\/v2\/media?parent=8185"}],"wp:term":[{"taxonomy":"product_cat","embeddable":true,"href":"https:\/\/rockkofertas.com.es\/index.php\/wp-json\/wp\/v2\/product_cat?post=8185"},{"taxonomy":"product_tag","embeddable":true,"href":"https:\/\/rockkofertas.com.es\/index.php\/wp-json\/wp\/v2\/product_tag?post=8185"}],"curies":[{"name":"wp","href":"https:\/\/api.w.org\/{rel}","templated":true}]}}