{"id":8183,"date":"2025-12-31T08:00:40","date_gmt":"2025-12-31T08:00:40","guid":{"rendered":"https:\/\/rockkofertas.com.es\/index.php\/producto\/b099njcw3l\/"},"modified":"2025-12-31T08:00:40","modified_gmt":"2025-12-31T08:00:40","slug":"b099njcw3l","status":"publish","type":"product","link":"https:\/\/rockkofertas.com.es\/index.php\/producto\/b099njcw3l\/","title":{"rendered":"B099NJCW3L"},"content":{"rendered":"<p>&#8211; Cepillo dental el\u00e9ctrico para adultos que proporciona un cuidado bucal efectivo: elimina hasta 3 veces m\u00e1s de placa en la l\u00ednea de las enc\u00edas\u00b9 con el cabezal de cepillado ProResults C1<br \/>\n&#8211; Proporciona una limpieza suave pero eficaz gracias a su avanzada tecnolog\u00eda s\u00f3nica, que hace que el agua circule entre los dientes y a lo largo de la l\u00ednea de las enc\u00edas, con una potencia de limpieza de 62 000 movimientos de cerdas por minuto<br \/>\n&#8211; Seguro y suave: si aplicas demasiada presi\u00f3n, el mango vibrar\u00e1 ligeramente para que disminuyas la presi\u00f3n y, as\u00ed, proteger tus dientes y enc\u00edas<br \/>\n&#8211; Optimiza el cepillado: EasyStart realiza un aumento gradual y suave de la potencia de cepillado, SmarTimer te informa cuando alcanzas los 2 minutos de cepillado y QuadPacer te ayuda a seguir las recomendaciones de cepillado<br \/>\n&#8211; La marca de cepillos dentales s\u00f3nicos m\u00e1s recomendada por profesionales dentales de todo el mundo\u00b2: aprovecha la experiencia de Philips para mantener tus dientes y enc\u00edas en perfecto estado<br \/>\n&#8211; El set incluye: 1 cepillo dental el\u00e9ctrico s\u00f3nico 3100, 1 cabezal de cepillado ProResults C1, 1 cargador, 1 estuche de viaje<\/p>\n","protected":false},"excerpt":{"rendered":"<p>Philips Sonicare 3100, cepillo dental el\u00e9ctrico, s\u00f3nico, sensor de presi\u00f3n y temporizador, estuche de viaje, rosa chicle, modelo HX3673\/11, Rosa<br \/>\n#Publicidad <span class=\"read-more\"><a class=\"more-link btn btn-transparent\" href=\"https:\/\/rockkofertas.com.es\/index.php\/producto\/b099njcw3l\/\">Leer m\u00e1s&#8230;<\/a><\/span><\/p>\n","protected":false},"featured_media":8182,"comment_status":"open","ping_status":"closed","template":"","meta":[],"product_cat":[15],"product_tag":[],"class_list":{"0":"post-8183","1":"product","2":"type-product","3":"status-publish","4":"has-post-thumbnail","6":"product_cat-sin-categorizar","8":"first","9":"instock","10":"shipping-taxable","11":"product-type-external"},"_links":{"self":[{"href":"https:\/\/rockkofertas.com.es\/index.php\/wp-json\/wp\/v2\/product\/8183","targetHints":{"allow":["GET"]}}],"collection":[{"href":"https:\/\/rockkofertas.com.es\/index.php\/wp-json\/wp\/v2\/product"}],"about":[{"href":"https:\/\/rockkofertas.com.es\/index.php\/wp-json\/wp\/v2\/types\/product"}],"replies":[{"embeddable":true,"href":"https:\/\/rockkofertas.com.es\/index.php\/wp-json\/wp\/v2\/comments?post=8183"}],"wp:featuredmedia":[{"embeddable":true,"href":"https:\/\/rockkofertas.com.es\/index.php\/wp-json\/wp\/v2\/media\/8182"}],"wp:attachment":[{"href":"https:\/\/rockkofertas.com.es\/index.php\/wp-json\/wp\/v2\/media?parent=8183"}],"wp:term":[{"taxonomy":"product_cat","embeddable":true,"href":"https:\/\/rockkofertas.com.es\/index.php\/wp-json\/wp\/v2\/product_cat?post=8183"},{"taxonomy":"product_tag","embeddable":true,"href":"https:\/\/rockkofertas.com.es\/index.php\/wp-json\/wp\/v2\/product_tag?post=8183"}],"curies":[{"name":"wp","href":"https:\/\/api.w.org\/{rel}","templated":true}]}}