{"id":8181,"date":"2025-12-31T00:00:44","date_gmt":"2025-12-31T00:00:44","guid":{"rendered":"https:\/\/rockkofertas.com.es\/index.php\/producto\/b00zuudt5s\/"},"modified":"2025-12-31T00:00:44","modified_gmt":"2025-12-31T00:00:44","slug":"b00zuudt5s","status":"publish","type":"product","link":"https:\/\/rockkofertas.com.es\/index.php\/producto\/b00zuudt5s\/","title":{"rendered":"B00ZUUDT5S"},"content":{"rendered":"<p>&#8211; CALOR DURADERO: El aceite calentado dentro del radiador conserva la temperatura y ofrece un calor duradero; incluso despu\u00e9s de apagar la unidad, el aceite caliente sigue liberando calor<br \/>\n&#8211; TECNOLOG\u00cdA REAL ENERGY: Maximiza la eficiencia aumentando el calor de forma progresiva hasta alcanzar la temperatura deseada, logrando un calentamiento del hogar m\u00e1s r\u00e1pido y econ\u00f3mico<br \/>\n&#8211; CALOR SILENCIOSO: Disfruta de una calefacci\u00f3n silenciosa que distribuye un calor uniforme por la habitaci\u00f3n, garantizando confort sin ruido ni distracciones<br \/>\n&#8211; AJUSTES INTUITIVOS: El bot\u00f3n de este radiador el\u00e9ctrico permite configurar f\u00e1cilmente el calor deseado en la habitaci\u00f3n, ofreciendo control total sobre la temperatura y los niveles de potencia<br \/>\n&#8211; F\u00c1CIL DE MOVER: Gracias a las ruedas giratorias de 360\u00b0 y a las pr\u00e1cticas asas delanteras y traseras, este radiador es extremadamente f\u00e1cil de mover de una habitaci\u00f3n a otra, proporcionando calor donde lo necesites<\/p>\n","protected":false},"excerpt":{"rendered":"<p>De&#8217;Longhi Radia S \u2013 Radiador de Aceite para Estancias de Hasta 45 m\u00b3, Calefactor El\u00e9ctrico con Termostato de Seguridad, 7 Aletas, Funci\u00f3n Antiheladas, Port\u00e1til, 1500W, Blanco (TRRS0715)<br \/>\n#Publicidad <span class=\"read-more\"><a class=\"more-link btn btn-transparent\" href=\"https:\/\/rockkofertas.com.es\/index.php\/producto\/b00zuudt5s\/\">Leer m\u00e1s&#8230;<\/a><\/span><\/p>\n","protected":false},"featured_media":8180,"comment_status":"open","ping_status":"closed","template":"","meta":[],"product_cat":[15],"product_tag":[],"class_list":{"0":"post-8181","1":"product","2":"type-product","3":"status-publish","4":"has-post-thumbnail","6":"product_cat-sin-categorizar","8":"first","9":"instock","10":"shipping-taxable","11":"product-type-external"},"_links":{"self":[{"href":"https:\/\/rockkofertas.com.es\/index.php\/wp-json\/wp\/v2\/product\/8181","targetHints":{"allow":["GET"]}}],"collection":[{"href":"https:\/\/rockkofertas.com.es\/index.php\/wp-json\/wp\/v2\/product"}],"about":[{"href":"https:\/\/rockkofertas.com.es\/index.php\/wp-json\/wp\/v2\/types\/product"}],"replies":[{"embeddable":true,"href":"https:\/\/rockkofertas.com.es\/index.php\/wp-json\/wp\/v2\/comments?post=8181"}],"wp:featuredmedia":[{"embeddable":true,"href":"https:\/\/rockkofertas.com.es\/index.php\/wp-json\/wp\/v2\/media\/8180"}],"wp:attachment":[{"href":"https:\/\/rockkofertas.com.es\/index.php\/wp-json\/wp\/v2\/media?parent=8181"}],"wp:term":[{"taxonomy":"product_cat","embeddable":true,"href":"https:\/\/rockkofertas.com.es\/index.php\/wp-json\/wp\/v2\/product_cat?post=8181"},{"taxonomy":"product_tag","embeddable":true,"href":"https:\/\/rockkofertas.com.es\/index.php\/wp-json\/wp\/v2\/product_tag?post=8181"}],"curies":[{"name":"wp","href":"https:\/\/api.w.org\/{rel}","templated":true}]}}