{"id":8173,"date":"2025-12-30T16:00:42","date_gmt":"2025-12-30T16:00:42","guid":{"rendered":"https:\/\/rockkofertas.com.es\/index.php\/producto\/b0bglq155g-2\/"},"modified":"2025-12-30T16:00:42","modified_gmt":"2025-12-30T16:00:42","slug":"b0bglq155g-2","status":"publish","type":"product","link":"https:\/\/rockkofertas.com.es\/index.php\/producto\/b0bglq155g-2\/","title":{"rendered":"B0BGLQ155G"},"content":{"rendered":"<p>&#8211; MATERIAL: Mantel de tela resinado (impermeable) para mesa rectangular 100% algod\u00f3n resinado antimanchas. Mantel con dos tratamientos de resina totalmente repelente a cualquier l\u00edquido, lo que hace que el mantel rectangular no se quede completamente r\u00edgido.<br \/>\n&#8211; COMPOSICI\u00d3N: Mantel antimanchas fabricado con algod\u00f3n 100% org\u00e1nico, estampado mediante pigmentaci\u00f3n digital lo que consigue un -42% de consumo de agua, un -48% de consumo de Gas un -38% de consumo de electricidad con lo que evitamos un -47% de emisiones de CO2 respecto a otras t\u00e9cnicas de estampado menos respetuosas con el medio ambiente.<br \/>\n&#8211; USO INTERIOR Y EXTERIOR: El Mantel de mesa se limpia f\u00e1cilmente con una bayeta h\u00fameda gracias al acabado del tejido resinado y queda listo para el siguiente uso. Al ser un mantel impermeable podemos usarlo para el exterior.<br \/>\n&#8211; MEDIDAS: Los Manteles antimanchas est\u00e1n disponibles en varias medidas, pensado en todo tipo de mesa, manteles para mesas rectangulares, manteles mesas cuadradas y mantel ovalado para mesas.<br \/>\n&#8211; FABRICADO EN ESPA\u00d1A: Los manteles para mesa los Fabricamos y confeccionamos \u00edntegramente en Espa\u00f1a. Desde la estampaci\u00f3n sostenible de alta definici\u00f3n hasta la confecci\u00f3n y empaquetado. Nuestra empresa cuenta con el Premio Nacional Alares 2018 y el Premio Nacional a Empresa Flexible gracias a la conciliaci\u00f3n de la vida personal y la vida profesional.<\/p>\n","protected":false},"excerpt":{"rendered":"<p>BELUM | Mantel Navidad 300&#215;140 cm 100% algod\u00f3n resinado Antimanchas (Tacto no plastificado) Modelo Merry Christmas 82<br \/>\n#Publicidad <span class=\"read-more\"><a class=\"more-link btn btn-transparent\" href=\"https:\/\/rockkofertas.com.es\/index.php\/producto\/b0bglq155g-2\/\">Leer m\u00e1s&#8230;<\/a><\/span><\/p>\n","protected":false},"featured_media":8172,"comment_status":"open","ping_status":"closed","template":"","meta":[],"product_cat":[15],"product_tag":[],"class_list":{"0":"post-8173","1":"product","2":"type-product","3":"status-publish","4":"has-post-thumbnail","6":"product_cat-sin-categorizar","8":"first","9":"instock","10":"shipping-taxable","11":"product-type-external"},"_links":{"self":[{"href":"https:\/\/rockkofertas.com.es\/index.php\/wp-json\/wp\/v2\/product\/8173","targetHints":{"allow":["GET"]}}],"collection":[{"href":"https:\/\/rockkofertas.com.es\/index.php\/wp-json\/wp\/v2\/product"}],"about":[{"href":"https:\/\/rockkofertas.com.es\/index.php\/wp-json\/wp\/v2\/types\/product"}],"replies":[{"embeddable":true,"href":"https:\/\/rockkofertas.com.es\/index.php\/wp-json\/wp\/v2\/comments?post=8173"}],"wp:featuredmedia":[{"embeddable":true,"href":"https:\/\/rockkofertas.com.es\/index.php\/wp-json\/wp\/v2\/media\/8172"}],"wp:attachment":[{"href":"https:\/\/rockkofertas.com.es\/index.php\/wp-json\/wp\/v2\/media?parent=8173"}],"wp:term":[{"taxonomy":"product_cat","embeddable":true,"href":"https:\/\/rockkofertas.com.es\/index.php\/wp-json\/wp\/v2\/product_cat?post=8173"},{"taxonomy":"product_tag","embeddable":true,"href":"https:\/\/rockkofertas.com.es\/index.php\/wp-json\/wp\/v2\/product_tag?post=8173"}],"curies":[{"name":"wp","href":"https:\/\/api.w.org\/{rel}","templated":true}]}}