{"id":8171,"date":"2025-12-30T15:59:09","date_gmt":"2025-12-30T15:59:09","guid":{"rendered":"https:\/\/rockkofertas.com.es\/index.php\/producto\/b0d3strrym-4\/"},"modified":"2025-12-30T15:59:09","modified_gmt":"2025-12-30T15:59:09","slug":"b0d3strrym-4","status":"publish","type":"product","link":"https:\/\/rockkofertas.com.es\/index.php\/producto\/b0d3strrym-4\/","title":{"rendered":"B0D3STRRYM"},"content":{"rendered":"<p>&#8211; \ud83e\uddf3 \u3010Pantalla Profesional de 15,6&#8243; Mejorada\u3011 Este monitor port\u00e1til KEFEYA, con marco de aluminio resistente y elegante, ofrece un rendimiento excepcional. Cuenta con una cobertura del 120% sRGB para reproducir fielmente 16,7 millones de colores. Resoluci\u00f3n Full HD (1920&#215;1080), brillo de 300 nits y contraste 1000:1 garantizan im\u00e1genes con colores vibrantes y detalles n\u00edtidos para trabajo profesional.<br \/>\n&#8211; \ud83d\udd06 \u3010Nueva Configuraci\u00f3n Modular Revolucionaria\u3011: El pantalla portatil incluye dos pantallas de 15,6&#8243; desmontables. Con rotaci\u00f3n de 0-235\u00b0 y plegado de 90\u00b0, permite m\u00e1s de diez modos (horizontal\/vertical). \u00dasalas juntas o por separado. El sistema es ligero, port\u00e1til e incluye funda de transporte. Configura la disposici\u00f3n de pantalla libremente en cualquier lugar para viajes de negocios, oficina m\u00f3vil o creatividad.<br \/>\n&#8211; \u26a1\u3010Compatibilidad con M\u00faltiples Dispositivos\u3011: Laptop screen extender Funcionalidad plug-and-play con puertos HDMI\/USB-C\/Tipo C, compatible con los sistemas Windows, macOS, Chrome, Dex, Xbox y PS5. Apto para port\u00e1tiles de todos los tama\u00f1os. (Nota: los modelos MacBook con chips M1\/M2\/M3 requieren una estaci\u00f3n de acoplamiento o nuestro concentrador personalizado H5-T). Si necesita ayuda, p\u00f3ngase en contacto con nuestro equipo de atenci\u00f3n al cliente, disponible las 24 horas del d\u00eda en l\u00ednea.<br \/>\n&#8211; \ud83d\udcbb\u3010Alta Eficiencia de Trabajo\u3011: portable monitor su dise\u00f1o magn\u00e9tico desmontable, ligero y con soporte met\u00e1lico, este monitor port\u00e1til es ideal para la oficina m\u00f3vil. Con pantalla IPS de amplio \u00e1ngulo y tres modos (extender, duplicar, reflejar), establece flujos de trabajo multipantalla. Aumenta la eficiencia en programaci\u00f3n, trading y multitareas hasta un 300%. Incluye tecnolog\u00eda de protecci\u00f3n ocular con baja luz azul y ajustes independientes para una experiencia personalizada, ya sea de movilidad o en escenarios profesionales intensivos.<br \/>\n&#8211; \ud83c\udf81\u3010Servicio al Cliente\u3011: KEFEYA monitor para portatil incluye garant\u00eda de 1 a\u00f1o y soporte t\u00e9cnico 24\/7. Debido a limitaciones propias de algunos ordenadores port\u00e1tiles, pueden surgir problemas de compatibilidad como Sin se\u00f1al, Modo ahorro de energ\u00eda o pantalla negra. Cont\u00e1ctenos inmediatamente &#8211; le brindaremos una soluci\u00f3n en menos de 24 horas.<\/p>\n","protected":false},"excerpt":{"rendered":"<p>KEFEYA 15.6\u201d Monitor Portatil 120% sRGB FHD 1080P Pantalla Portatil com HDMI\/Type-C\/USB Plug &amp; Play para Mac Windows Chrome Android Compatible Todos Tama\u00f1os Laptops<br \/>#Publicidad <span class=\"read-more\"><a class=\"more-link btn btn-transparent\" href=\"https:\/\/rockkofertas.com.es\/index.php\/producto\/b0d3strrym-4\/\">Leer m\u00e1s&#8230;<\/a><\/span><\/p>\n","protected":false},"featured_media":8170,"comment_status":"open","ping_status":"closed","template":"","meta":[],"product_cat":[15],"product_tag":[],"class_list":{"0":"post-8171","1":"product","2":"type-product","3":"status-publish","4":"has-post-thumbnail","6":"product_cat-sin-categorizar","8":"first","9":"instock","10":"shipping-taxable","11":"product-type-external"},"_links":{"self":[{"href":"https:\/\/rockkofertas.com.es\/index.php\/wp-json\/wp\/v2\/product\/8171","targetHints":{"allow":["GET"]}}],"collection":[{"href":"https:\/\/rockkofertas.com.es\/index.php\/wp-json\/wp\/v2\/product"}],"about":[{"href":"https:\/\/rockkofertas.com.es\/index.php\/wp-json\/wp\/v2\/types\/product"}],"replies":[{"embeddable":true,"href":"https:\/\/rockkofertas.com.es\/index.php\/wp-json\/wp\/v2\/comments?post=8171"}],"wp:featuredmedia":[{"embeddable":true,"href":"https:\/\/rockkofertas.com.es\/index.php\/wp-json\/wp\/v2\/media\/8170"}],"wp:attachment":[{"href":"https:\/\/rockkofertas.com.es\/index.php\/wp-json\/wp\/v2\/media?parent=8171"}],"wp:term":[{"taxonomy":"product_cat","embeddable":true,"href":"https:\/\/rockkofertas.com.es\/index.php\/wp-json\/wp\/v2\/product_cat?post=8171"},{"taxonomy":"product_tag","embeddable":true,"href":"https:\/\/rockkofertas.com.es\/index.php\/wp-json\/wp\/v2\/product_tag?post=8171"}],"curies":[{"name":"wp","href":"https:\/\/api.w.org\/{rel}","templated":true}]}}