{"id":8169,"date":"2025-12-30T13:30:57","date_gmt":"2025-12-30T13:30:57","guid":{"rendered":"https:\/\/rockkofertas.com.es\/index.php\/producto\/b0b45pcgpd\/"},"modified":"2025-12-30T13:30:57","modified_gmt":"2025-12-30T13:30:57","slug":"b0b45pcgpd","status":"publish","type":"product","link":"https:\/\/rockkofertas.com.es\/index.php\/producto\/b0b45pcgpd\/","title":{"rendered":"B0B45PCGPD"},"content":{"rendered":"<p>&#8211; Mejora la Fuerza de los Dedos: El barefoot zapatos dise\u00f1o de cinco dedos proporciona suficiente espacio para que cada dedo se mueva de forma independiente, aumentando la fuerza y flexibilidad de los dedos mientras fomenta una postura de caminar y correr m\u00e1s natural y saludable.<br \/>\n&#8211; Promueve una Marcha Natural: La zapatillas minimalistas suela sin ca\u00edda fomenta el contacto con la parte delantera o toda la planta del pie, imitando la experiencia de caminar descalzo, permitiendo que todo el pie est\u00e9 plano sobre el suelo, adapt\u00e1ndose a la curvatura del pie, fortaleciendo los m\u00fasculos del pie y la pantorrilla, y dispersando eficazmente la fuerza de impacto.<br \/>\n&#8211; C\u00f3modo y Transpirable: El barefoot shoes dise\u00f1o de cinco dedos utiliza materiales ligeros y transpirables, proporcionando una excelente circulaci\u00f3n de aire, reduciendo la acumulaci\u00f3n de calor y humedad, y manteniendo los pies secos y c\u00f3modos.<br \/>\n&#8211; Plantilla Reemplazable: La barefoot zapatillas plantilla est\u00e1 hecha de un material suave, proporcionando amortiguaci\u00f3n y comodidad adicional. Su dise\u00f1o desmontable permite una limpieza f\u00e1cil y la posibilidad de cambiarla seg\u00fan las necesidades y h\u00e1bitos de uso.<br \/>\n&#8211; Flexible y Port\u00e1til: Los zapatos se pueden plegar 360\u00b0 para facilitar su transporte y almacenamiento. Ya sea para viajar, hacer ejercicio o el uso diario, se pueden guardar f\u00e1cilmente en una mochila o bolso de mano.<\/p>\n","protected":false},"excerpt":{"rendered":"<p>SAGUARO Zapatillas Barefoot Hombre Mujer Zapatillas Minimalistas Zapatos Barefoot Calzado Minimalistas Zapatillas de Trail Running Barefoot Shoes para Zero Drop Suela Rosa Salm\u00f3n,Gr.41<br \/>#Publicidad <span class=\"read-more\"><a class=\"more-link btn btn-transparent\" href=\"https:\/\/rockkofertas.com.es\/index.php\/producto\/b0b45pcgpd\/\">Leer m\u00e1s&#8230;<\/a><\/span><\/p>\n","protected":false},"featured_media":8168,"comment_status":"open","ping_status":"closed","template":"","meta":[],"product_cat":[15],"product_tag":[],"class_list":{"0":"post-8169","1":"product","2":"type-product","3":"status-publish","4":"has-post-thumbnail","6":"product_cat-sin-categorizar","8":"first","9":"instock","10":"shipping-taxable","11":"product-type-external"},"_links":{"self":[{"href":"https:\/\/rockkofertas.com.es\/index.php\/wp-json\/wp\/v2\/product\/8169","targetHints":{"allow":["GET"]}}],"collection":[{"href":"https:\/\/rockkofertas.com.es\/index.php\/wp-json\/wp\/v2\/product"}],"about":[{"href":"https:\/\/rockkofertas.com.es\/index.php\/wp-json\/wp\/v2\/types\/product"}],"replies":[{"embeddable":true,"href":"https:\/\/rockkofertas.com.es\/index.php\/wp-json\/wp\/v2\/comments?post=8169"}],"wp:featuredmedia":[{"embeddable":true,"href":"https:\/\/rockkofertas.com.es\/index.php\/wp-json\/wp\/v2\/media\/8168"}],"wp:attachment":[{"href":"https:\/\/rockkofertas.com.es\/index.php\/wp-json\/wp\/v2\/media?parent=8169"}],"wp:term":[{"taxonomy":"product_cat","embeddable":true,"href":"https:\/\/rockkofertas.com.es\/index.php\/wp-json\/wp\/v2\/product_cat?post=8169"},{"taxonomy":"product_tag","embeddable":true,"href":"https:\/\/rockkofertas.com.es\/index.php\/wp-json\/wp\/v2\/product_tag?post=8169"}],"curies":[{"name":"wp","href":"https:\/\/api.w.org\/{rel}","templated":true}]}}