{"id":8165,"date":"2025-12-30T12:00:45","date_gmt":"2025-12-30T12:00:45","guid":{"rendered":"https:\/\/rockkofertas.com.es\/index.php\/producto\/b0d9p282p2\/"},"modified":"2025-12-30T12:00:45","modified_gmt":"2025-12-30T12:00:45","slug":"b0d9p282p2","status":"publish","type":"product","link":"https:\/\/rockkofertas.com.es\/index.php\/producto\/b0d9p282p2\/","title":{"rendered":"B0D9P282P2"},"content":{"rendered":"<p>&#8211; El sonido de la supervivencia: no te pierdas ni un solo detalle y c\u00e9ntrate en juego gracias a los auriculares JBL Quantum 100N con micr\u00f3fono, compatibles con PC, Mac, PlayStation, Xbox S o ONE, Nintendo Switch, tel\u00e9fonos m\u00f3viles y RV<br \/>\n&#8211; Sonido JBL inmersivo: compatibles con Windows 10 y con Windows Sonic Spatial Sound, estos auriculares poseen el sonido QuantumSOUND Signature, dise\u00f1ado para ofrecerte paisajes sonoros realistas e inmersivos<br \/>\n&#8211; Haz que tu voz suene alta y clara: el micr\u00f3fono direccional vocal de asta desmontable incorpora la funci\u00f3n de silenciar, dise\u00f1ado para facilitar la comunicaci\u00f3n entre jugadores y dirigir las tropas hacia la victoria<br \/>\n&#8211; Prep\u00e1rate para horas de uso: juega con comodidad gracias a su diadema ligera y almohadillas de espuma viscoel\u00e1stica; con estos auriculares, todas tus partidas ser\u00e1n \u00e9picas<br \/>\n&#8211; Solo para fans: estos encantadores auriculares evocan la est\u00e9tica de Nintendo Switch, con un dise\u00f1o azul y rojo<\/p>\n","protected":false},"excerpt":{"rendered":"<p>JBL Quantum 100N, auriculares para gaming con cable y micr\u00f3fono extra\u00edble, JBL QuantumSOUND Signature, compatibles con m\u00faltiples plataformas y Windows Sonic Spatial Sound, azul y rojo<br \/>\n#Publicidad <span class=\"read-more\"><a class=\"more-link btn btn-transparent\" href=\"https:\/\/rockkofertas.com.es\/index.php\/producto\/b0d9p282p2\/\">Leer m\u00e1s&#8230;<\/a><\/span><\/p>\n","protected":false},"featured_media":8164,"comment_status":"open","ping_status":"closed","template":"","meta":[],"product_cat":[15],"product_tag":[],"class_list":{"0":"post-8165","1":"product","2":"type-product","3":"status-publish","4":"has-post-thumbnail","6":"product_cat-sin-categorizar","8":"first","9":"instock","10":"shipping-taxable","11":"product-type-external"},"_links":{"self":[{"href":"https:\/\/rockkofertas.com.es\/index.php\/wp-json\/wp\/v2\/product\/8165","targetHints":{"allow":["GET"]}}],"collection":[{"href":"https:\/\/rockkofertas.com.es\/index.php\/wp-json\/wp\/v2\/product"}],"about":[{"href":"https:\/\/rockkofertas.com.es\/index.php\/wp-json\/wp\/v2\/types\/product"}],"replies":[{"embeddable":true,"href":"https:\/\/rockkofertas.com.es\/index.php\/wp-json\/wp\/v2\/comments?post=8165"}],"wp:featuredmedia":[{"embeddable":true,"href":"https:\/\/rockkofertas.com.es\/index.php\/wp-json\/wp\/v2\/media\/8164"}],"wp:attachment":[{"href":"https:\/\/rockkofertas.com.es\/index.php\/wp-json\/wp\/v2\/media?parent=8165"}],"wp:term":[{"taxonomy":"product_cat","embeddable":true,"href":"https:\/\/rockkofertas.com.es\/index.php\/wp-json\/wp\/v2\/product_cat?post=8165"},{"taxonomy":"product_tag","embeddable":true,"href":"https:\/\/rockkofertas.com.es\/index.php\/wp-json\/wp\/v2\/product_tag?post=8165"}],"curies":[{"name":"wp","href":"https:\/\/api.w.org\/{rel}","templated":true}]}}