{"id":8157,"date":"2025-12-30T06:17:12","date_gmt":"2025-12-30T06:17:12","guid":{"rendered":"https:\/\/rockkofertas.com.es\/index.php\/producto\/b0frmcbyqg-4\/"},"modified":"2025-12-30T06:17:12","modified_gmt":"2025-12-30T06:17:12","slug":"b0frmcbyqg-4","status":"publish","type":"product","link":"https:\/\/rockkofertas.com.es\/index.php\/producto\/b0frmcbyqg-4\/","title":{"rendered":"B0FRMCBYQG"},"content":{"rendered":"<p>&#8211; \ud83d\udd04\u3010 \ud835\udfee-\ud835\uddf2\ud835\uddfb-\ud835\udfed \ud835\uddd4\ud835\uddf1\ud835\uddee\ud835\uddfd\ud835\ude01\ud835\uddee\ud835\uddf1\ud835\uddfc\ud835\uddff \ud835\udddc\ud835\uddfb\ud835\uddee\ud835\uddf9\u00e1\ud835\uddfa\ud835\uddef\ud835\uddff\ud835\uddf6\ud835\uddf0\ud835\uddfc \ud835\uddd6\ud835\uddee\ud835\uddff\ud835\udde3\ud835\uddf9\ud835\uddee\ud835\ude06 \ud835\uddd4\ud835\uddfb\ud835\uddf1\ud835\uddff\ud835\uddfc\ud835\uddf6\ud835\uddf1 \ud835\uddd4\ud835\ude02\ud835\ude01\ud835\uddfc\u3011Este adaptador inal\u00e1mbrico 2-en-1 convierte el A-pple CarPlay o Android Auto por cable de tu coche en una soluci\u00f3n totalmente inal\u00e1mbrica. Accede al instante a mapas, m\u00fasica, llamadas, Siri, G00gle Assistant y m\u00e1s, sin cables. (Compatible con Android 11+ \/ iOS 11+ y sistemas con cable de f\u00e1brica \u00fanicamente)<br \/>\n&#8211; \ud83d\udd0c\u3010 \ud835\udde3\ud835\uddf9\ud835\ude02\ud835\uddf4 &amp; \ud835\udde3\ud835\uddf9\ud835\uddee\ud835\ude06 \ud835\udde6\ud835\uddf6\ud835\uddfb \ud835\uddd6\ud835\uddfc\ud835\uddfa\ud835\uddfd\ud835\uddf9\ud835\uddf6\ud835\uddf0\ud835\uddee\ud835\uddf0\ud835\uddf6\ud835\uddfc\ud835\uddfb\ud835\uddf2\ud835\ude00\u3011Sin aplicaciones ni controladores. Conecta el adaptador inal\u00e1mbrico al puerto USB-A o USB-C, empareja tu tel\u00e9fono y listo. Se reconecta autom\u00e1ticamente en cada viaje.<br \/>\n&#8211; \u26a1\u3010 \ud835\udde5\ud835\uddf2\ud835\uddf0\ud835\uddfc\ud835\uddfb\ud835\uddf2\ud835\ude05\ud835\uddf6\u00f3\ud835\uddfb \ud835\udde5\u00e1\ud835\uddfd\ud835\uddf6\ud835\uddf1\ud835\uddee \ud835\ude06 \ud835\uddd8\ud835\ude00\ud835\ude01\ud835\uddee\ud835\uddef\ud835\uddf9\ud835\uddf2\u3011Carplay Dongle equipado con Bluetooth 5.3 y WiFi de 5,8 GHz, una reconexi\u00f3n fluida cada vez que enciendes el coche tras el primer emparejamiento. Olv\u00eddate de configuraciones manuales y disfruta de un rendimiento sin retrasos.<br \/>\n&#8211; \ud83c\udfae\u3010 \ud835\uddd6\ud835\uddfc\ud835\uddfa\ud835\uddfd\ud835\uddee\ud835\ude01\ud835\uddf6\ud835\uddef\ud835\uddf9\ud835\uddf2 \ud835\uddf0\ud835\uddfc\ud835\uddfb \ud835\uddd6\ud835\uddfc\ud835\uddfb\ud835\ude01\ud835\uddff\ud835\uddfc\ud835\uddf9\ud835\uddf2\ud835\ude00 \ud835\udde2\ud835\uddff\ud835\uddf6\ud835\uddf4\ud835\uddf6\ud835\uddfb\ud835\uddee\ud835\uddf9\ud835\uddf2\ud835\ude00 \ud835\ude06 \ud835\uddd4\ud835\ude00\ud835\uddf6\ud835\ude00\ud835\ude01\ud835\uddf2\ud835\uddfb\ud835\ude01\ud835\uddf2\ud835\ude00 \ud835\uddf1\ud835\uddf2 \ud835\udde9\ud835\uddfc\ud835\ude07\u3011 Se integra perfectamente con los botones del volante, pantalla t\u00e1ctil y perillas OEM. Soporta Siri, Google Assistant y aplicaciones como Waze, Spotify, A-pple Maps, para una conducci\u00f3n m\u00e1s inteligente y segura.<br \/>\n&#8211; \ud83d\udcf1\u3010 \ud835\uddd6\ud835\uddfc\ud835\uddfa\ud835\uddfd\ud835\uddee\ud835\ude01\ud835\uddf6\ud835\uddef\ud835\uddf6\ud835\uddf9\ud835\uddf6\ud835\uddf1\ud835\uddee\ud835\uddf1 \ud835\udde8\ud835\uddfb\ud835\uddf6\ud835\ude03\ud835\uddf2\ud835\uddff\ud835\ude00\ud835\uddee\ud835\uddf9\u3011Compatible con iPhone 8 o superior (iOS 11+) y Android 11+. Funciona con m\u00e1s del 98% de los coches con CarPlay o Android Auto cableado de f\u00e1brica a partir de 2016, incluyendo Ford, Audi, Toyota, VW y m\u00e1s. No compatible con BMW, Mercedes-Benz o Tesla.<br \/>\n&#8211; \ud83e\udde9\u3010 \ud835\udde6\ud835\uddfc\ud835\uddfd\ud835\uddfc\ud835\uddff\ud835\ude01\ud835\uddf2 \ud835\uddd7\ud835\ude02\ud835\uddee\ud835\uddf9 \ud835\uddf1\ud835\uddf2 \ud835\udde3\ud835\ude02\ud835\uddf2\ud835\uddff\ud835\ude01\ud835\uddfc\ud835\ude00 \ud835\ude06 \ud835\uddd6\ud835\uddfc\ud835\uddfb\ud835\uddf3\ud835\uddf6\ud835\uddf4\ud835\ude02\ud835\uddff\ud835\uddee\ud835\uddf0\ud835\uddf6\u00f3\ud835\uddfb \ud835\uddd9\ud835\uddf9\ud835\uddf2\ud835\ude05\ud835\uddf6\ud835\uddef\ud835\uddf9\ud835\uddf2\u3011Incluye adaptador USB-A a USB-C y cable de extensi\u00f3n USB-C, para acceder a cualquier tipo de puerto de coche. Perfecto para coches modernos y cl\u00e1sicos.<br \/>\n&#8211; \ud83c\udf10\u3010 \ud835\uddd4\ud835\uddf0\ud835\ude01\ud835\ude02\ud835\uddee\ud835\uddf9\ud835\uddf6\ud835\ude07\ud835\uddee\ud835\uddf0\ud835\uddf6\u00f3\ud835\uddfb \ud835\uddf1\ud835\uddf2 \ud835\uddd9\ud835\uddf6\ud835\uddff\ud835\uddfa\ud835\ude04\ud835\uddee\ud835\uddff\ud835\uddf2 \ud835\udde2\ud835\uddfb\ud835\uddf9\ud835\uddf6\ud835\uddfb\ud835\uddf2 (\ud835\udde2\ud835\udde7\ud835\uddd4)\u3011Actualiza f\u00e1cilmente el firmware visitando 192.168.1.101 desde tu navegador m\u00f3vil. Mant\u00e9n tu adaptador CarPlay y Android Auto inal\u00e1mbrico siempre actualizado y preparado para el futuro.<br \/>\n&#8211; \ud83c\udf08\u3010 \ud835\uddd7\ud835\uddf6\ud835\ude00\ud835\uddf2\u00f1\ud835\uddfc \ud835\udde8\ud835\uddf9\ud835\ude01\ud835\uddff\ud835\uddee\ud835\uddf0\ud835\uddfc\ud835\uddfa\ud835\uddfd\ud835\uddee\ud835\uddf0\ud835\ude01\ud835\uddfc\u3011Adaptador inal\u00e1mbrico carPlay con mini tama\u00f1o (4,96 x 2,2 x 1,04 cm) para instalar el adaptador fuera de la vista. Ligero, ordenado y sin desorden de cables en el salpicadero.<br \/>\n&#8211; \ud83c\udf81\u3010 \ud835\uddda\ud835\uddee\ud835\uddff\ud835\uddee\ud835\uddfb\ud835\ude01\u00ed\ud835\uddee \ud835\uddf1\ud835\uddf2 \ud835\udfed\ud835\udfee \ud835\uddfa\ud835\uddf2\ud835\ude00\ud835\uddf2\ud835\ude00 \ud835\ude06 \ud835\uddd6\ud835\uddfc\ud835\uddfb\ud835\ude01\ud835\uddf2\ud835\uddfb\ud835\uddf6\ud835\uddf1\ud835\uddfc \ud835\uddf1\ud835\uddf2\ud835\uddf9 \ud835\udde3\ud835\uddee\ud835\uddfe\ud835\ude02\ud835\uddf2\ud835\ude01\ud835\uddf2\u3011Ideal para ti o como regalo, este adaptador hace la conducci\u00f3n m\u00e1s agradable. Certificado CE y con garant\u00eda de 12 meses. Incluye: Adaptador inal\u00e1mbrico CarPlay &amp; Android Auto \u00d71, adaptador USB-A a USB-C \u00d71, manual de usuario \u00d71.<\/p>\n","protected":false},"excerpt":{"rendered":"<p>LAMTTO Adaptador Carplay Inal\u00e1mbrico 2 en 1 Mini Car Play Dongle Convierte Carplay\/Android Auto con Cable en Inal\u00e1mbrico Plug &amp; Play 5.8GHz WiFi, USB C\/A para iOS 10+\/Android 11+\/Coches de 2016-2020<br \/>#Publicidad <span class=\"read-more\"><a class=\"more-link btn btn-transparent\" href=\"https:\/\/rockkofertas.com.es\/index.php\/producto\/b0frmcbyqg-4\/\">Leer m\u00e1s&#8230;<\/a><\/span><\/p>\n","protected":false},"featured_media":8156,"comment_status":"open","ping_status":"closed","template":"","meta":[],"product_cat":[15],"product_tag":[],"class_list":{"0":"post-8157","1":"product","2":"type-product","3":"status-publish","4":"has-post-thumbnail","6":"product_cat-sin-categorizar","8":"first","9":"instock","10":"shipping-taxable","11":"product-type-external"},"_links":{"self":[{"href":"https:\/\/rockkofertas.com.es\/index.php\/wp-json\/wp\/v2\/product\/8157","targetHints":{"allow":["GET"]}}],"collection":[{"href":"https:\/\/rockkofertas.com.es\/index.php\/wp-json\/wp\/v2\/product"}],"about":[{"href":"https:\/\/rockkofertas.com.es\/index.php\/wp-json\/wp\/v2\/types\/product"}],"replies":[{"embeddable":true,"href":"https:\/\/rockkofertas.com.es\/index.php\/wp-json\/wp\/v2\/comments?post=8157"}],"wp:featuredmedia":[{"embeddable":true,"href":"https:\/\/rockkofertas.com.es\/index.php\/wp-json\/wp\/v2\/media\/8156"}],"wp:attachment":[{"href":"https:\/\/rockkofertas.com.es\/index.php\/wp-json\/wp\/v2\/media?parent=8157"}],"wp:term":[{"taxonomy":"product_cat","embeddable":true,"href":"https:\/\/rockkofertas.com.es\/index.php\/wp-json\/wp\/v2\/product_cat?post=8157"},{"taxonomy":"product_tag","embeddable":true,"href":"https:\/\/rockkofertas.com.es\/index.php\/wp-json\/wp\/v2\/product_tag?post=8157"}],"curies":[{"name":"wp","href":"https:\/\/api.w.org\/{rel}","templated":true}]}}