{"id":8155,"date":"2025-12-30T05:46:50","date_gmt":"2025-12-30T05:46:50","guid":{"rendered":"https:\/\/rockkofertas.com.es\/index.php\/producto\/b0g58n8kx8\/"},"modified":"2025-12-30T05:46:50","modified_gmt":"2025-12-30T05:46:50","slug":"b0g58n8kx8","status":"publish","type":"product","link":"https:\/\/rockkofertas.com.es\/index.php\/producto\/b0g58n8kx8\/","title":{"rendered":"B0G58N8KX8"},"content":{"rendered":"<p>&#8211; \ud83c\udf00Succi\u00f3n Ultra Fuerte de 9 kPa &amp; Motor Potente\ud83c\udf00 Nuestra aspiradora de mano cuenta con un potente motor sin escobillas de 75W. Con una velocidad de hasta 46.000 RPM y una succi\u00f3n de 9 kPa, realiza una limpieza profunda en coches, alfombras, suelos y espacios reducidos. Es ideal para el hogar, el coche y retirar pelo de mascotas. Adem\u00e1s, limpia con suavidad superficies delicadas como cortinas y teclados.<br \/>\n&#8211; \ud83c\udf43 Inal\u00e1mbrica, Ligera &amp; Solo 850g\ud83c\udf43 Esta aspirador de mano es ultraligera (solo 0,85 kg) y port\u00e1til, permiti\u00e9ndote moverte r\u00e1pidamente entre habitaciones. Su manejo es sencillo para todas las edades, sin esfuerzo. Su dise\u00f1o ergon\u00f3mico y f\u00e1cil manejo la hace ideal para personas mayores o con artritis. Ll\u00e9vala f\u00e1cilmente al coche para su limpieza diaria.<br \/>\n&#8211; \ud83e\uddf0Dep\u00f3sito de 900 ml &amp; Accesorios Profesionales\ud83e\uddf0 Incluye tres pr\u00e1cticos accesorios para eliminar eficazmente suciedad, polvo y pelo de mascotas en sof\u00e1s, suelos y zonas de dif\u00edcil acceso. El gran dep\u00f3sito de 900 ml garantiza una limpieza profunda sin interrupciones en cocina, sal\u00f3n o dormitorio, sin tener que vaciarlo constantemente.<br \/>\n&#8211; \u2b502 Filtros HEPA Lavables &amp; Solo 70 dB\u2b50 Nuestra aspiradora inal\u00e1mbrica incluye 2 filtros HEPA reutilizables. Este filtro HEPA mejorado mantiene una succi\u00f3n potente para un rendimiento \u00f3ptimo. Adem\u00e1s, su motor con tecnolog\u00eda silenciosa funciona entre 70-80 dB, sin molestias, ideal para la limpieza diaria.<br \/>\n&#8211; \ud83d\udd0b Bater\u00eda Recargable &amp; Carga R\u00e1pida 2-3h\ud83d\udd0b Con su bater\u00eda recargable de gran capacidad y tecnolog\u00eda de carga r\u00e1pida, se recarga completamente en solo 2-3 horas. Ofrece una autonom\u00eda de 15 a 25 minutos de uso continuo. Incluye pr\u00e1ctico puerto de carga USB-C, permitiendo cargarla en casa, en el coche o de viaje para un rendimiento fiable en cualquier lugar.<\/p>\n","protected":false},"excerpt":{"rendered":"<p>CFEN Aspirador de Mano sin Cable Potente, Aspirador Coche Port\u00e1til 9000 Pa con Bater\u00eda Recargable Dos Filtros HEPA Lavable y Reutilizable, Aspiradora de Carga R\u00e1pida 75W para Hogar Coche y Mascotas<br \/>#Publicidad <span class=\"read-more\"><a class=\"more-link btn btn-transparent\" href=\"https:\/\/rockkofertas.com.es\/index.php\/producto\/b0g58n8kx8\/\">Leer m\u00e1s&#8230;<\/a><\/span><\/p>\n","protected":false},"featured_media":8154,"comment_status":"open","ping_status":"closed","template":"","meta":[],"product_cat":[15],"product_tag":[],"class_list":{"0":"post-8155","1":"product","2":"type-product","3":"status-publish","4":"has-post-thumbnail","6":"product_cat-sin-categorizar","8":"first","9":"instock","10":"shipping-taxable","11":"product-type-external"},"_links":{"self":[{"href":"https:\/\/rockkofertas.com.es\/index.php\/wp-json\/wp\/v2\/product\/8155","targetHints":{"allow":["GET"]}}],"collection":[{"href":"https:\/\/rockkofertas.com.es\/index.php\/wp-json\/wp\/v2\/product"}],"about":[{"href":"https:\/\/rockkofertas.com.es\/index.php\/wp-json\/wp\/v2\/types\/product"}],"replies":[{"embeddable":true,"href":"https:\/\/rockkofertas.com.es\/index.php\/wp-json\/wp\/v2\/comments?post=8155"}],"wp:featuredmedia":[{"embeddable":true,"href":"https:\/\/rockkofertas.com.es\/index.php\/wp-json\/wp\/v2\/media\/8154"}],"wp:attachment":[{"href":"https:\/\/rockkofertas.com.es\/index.php\/wp-json\/wp\/v2\/media?parent=8155"}],"wp:term":[{"taxonomy":"product_cat","embeddable":true,"href":"https:\/\/rockkofertas.com.es\/index.php\/wp-json\/wp\/v2\/product_cat?post=8155"},{"taxonomy":"product_tag","embeddable":true,"href":"https:\/\/rockkofertas.com.es\/index.php\/wp-json\/wp\/v2\/product_tag?post=8155"}],"curies":[{"name":"wp","href":"https:\/\/api.w.org\/{rel}","templated":true}]}}