{"id":8149,"date":"2025-12-29T16:41:22","date_gmt":"2025-12-29T16:41:22","guid":{"rendered":"https:\/\/rockkofertas.com.es\/index.php\/producto\/b0fxx3p48r-2\/"},"modified":"2025-12-29T16:41:22","modified_gmt":"2025-12-29T16:41:22","slug":"b0fxx3p48r-2","status":"publish","type":"product","link":"https:\/\/rockkofertas.com.es\/index.php\/producto\/b0fxx3p48r-2\/","title":{"rendered":"B0FXX3P48R"},"content":{"rendered":"<p>&#8211; \u3010Color Excepciona\u3011: Esta monitor portatil de 14 pulgadas combina un panel IPS Full HD 1080P (1920\u00d71080) con un contraste de 1000:1, brillo de 300 nits y cobertura del 100% sRGB para ofrecer colores vibrantes y detalles n\u00edtidos. Permite ajustar de forma independiente brillo, contraste y retroiluminaci\u00f3n, mientras que los altavoces est\u00e9reo brindan una experiencia visual inmersiva en cualquier entorno. Adem\u00e1s, su tecnolog\u00eda Eye-care reduce eficazmente la fatiga visual durante el uso prolongado.<br \/>\n&#8211; \u3010Aumente la Productividad en un 200 %\u3011: Este extensor de pantalla eleva la productividad al ofrecer compatibilidad total con port\u00e1tiles de 13 a 17 pulgadas y soporte para pantallas ampliadas y duplicadas. Perfecto para presentaciones, multitarea o trabajo m\u00f3vil, su funci\u00f3n de colaboraci\u00f3n multipantalla permite usar varias ventanas simult\u00e1neamente sin cambiar constantemente de pantalla, mejorando as\u00ed notablemente la eficiencia. Dise\u00f1ado para programadores, dise\u00f1adores, profesionales financieros y jugadores, facilita un flujo de trabajo fluido y altamente eficiente.<br \/>\n&#8211; \u3010Conexi\u00f3n Sencilla\u3011: El paquete incluye un juego completo de cables (Type-C, USB-A y HDMI). Si el puerto Tipo-C de su port\u00e1til es compatible con v\u00eddeo y alimentaci\u00f3n, con\u00e9ctelo con un solo cable para una configuraci\u00f3n sencilla. Si el puerto Tipo-C solo proporciona alimentaci\u00f3n, utilice el cable HDMI para la salida de v\u00eddeo y conecte simult\u00e1neamente el cable USB-A para alimentar el extensor. Aseg\u00farese de que su port\u00e1til disponga de un puerto Tipo-C completo o, en su defecto, de puertos HDMI y USB-A, para garantizar una conexi\u00f3n sin problemas.<br \/>\n&#8211; \u3010Dise\u00f1o de Gancho Seguro, Estable y Antideslizante\u3011: Laptop screen extender simplemente enganche el soporte de extensi\u00f3n en la parte superior de la pantalla de su port\u00e1til para una instalaci\u00f3n instant\u00e1nea y segura. Con un peso de solo 0,86 kg, resulta ligero y f\u00e1cil de transportar. Ya sea para reuniones de negocios, teletrabajo, estaciones de trabajo temporales durante viajes o entretenimiento y juegos inmersivos, se convierte en el compa\u00f1ero ideal para potenciar la productividad m\u00f3vil y disfrutar de actividades de ocio con total eficiencia.<br \/>\n&#8211; \u3010Plug and Play y Amplia Compatibilidad\u3011: Este portable monitor for laptop ofrece una verdadera comodidad plug-and-play, conect\u00e1ndose sin problemas con procesadores Intel, AMD y ARM, y siendo compatible con Windows, macOS (incluyendo chips M1\/M2\/M3 y series Pro\/Max), Chrome OS, Linux y Android. Es tambi\u00e9n un complemento ideal para dispositivos de entretenimiento, como smartphones con interfaz Type-C, PS5 y Xbox. Con un a\u00f1o de garant\u00eda y asistencia t\u00e9cnica disponible 24\/7, puede contar con nosotros para cualquier ayuda que necesite.<\/p>\n","protected":false},"excerpt":{"rendered":"<p>KEFEYA Monitor Portatil 14\u201d FHD 1080P IPS Extensor Pantalla Portatil, Doble Pantalla para Portatil, Laptop Screen Extender Plug &amp; Play para Windows, Mac, Android, PS5 para Laptops 13-17.3&#8243;<br \/>#Publicidad <span class=\"read-more\"><a class=\"more-link btn btn-transparent\" href=\"https:\/\/rockkofertas.com.es\/index.php\/producto\/b0fxx3p48r-2\/\">Leer m\u00e1s&#8230;<\/a><\/span><\/p>\n","protected":false},"featured_media":8148,"comment_status":"open","ping_status":"closed","template":"","meta":[],"product_cat":[15],"product_tag":[],"class_list":{"0":"post-8149","1":"product","2":"type-product","3":"status-publish","4":"has-post-thumbnail","6":"product_cat-sin-categorizar","8":"first","9":"instock","10":"shipping-taxable","11":"product-type-external"},"_links":{"self":[{"href":"https:\/\/rockkofertas.com.es\/index.php\/wp-json\/wp\/v2\/product\/8149","targetHints":{"allow":["GET"]}}],"collection":[{"href":"https:\/\/rockkofertas.com.es\/index.php\/wp-json\/wp\/v2\/product"}],"about":[{"href":"https:\/\/rockkofertas.com.es\/index.php\/wp-json\/wp\/v2\/types\/product"}],"replies":[{"embeddable":true,"href":"https:\/\/rockkofertas.com.es\/index.php\/wp-json\/wp\/v2\/comments?post=8149"}],"wp:featuredmedia":[{"embeddable":true,"href":"https:\/\/rockkofertas.com.es\/index.php\/wp-json\/wp\/v2\/media\/8148"}],"wp:attachment":[{"href":"https:\/\/rockkofertas.com.es\/index.php\/wp-json\/wp\/v2\/media?parent=8149"}],"wp:term":[{"taxonomy":"product_cat","embeddable":true,"href":"https:\/\/rockkofertas.com.es\/index.php\/wp-json\/wp\/v2\/product_cat?post=8149"},{"taxonomy":"product_tag","embeddable":true,"href":"https:\/\/rockkofertas.com.es\/index.php\/wp-json\/wp\/v2\/product_tag?post=8149"}],"curies":[{"name":"wp","href":"https:\/\/api.w.org\/{rel}","templated":true}]}}