{"id":8147,"date":"2025-12-29T16:36:21","date_gmt":"2025-12-29T16:36:21","guid":{"rendered":"https:\/\/rockkofertas.com.es\/index.php\/producto\/b0g8jqcnfl\/"},"modified":"2025-12-29T16:36:21","modified_gmt":"2025-12-29T16:36:21","slug":"b0g8jqcnfl","status":"publish","type":"product","link":"https:\/\/rockkofertas.com.es\/index.php\/producto\/b0g8jqcnfl\/","title":{"rendered":"B0G8JQCNFL"},"content":{"rendered":"<p>&#8211; \ud83d\udd0b ENERG\u00cdA NATURAL PARA TU D\u00cdA: Nuestra L-Carnitina Carnipure favorece la transformaci\u00f3n de grasa en energ\u00eda utilizable. Este proceso ayuda a aumentar la vitalidad diaria, mejorar la sensaci\u00f3n de impulso f\u00edsico y mantiene un rendimiento m\u00e1s estable durante entrenamientos intensos o largas jornadas de actividad. Esto la hace ideal para quienes buscan un apoyo extra para mantenerse activos.<br \/>\n&#8211; \ud83d\udc8a DOSIS \u00d3PTIMA, ALTA ASIMILACI\u00d3N Y C\u00c1PSULAS VEGETALES: Nuestra f\u00f3rmula aporta 2000 mg diarios distribuidos en 4 c\u00e1psulas vegetales, un formato flexible que permite repartir la toma para mejorar la absorci\u00f3n y adaptarse a cualquier rutina deportiva. Al utilizar nuestra l &#8211; carnitina, garantizamos una pureza superior y una estabilidad que favorece una asimilaci\u00f3n m\u00e1s eficiente.<br \/>\n&#8211; \ud83d\udcaa APOYO EFECTIVO PARA UNA RECUPERACI\u00d3N M\u00c1S R\u00c1PIDA: La L carnitina es la forma m\u00e1s estudiada para recuperaci\u00f3n post-entreno. Ayuda a reducir la fatiga muscular, disminuir el malestar del d\u00eda siguiente (DOMS) y favorecer un retorno m\u00e1s r\u00e1pido al rendimiento \u00f3ptimo. Una excelente herramienta para deportistas que entrenan con frecuencia o buscan minimizar el impacto del ejercicio en el d\u00eda a d\u00eda.<br \/>\n&#8211; \ud83c\udfc3\u200d\u2642\ufe0f RENDIMIENTO MEJORADO EN ENTRENAMIENTOS: Con nuestra l- carnitina se favorece un uso m\u00e1s eficiente de la energ\u00eda durante el ejercicio, lo que ayuda a sostener los esfuerzos prolongados, mantener ritmos intensos y mejorar la capacidad de trabajo en deportes como running, ciclismo, crossfit o entrenamiento de fuerza. Es ideal para acompa\u00f1ar fases de definici\u00f3n, rutina deportiva continuada y objetivos de mejora del rendimiento f\u00edsico.<br \/>\n&#8211; \ud83c\udfc6 COMPROMISO, CERCAN\u00cdA Y CALIDAD: Nuestra experiencia nos ha ense\u00f1ado la importancia de estar cerca de nuestros clientes. Ofrecemos atenci\u00f3n personalizada para resolver cualquier duda que pueda surgir antes, durante, o despu\u00e9s del tratamiento. Nuestros laboratorios cuentan con un amplio equipo de profesionales, y un departamento de I+D para seleccionar los mejores principios activos. Desarrollamos y fabricamos en Espa\u00f1a, estando presentes en diversos Pa\u00edses de la Uni\u00f3n Europea.<\/p>\n","protected":false},"excerpt":{"rendered":"<p>L Carnitina Carnipure\u00ae de Lonza 2000 mg, 120 Capsulas Vegetales | M\u00e1xima Pureza y Biodisponibilidad | Alta absorci\u00f3n | Aumento de Energia y Resistencia | Vegano, Sin Gluten, Sin Aditivos | Navitalife<br \/>#Publicidad <span class=\"read-more\"><a class=\"more-link btn btn-transparent\" href=\"https:\/\/rockkofertas.com.es\/index.php\/producto\/b0g8jqcnfl\/\">Leer m\u00e1s&#8230;<\/a><\/span><\/p>\n","protected":false},"featured_media":8146,"comment_status":"open","ping_status":"closed","template":"","meta":[],"product_cat":[15],"product_tag":[],"class_list":{"0":"post-8147","1":"product","2":"type-product","3":"status-publish","4":"has-post-thumbnail","6":"product_cat-sin-categorizar","8":"first","9":"instock","10":"shipping-taxable","11":"product-type-external"},"_links":{"self":[{"href":"https:\/\/rockkofertas.com.es\/index.php\/wp-json\/wp\/v2\/product\/8147","targetHints":{"allow":["GET"]}}],"collection":[{"href":"https:\/\/rockkofertas.com.es\/index.php\/wp-json\/wp\/v2\/product"}],"about":[{"href":"https:\/\/rockkofertas.com.es\/index.php\/wp-json\/wp\/v2\/types\/product"}],"replies":[{"embeddable":true,"href":"https:\/\/rockkofertas.com.es\/index.php\/wp-json\/wp\/v2\/comments?post=8147"}],"wp:featuredmedia":[{"embeddable":true,"href":"https:\/\/rockkofertas.com.es\/index.php\/wp-json\/wp\/v2\/media\/8146"}],"wp:attachment":[{"href":"https:\/\/rockkofertas.com.es\/index.php\/wp-json\/wp\/v2\/media?parent=8147"}],"wp:term":[{"taxonomy":"product_cat","embeddable":true,"href":"https:\/\/rockkofertas.com.es\/index.php\/wp-json\/wp\/v2\/product_cat?post=8147"},{"taxonomy":"product_tag","embeddable":true,"href":"https:\/\/rockkofertas.com.es\/index.php\/wp-json\/wp\/v2\/product_tag?post=8147"}],"curies":[{"name":"wp","href":"https:\/\/api.w.org\/{rel}","templated":true}]}}