{"id":8145,"date":"2025-12-29T16:00:40","date_gmt":"2025-12-29T16:00:40","guid":{"rendered":"https:\/\/rockkofertas.com.es\/index.php\/producto\/b0dfgyptl3\/"},"modified":"2025-12-29T16:00:40","modified_gmt":"2025-12-29T16:00:40","slug":"b0dfgyptl3","status":"publish","type":"product","link":"https:\/\/rockkofertas.com.es\/index.php\/producto\/b0dfgyptl3\/","title":{"rendered":"B0DFGYPTL3"},"content":{"rendered":"<p>&#8211; La taza One Piece es una taza de anime. El aspecto de la taza de caf\u00e9 Luffy est\u00e1 inspirado en el ic\u00f3nico sombrero de Luffy. La combinaci\u00f3n de taza y platillo solo muestra la forma del sombrero Ace y muestra un estilo \u00fanico.<br \/>\n&#8211; Esta exclusiva taza One Piece est\u00e1 hecha de cer\u00e1mica con esmalte colorido, color brillante, excelente textura, resistencia al fr\u00edo y al calor, resistente y duradera.<br \/>\n&#8211; Nuestra taza de caf\u00e9 con sombrero de Luffy tiene una capacidad de aprox. 250 ml, un di\u00e1metro de borde de taza de 8 cm, una altura de 7 cm y un plato de cer\u00e1mica con un di\u00e1metro de 17 cm.<br \/>\n&#8211; El regalo perfecto de una pieza para los amantes del rey pirata y los entusiastas del anime, se puede utilizar como regalo de cumplea\u00f1os o regalo de Navidad, ya sea para su propia colecci\u00f3n, o para sus amigos, colegas, familia, es un elemento significativo y valioso para usar.<br \/>\n&#8211; La taza de cer\u00e1mica One Piece tiene una capacidad moderada y puede contener una cantidad adecuada de bebidas para el uso diario, como caf\u00e9, leche, t\u00e9, batidos y zumos, etc. La exquisita taza se puede utilizar en cualquier ocasi\u00f3n, hogar, oficina, escuela, fiestas y otras ocasiones. F\u00e1cil de limpiar, apto para lavavajillas.<\/p>\n","protected":false},"excerpt":{"rendered":"<p>One Piece Anime Taza, Luffy&#8217;s Hat Taza, One Piece Merch, Taza de cer\u00e1mica de alta calidad, regalo para Navidad, cumplea\u00f1os, aniversario, 250 ml (Ace-01)<br \/>\n#Publicidad <span class=\"read-more\"><a class=\"more-link btn btn-transparent\" href=\"https:\/\/rockkofertas.com.es\/index.php\/producto\/b0dfgyptl3\/\">Leer m\u00e1s&#8230;<\/a><\/span><\/p>\n","protected":false},"featured_media":8144,"comment_status":"open","ping_status":"closed","template":"","meta":[],"product_cat":[15],"product_tag":[],"class_list":{"0":"post-8145","1":"product","2":"type-product","3":"status-publish","4":"has-post-thumbnail","6":"product_cat-sin-categorizar","8":"first","9":"instock","10":"shipping-taxable","11":"product-type-external"},"_links":{"self":[{"href":"https:\/\/rockkofertas.com.es\/index.php\/wp-json\/wp\/v2\/product\/8145","targetHints":{"allow":["GET"]}}],"collection":[{"href":"https:\/\/rockkofertas.com.es\/index.php\/wp-json\/wp\/v2\/product"}],"about":[{"href":"https:\/\/rockkofertas.com.es\/index.php\/wp-json\/wp\/v2\/types\/product"}],"replies":[{"embeddable":true,"href":"https:\/\/rockkofertas.com.es\/index.php\/wp-json\/wp\/v2\/comments?post=8145"}],"wp:featuredmedia":[{"embeddable":true,"href":"https:\/\/rockkofertas.com.es\/index.php\/wp-json\/wp\/v2\/media\/8144"}],"wp:attachment":[{"href":"https:\/\/rockkofertas.com.es\/index.php\/wp-json\/wp\/v2\/media?parent=8145"}],"wp:term":[{"taxonomy":"product_cat","embeddable":true,"href":"https:\/\/rockkofertas.com.es\/index.php\/wp-json\/wp\/v2\/product_cat?post=8145"},{"taxonomy":"product_tag","embeddable":true,"href":"https:\/\/rockkofertas.com.es\/index.php\/wp-json\/wp\/v2\/product_tag?post=8145"}],"curies":[{"name":"wp","href":"https:\/\/api.w.org\/{rel}","templated":true}]}}