{"id":8143,"date":"2025-12-29T14:50:54","date_gmt":"2025-12-29T14:50:54","guid":{"rendered":"https:\/\/rockkofertas.com.es\/index.php\/producto\/b01m0nyc7n\/"},"modified":"2025-12-29T14:50:54","modified_gmt":"2025-12-29T14:50:54","slug":"b01m0nyc7n","status":"publish","type":"product","link":"https:\/\/rockkofertas.com.es\/index.php\/producto\/b01m0nyc7n\/","title":{"rendered":"B01M0NYC7N"},"content":{"rendered":"<p>&#8211; Recubrimiento: Los alimentos no se pegan gracias al recubrimiento antiadherente que presenta; adem\u00e1s, \u00e9ste est\u00e1 libre de PFOA, lo que la hace una plancha de asar ecol\u00f3gica y sana<br \/>\n&#8211; Temperatura: Cuenta con un termostato regulable extra\u00edble para elegir la temperatura m\u00e1s adecuada para cada alimento. Una vez apagada mantiene el calor, por lo que se puede llevar a la mesa (sus asas se mantienen fr\u00edas) y terminar de cocinar all\u00ed<br \/>\n&#8211; Amplitud: La superficie de cocinado es amplia, siendo \u00e9sta de 46 x 25 cm<br \/>\n&#8211; Limpieza: se puede limpiar con facilidad tras cocinar sobre ella; es m\u00e1s f\u00e1cil hacerlo cuando todav\u00eda est\u00e1 templada y ser\u00e1 suficiente con pasar un pa\u00f1o h\u00famedo; si quedan restos dif\u00edciles se pueden eliminar con un pa\u00f1o mojado en un poco de aceite. Hay otro truco que utilizan los cocineros profesionales que es poner hielo sobre su superficie; este f\u00e1cil remedio deshace toda la grasa.<br \/>\n&#8211; Potencia: La potencia es de 2.200 W, una potencia alta que permite cocinar todo tipo de alimentos<br \/>\n&#8211; No introducir en el lavavajillas.<br \/>\n&#8211; Garant\u00eda: todos los productos JATA cuentan con tres a\u00f1os de garant\u00eda<\/p>\n","protected":false},"excerpt":{"rendered":"<p>Jata Gr195 Plancha de Asar Cocina Por Igual en Toda La Superficie 46 X 25 Cm Antiadherente Libre de Pfoa Muy Resistente Al Rayado F\u00e1cil Limpieza con Bandeja Colectora de Salsas, 2200 W, Color Negro<br \/>#Publicidad <span class=\"read-more\"><a class=\"more-link btn btn-transparent\" href=\"https:\/\/rockkofertas.com.es\/index.php\/producto\/b01m0nyc7n\/\">Leer m\u00e1s&#8230;<\/a><\/span><\/p>\n","protected":false},"featured_media":8142,"comment_status":"open","ping_status":"closed","template":"","meta":[],"product_cat":[15],"product_tag":[],"class_list":{"0":"post-8143","1":"product","2":"type-product","3":"status-publish","4":"has-post-thumbnail","6":"product_cat-sin-categorizar","8":"first","9":"instock","10":"shipping-taxable","11":"product-type-external"},"_links":{"self":[{"href":"https:\/\/rockkofertas.com.es\/index.php\/wp-json\/wp\/v2\/product\/8143","targetHints":{"allow":["GET"]}}],"collection":[{"href":"https:\/\/rockkofertas.com.es\/index.php\/wp-json\/wp\/v2\/product"}],"about":[{"href":"https:\/\/rockkofertas.com.es\/index.php\/wp-json\/wp\/v2\/types\/product"}],"replies":[{"embeddable":true,"href":"https:\/\/rockkofertas.com.es\/index.php\/wp-json\/wp\/v2\/comments?post=8143"}],"wp:featuredmedia":[{"embeddable":true,"href":"https:\/\/rockkofertas.com.es\/index.php\/wp-json\/wp\/v2\/media\/8142"}],"wp:attachment":[{"href":"https:\/\/rockkofertas.com.es\/index.php\/wp-json\/wp\/v2\/media?parent=8143"}],"wp:term":[{"taxonomy":"product_cat","embeddable":true,"href":"https:\/\/rockkofertas.com.es\/index.php\/wp-json\/wp\/v2\/product_cat?post=8143"},{"taxonomy":"product_tag","embeddable":true,"href":"https:\/\/rockkofertas.com.es\/index.php\/wp-json\/wp\/v2\/product_tag?post=8143"}],"curies":[{"name":"wp","href":"https:\/\/api.w.org\/{rel}","templated":true}]}}