{"id":8141,"date":"2025-12-29T14:49:57","date_gmt":"2025-12-29T14:49:57","guid":{"rendered":"https:\/\/rockkofertas.com.es\/index.php\/producto\/b0f9p5lpq5\/"},"modified":"2025-12-29T14:49:57","modified_gmt":"2025-12-29T14:49:57","slug":"b0f9p5lpq5","status":"publish","type":"product","link":"https:\/\/rockkofertas.com.es\/index.php\/producto\/b0f9p5lpq5\/","title":{"rendered":"B0F9P5LPQ5"},"content":{"rendered":"<p>&#8211; SEGURIDAD i-SIZE: Dise\u00f1ada seg\u00fan los \u00faltimos est\u00e1ndares i-Size, esta silla de coche es adecuada para su uso a favor de la marcha de 125 a 150 cm, abarcando edades aproximadas de 7 a 12 a\u00f1os (22-36 kg).<br \/>\n&#8211; INSTALACI\u00d3N ISOFIX: Equipada con un sistema ISOFIX para una sujeci\u00f3n segura y una instalaci\u00f3n sencilla, adem\u00e1s de la opci\u00f3n de instalaci\u00f3n con el cintur\u00f3n de seguridad del coche.<br \/>\n&#8211; C\u00d3MODA: Dise\u00f1ada con tejidos suaves y transpirables, reposabrazos y un dise\u00f1o ergon\u00f3mico para garantizar el m\u00e1ximo confort tanto en trayectos cortos como en viajes largos.<br \/>\n&#8211; LIGERA Y PR\u00c1CTICA: Con un peso de solo 2.2 kg, es f\u00e1cil de trasladar entre veh\u00edculos o transportar cuando sea necesario. Incluye un pr\u00e1ctico portavasos para bebidas.<br \/>\n&#8211; F\u00c1CIL DE LIMPIAR: Funda extra\u00edble y lavable a mano o a m\u00e1quina a 30\u00ba, para que la silla est\u00e9 siempre limpia y en perfecto estado.<\/p>\n","protected":false},"excerpt":{"rendered":"<p>KikkaBoo Alzador Coche Ni\u00f1o ISOFIX i-POP, i-Size, 125-150 cm, Silla Coche Grupo 3, Elevador Coche, de 7 a 12 a\u00f1os (22-36 kg), Verde Militar<br \/>#Publicidad <span class=\"read-more\"><a class=\"more-link btn btn-transparent\" href=\"https:\/\/rockkofertas.com.es\/index.php\/producto\/b0f9p5lpq5\/\">Leer m\u00e1s&#8230;<\/a><\/span><\/p>\n","protected":false},"featured_media":8140,"comment_status":"open","ping_status":"closed","template":"","meta":[],"product_cat":[15],"product_tag":[],"class_list":{"0":"post-8141","1":"product","2":"type-product","3":"status-publish","4":"has-post-thumbnail","6":"product_cat-sin-categorizar","8":"first","9":"instock","10":"shipping-taxable","11":"product-type-external"},"_links":{"self":[{"href":"https:\/\/rockkofertas.com.es\/index.php\/wp-json\/wp\/v2\/product\/8141","targetHints":{"allow":["GET"]}}],"collection":[{"href":"https:\/\/rockkofertas.com.es\/index.php\/wp-json\/wp\/v2\/product"}],"about":[{"href":"https:\/\/rockkofertas.com.es\/index.php\/wp-json\/wp\/v2\/types\/product"}],"replies":[{"embeddable":true,"href":"https:\/\/rockkofertas.com.es\/index.php\/wp-json\/wp\/v2\/comments?post=8141"}],"wp:featuredmedia":[{"embeddable":true,"href":"https:\/\/rockkofertas.com.es\/index.php\/wp-json\/wp\/v2\/media\/8140"}],"wp:attachment":[{"href":"https:\/\/rockkofertas.com.es\/index.php\/wp-json\/wp\/v2\/media?parent=8141"}],"wp:term":[{"taxonomy":"product_cat","embeddable":true,"href":"https:\/\/rockkofertas.com.es\/index.php\/wp-json\/wp\/v2\/product_cat?post=8141"},{"taxonomy":"product_tag","embeddable":true,"href":"https:\/\/rockkofertas.com.es\/index.php\/wp-json\/wp\/v2\/product_tag?post=8141"}],"curies":[{"name":"wp","href":"https:\/\/api.w.org\/{rel}","templated":true}]}}