{"id":8139,"date":"2025-12-29T14:49:18","date_gmt":"2025-12-29T14:49:18","guid":{"rendered":"https:\/\/rockkofertas.com.es\/index.php\/producto\/b08wmtxjvf\/"},"modified":"2025-12-29T14:49:18","modified_gmt":"2025-12-29T14:49:18","slug":"b08wmtxjvf","status":"publish","type":"product","link":"https:\/\/rockkofertas.com.es\/index.php\/producto\/b08wmtxjvf\/","title":{"rendered":"B08WMTXJVF"},"content":{"rendered":"<p>&#8211; VERSATILIDAD DE PEINADO \u2014 Esta plancha ofrece opciones tanto para alisar como para rizar, con placas t\u00e9rmicas y una carcasa exterior que facilita la creaci\u00f3n de un cabello liso y suave o rizos y ondas de sal\u00f3n.<br \/>\n&#8211; PLACAS DE TITANIO DESLIZANTES \u2014 Con placas de aut\u00e9ntico titanio de 28 mm, esta plancha asegura un deslizamiento suave y un peinado sin esfuerzo en una sola pasada, proporcionando resultados duraderos.<br \/>\n&#8211; CALENTAMIENTO R\u00c1PIDO \u2014 Gracias a su sistema de temperatura Advanced Ceramics, esta plancha se calienta en solo 15 s y mantiene una temperatura constante para un peinado uniforme en cada mech\u00f3n del cabello.<br \/>\n&#8211; AJUSTES DE TEMPERATURA PERSONALIZABLES \u2014 Con 5 ajustes de temperatura, incluyendo una opci\u00f3n de alta temperatura hasta 235\u00b0C, puedes elegir la temperatura perfecta para tu tipo de cabello, asegurando resultados perfectos.<br \/>\n&#8211; TECNOLOG\u00cdA I\u00d3NICA ANTIENCRESPAMIENTO \u2014 La carcasa exterior de acero inoxidable ultrasuave ayuda a controlar el frizz, dejando tu cabello suave, brillante y libre de encrespamiento durante todo el d\u00eda.<\/p>\n","protected":false},"excerpt":{"rendered":"<p>BaByliss Plancha Straight And Curl Brilliance \u2013 Alisa y Ondula, Placas de titanio, Tecnolog\u00eda i\u00f3nica, Calentamiento R\u00e1pido en 15 s, Dise\u00f1o curvo, Peinado f\u00e1cil, 5 temperaturas hasta 235\u00b0C, ST482E<br \/>#Publicidad <span class=\"read-more\"><a class=\"more-link btn btn-transparent\" href=\"https:\/\/rockkofertas.com.es\/index.php\/producto\/b08wmtxjvf\/\">Leer m\u00e1s&#8230;<\/a><\/span><\/p>\n","protected":false},"featured_media":8138,"comment_status":"open","ping_status":"closed","template":"","meta":[],"product_cat":[15],"product_tag":[],"class_list":{"0":"post-8139","1":"product","2":"type-product","3":"status-publish","4":"has-post-thumbnail","6":"product_cat-sin-categorizar","8":"first","9":"instock","10":"shipping-taxable","11":"product-type-external"},"_links":{"self":[{"href":"https:\/\/rockkofertas.com.es\/index.php\/wp-json\/wp\/v2\/product\/8139","targetHints":{"allow":["GET"]}}],"collection":[{"href":"https:\/\/rockkofertas.com.es\/index.php\/wp-json\/wp\/v2\/product"}],"about":[{"href":"https:\/\/rockkofertas.com.es\/index.php\/wp-json\/wp\/v2\/types\/product"}],"replies":[{"embeddable":true,"href":"https:\/\/rockkofertas.com.es\/index.php\/wp-json\/wp\/v2\/comments?post=8139"}],"wp:featuredmedia":[{"embeddable":true,"href":"https:\/\/rockkofertas.com.es\/index.php\/wp-json\/wp\/v2\/media\/8138"}],"wp:attachment":[{"href":"https:\/\/rockkofertas.com.es\/index.php\/wp-json\/wp\/v2\/media?parent=8139"}],"wp:term":[{"taxonomy":"product_cat","embeddable":true,"href":"https:\/\/rockkofertas.com.es\/index.php\/wp-json\/wp\/v2\/product_cat?post=8139"},{"taxonomy":"product_tag","embeddable":true,"href":"https:\/\/rockkofertas.com.es\/index.php\/wp-json\/wp\/v2\/product_tag?post=8139"}],"curies":[{"name":"wp","href":"https:\/\/api.w.org\/{rel}","templated":true}]}}