{"id":8133,"date":"2025-12-29T12:00:45","date_gmt":"2025-12-29T12:00:45","guid":{"rendered":"https:\/\/rockkofertas.com.es\/index.php\/producto\/b0cdghrv61\/"},"modified":"2025-12-29T12:00:45","modified_gmt":"2025-12-29T12:00:45","slug":"b0cdghrv61","status":"publish","type":"product","link":"https:\/\/rockkofertas.com.es\/index.php\/producto\/b0cdghrv61\/","title":{"rendered":"B0CDGHRV61"},"content":{"rendered":"<p>&#8211; Claridad \u00f3ptima: esta c\u00e1mara web ofrece una imagen m\u00e1s clara durante las videollamadas gracias a la resoluci\u00f3n Full HD 1080p<br \/>\n&#8211; Equilibrio de luz autom\u00e1tico: RightLight aumenta el brillo hasta en un 50% y reduce las sombras en comparaci\u00f3n con las c\u00e1maras web de Logitech de la generaci\u00f3n anterior para ponerlo en el centro de atenci\u00f3n(1)<br \/>\n&#8211; Privacidad al alcance de su mano: el obturador incorporado de la c\u00e1mara web le brinda privacidad completa y confiable cuando no est\u00e1 en una videollamada<br \/>\n&#8211; Micr\u00f3fono incorporado: el micr\u00f3fono incorporado permite que las personas que llaman lo escuchen claramente durante las videollamadas<br \/>\n&#8211; Simple y plug and play: la c\u00e1mara Brio 100 funciona con la mayor\u00eda de las plataformas de videollamadas, incluidas Microsoft Teams, Zoom y Google Meet<br \/>\n&#8211; Reuniones coloridas: deje volar su imaginaci\u00f3n cuando trabaje desde casa gracias a una selecci\u00f3n de colores divertidos y sofisticados para combinar con su instalaci\u00f3n<br \/>\n&#8211; Pl\u00e1stico reciclado: la c\u00e1mara web Brio 100 Full HD contiene al menos un 34% de pl\u00e1stico posconsumo(2)<\/p>\n","protected":false},"excerpt":{"rendered":"<p>Logitech Brio 100, c\u00e1mara web Full HD para reuniones y streaming, equilibrio de iluminaci\u00f3n autom\u00e1tico, micr\u00f3fono integrado, tapa de privacidad, USB-A, Grafito<br \/>\n#Publicidad <span class=\"read-more\"><a class=\"more-link btn btn-transparent\" href=\"https:\/\/rockkofertas.com.es\/index.php\/producto\/b0cdghrv61\/\">Leer m\u00e1s&#8230;<\/a><\/span><\/p>\n","protected":false},"featured_media":8132,"comment_status":"open","ping_status":"closed","template":"","meta":[],"product_cat":[15],"product_tag":[],"class_list":{"0":"post-8133","1":"product","2":"type-product","3":"status-publish","4":"has-post-thumbnail","6":"product_cat-sin-categorizar","8":"first","9":"instock","10":"shipping-taxable","11":"product-type-external"},"_links":{"self":[{"href":"https:\/\/rockkofertas.com.es\/index.php\/wp-json\/wp\/v2\/product\/8133","targetHints":{"allow":["GET"]}}],"collection":[{"href":"https:\/\/rockkofertas.com.es\/index.php\/wp-json\/wp\/v2\/product"}],"about":[{"href":"https:\/\/rockkofertas.com.es\/index.php\/wp-json\/wp\/v2\/types\/product"}],"replies":[{"embeddable":true,"href":"https:\/\/rockkofertas.com.es\/index.php\/wp-json\/wp\/v2\/comments?post=8133"}],"wp:featuredmedia":[{"embeddable":true,"href":"https:\/\/rockkofertas.com.es\/index.php\/wp-json\/wp\/v2\/media\/8132"}],"wp:attachment":[{"href":"https:\/\/rockkofertas.com.es\/index.php\/wp-json\/wp\/v2\/media?parent=8133"}],"wp:term":[{"taxonomy":"product_cat","embeddable":true,"href":"https:\/\/rockkofertas.com.es\/index.php\/wp-json\/wp\/v2\/product_cat?post=8133"},{"taxonomy":"product_tag","embeddable":true,"href":"https:\/\/rockkofertas.com.es\/index.php\/wp-json\/wp\/v2\/product_tag?post=8133"}],"curies":[{"name":"wp","href":"https:\/\/api.w.org\/{rel}","templated":true}]}}