{"id":8121,"date":"2025-12-29T08:20:37","date_gmt":"2025-12-29T08:20:37","guid":{"rendered":"https:\/\/rockkofertas.com.es\/index.php\/producto\/b0fx4gczjl\/"},"modified":"2025-12-29T08:20:37","modified_gmt":"2025-12-29T08:20:37","slug":"b0fx4gczjl","status":"publish","type":"product","link":"https:\/\/rockkofertas.com.es\/index.php\/producto\/b0fx4gczjl\/","title":{"rendered":"B0FX4GCZJL"},"content":{"rendered":"<p>&#8211; Kit de manicura y pedicura 12 en 1: Nuestro torno para u\u00f1as profesional es un completo kit manicura inal\u00e1mbrico. Incluye fresas torno para u\u00f1as (1 broca para cer\u00e1mica de ma\u00edz, 6 para amolar, 5 para pulir) y 31 bandas de lija de alta calidad. Este torno para u\u00f1as y kit pedicura cubre completamente tus necesidades: dar forma, pulir, eliminar cut\u00edculas y piel muerta, tratar callos y u\u00f1as gruesas, y reparar u\u00f1as acr\u00edlicas.Es un nail kit ideal para el hogar y los salones<br \/>\n&#8211; 9 Velocidades y 35,000 RPM:Nuestro torno para u\u00f1as profesional inal\u00e1mbrico es una potente lima electrica u\u00f1as que alcanza hasta 35,000 RPM con 9 niveles de ajuste, permiti\u00e9ndote seleccionar la velocidad para una mayor eficiencia. Este drill para u\u00f1as profesional te ofrece una experiencia de manicura y pedicura profesional para pies de nivel de sal\u00f3n. Es ideal para limar, dar forma y pulir, y puede eliminar eficazmente esmalte de gel, u\u00f1as de polvo de cristal y u\u00f1as acr\u00edlicas<br \/>\n&#8211; Motor potente y silencioso: Con un motor mejorado, esta lima de u\u00f1as el\u00e9ctrica y m\u00e1quina de u\u00f1as funciona a baja temperatura y bajo ruido. Nuestro torno de manicura profesional cuenta con una carcasa de aleaci\u00f3n de aluminio y rodamientos que minimizan el ruido (&lt;40 dB). Su eficiente disipaci\u00f3n de calor previene el sobrecalentamiento, garantizando un funcionamiento prolongado. Con esta pulidora de u\u00f1as de Breosic, podr\u00e1s quitar el esmalte de gel de forma f\u00e1cil y eficiente<br \/>\n&#8211; Pantalla LED y direcci\u00f3n de rotaci\u00f3n ajustable: La pantalla LED de esta lima electrica u\u00f1as y nail drill muestra la velocidad, la direcci\u00f3n (adelante\/atr\u00e1s) y la bater\u00eda. Su rotaci\u00f3n ajustable garantiza un uso seguro para zurdos y diestros. Gracias a su dise\u00f1o inal\u00e1mbrico y port\u00e1til, este drill para u\u00f1as te libera de cables, con puerto USB-C y carga r\u00e1pida (2.5 horas para 4-6 horas de uso). Esta maquina de u\u00f1as y completo set de manicura y pedicura es el regalo ideal<br \/>\n&#8211; F\u00e1cil de usar, ideal para principiantes y profesionales: Este torno para u\u00f1as es f\u00e1cil de sostener, antideslizante y resistente a los ara\u00f1azos. Es duradero, ligero y f\u00e1cil de transportar. Este kit de manicura no es solo una lima u\u00f1as electrica, sino una soluci\u00f3n completa para el cuidado de las u\u00f1as. Es la opci\u00f3n ideal para principiantes y manicurist profesionales. Elige el torno pedicura profesional de Breosic y disfruta de la libertad del cuidado de las u\u00f1as<br \/>\n&#8211; Este torno para u\u00f1as profesional es un kit todo en uno dise\u00f1ado para lijar, modelar y pulir u\u00f1as con precisi\u00f3n, ideal tanto para uso dom\u00e9stico como para salones de belleza. El set incluye 1 unidad de la m\u00e1quina principal, 6 brocas de lijado, 5 brocas de pulido, 1 broca de cer\u00e1mica, 31 tapas de lijado, 1 manual de instrucciones y 1 cable de carga USB-C (el adaptador no est\u00e1 incluido). Con esta eficiente lima u\u00f1as electrica de Breosic, \u00a1crea incre\u00edble arte de u\u00f1as a tu gusto<\/p>\n","protected":false},"excerpt":{"rendered":"<p>Breosic Torno para U\u00f1as Profesional 35000 RPM-Torno para U\u00f1as 12 en 1 con Lima El\u00e9ctrica U\u00f1as Nail Drill Brocas Kit\/Set Manicura y Pedicura Carga USB-C 9 Velocidades para Sal\u00f3n DIY Gel\/Acr\u00edlicas<br \/>#Publicidad <span class=\"read-more\"><a class=\"more-link btn btn-transparent\" href=\"https:\/\/rockkofertas.com.es\/index.php\/producto\/b0fx4gczjl\/\">Leer m\u00e1s&#8230;<\/a><\/span><\/p>\n","protected":false},"featured_media":8120,"comment_status":"open","ping_status":"closed","template":"","meta":[],"product_cat":[15],"product_tag":[],"class_list":{"0":"post-8121","1":"product","2":"type-product","3":"status-publish","4":"has-post-thumbnail","6":"product_cat-sin-categorizar","8":"first","9":"instock","10":"shipping-taxable","11":"product-type-external"},"_links":{"self":[{"href":"https:\/\/rockkofertas.com.es\/index.php\/wp-json\/wp\/v2\/product\/8121","targetHints":{"allow":["GET"]}}],"collection":[{"href":"https:\/\/rockkofertas.com.es\/index.php\/wp-json\/wp\/v2\/product"}],"about":[{"href":"https:\/\/rockkofertas.com.es\/index.php\/wp-json\/wp\/v2\/types\/product"}],"replies":[{"embeddable":true,"href":"https:\/\/rockkofertas.com.es\/index.php\/wp-json\/wp\/v2\/comments?post=8121"}],"wp:featuredmedia":[{"embeddable":true,"href":"https:\/\/rockkofertas.com.es\/index.php\/wp-json\/wp\/v2\/media\/8120"}],"wp:attachment":[{"href":"https:\/\/rockkofertas.com.es\/index.php\/wp-json\/wp\/v2\/media?parent=8121"}],"wp:term":[{"taxonomy":"product_cat","embeddable":true,"href":"https:\/\/rockkofertas.com.es\/index.php\/wp-json\/wp\/v2\/product_cat?post=8121"},{"taxonomy":"product_tag","embeddable":true,"href":"https:\/\/rockkofertas.com.es\/index.php\/wp-json\/wp\/v2\/product_tag?post=8121"}],"curies":[{"name":"wp","href":"https:\/\/api.w.org\/{rel}","templated":true}]}}