{"id":8119,"date":"2025-12-29T08:17:23","date_gmt":"2025-12-29T08:17:23","guid":{"rendered":"https:\/\/rockkofertas.com.es\/index.php\/producto\/b0g4m4pw3n\/"},"modified":"2025-12-29T08:17:23","modified_gmt":"2025-12-29T08:17:23","slug":"b0g4m4pw3n","status":"publish","type":"product","link":"https:\/\/rockkofertas.com.es\/index.php\/producto\/b0g4m4pw3n\/","title":{"rendered":"B0G4M4PW3N"},"content":{"rendered":"<p>&#8211; \u3010Cargador USB C\u3011El cargador usb de 40W admite carga r\u00e1pida QC 3.0. Este usb c charger puede cargar un dispositivo del 0 % al 70 % en 30 minutos y hasta cuatro dispositivos simult\u00e1neamente, mejorando tu vida y eficiencia laboral.<br \/>\n&#8211; \u3010Cargador Rapida 40W\u30114-puerto cargador usb c incluye dos puertos USB C y dos puertos USB A, puerto USB 1\/2 potencia de salida: 5V = 3A, 9V = 2.22A, 12V = 1.67A; puerto USB 3\/4 potencia de salida 5V\/3.1A. Un cargador usb multipuerto no ocupar\u00e1 espacio en su escritorio ni en la pared y le ahorrar\u00e1 tiempo de carga.<br \/>\n&#8211; \u3010Compatibilidad del Dispositivo\u3011El Cabezal cargador tipo c es compatible con una amplia gama de dispositivos, incluidos iPhone 16\/15\/14\/13 Pro\/Pro Max\/Plus, 13 Mini\/12 Mini\/XS Max\/XS\/XR\/X\/8\/8 Plus\/7\/7 Plus\/6\/6S\/SE, Samsung Galaxy S24\/S23\/S22\/S21\/S21+\/S21 Ultra\/S20\/S20 Ultra\/S20 FE, Tab S7\/S7+\/S8\/S8+, Note 20\/10, A12, A13, A15, A23, A25, A35, A41, A42, A53, Apple Watch, iPad\/iPad Pro\/iPad Air\/iPad Mini, Google Pixel y muchos m\u00e1s.<br \/>\n&#8211; \u3010Cargador Seguro y Fiable\u3011: El cargador usb c rapida est\u00e1 fabricado con PC ign\u00edfugo, cuenta con certificaci\u00f3n profesional T\u00dcV y ofrece m\u00faltiples protecciones (contra cortocircuitos, sobrecalentamiento, incendios, sobretensi\u00f3n y sobrecorriente). El cargador usb detiene autom\u00e1ticamente la carga en caso de cortocircuito o sobrecalentamiento, lo que mejora la seguridad de la carga.<br \/>\n&#8211; \u3010Port\u00e1til y Compacto\u3011Este enchufe usb c para enchufe es muy pr\u00e1ctico para llevar en el bolso o el bolsillo, ideal para viajes, hogar y oficina. Si tiene alg\u00fan problema al usar el cargador multiple, p\u00f3ngase en contacto con nuestro equipo de atenci\u00f3n al cliente para obtener ayuda.<\/p>\n","protected":false},"excerpt":{"rendered":"<p>Cargador USB C, 40W cargadors USB 4 Puerto, Cargadors Rapida QC 3.0, Cabezal Tipo C para iPhone 16 15 14 13, Samsung S25 S24 S23, Huawei, Cargador USB Multiple<br \/>#Publicidad <span class=\"read-more\"><a class=\"more-link btn btn-transparent\" href=\"https:\/\/rockkofertas.com.es\/index.php\/producto\/b0g4m4pw3n\/\">Leer m\u00e1s&#8230;<\/a><\/span><\/p>\n","protected":false},"featured_media":8118,"comment_status":"open","ping_status":"closed","template":"","meta":[],"product_cat":[15],"product_tag":[],"class_list":{"0":"post-8119","1":"product","2":"type-product","3":"status-publish","4":"has-post-thumbnail","6":"product_cat-sin-categorizar","8":"first","9":"instock","10":"shipping-taxable","11":"product-type-external"},"_links":{"self":[{"href":"https:\/\/rockkofertas.com.es\/index.php\/wp-json\/wp\/v2\/product\/8119","targetHints":{"allow":["GET"]}}],"collection":[{"href":"https:\/\/rockkofertas.com.es\/index.php\/wp-json\/wp\/v2\/product"}],"about":[{"href":"https:\/\/rockkofertas.com.es\/index.php\/wp-json\/wp\/v2\/types\/product"}],"replies":[{"embeddable":true,"href":"https:\/\/rockkofertas.com.es\/index.php\/wp-json\/wp\/v2\/comments?post=8119"}],"wp:featuredmedia":[{"embeddable":true,"href":"https:\/\/rockkofertas.com.es\/index.php\/wp-json\/wp\/v2\/media\/8118"}],"wp:attachment":[{"href":"https:\/\/rockkofertas.com.es\/index.php\/wp-json\/wp\/v2\/media?parent=8119"}],"wp:term":[{"taxonomy":"product_cat","embeddable":true,"href":"https:\/\/rockkofertas.com.es\/index.php\/wp-json\/wp\/v2\/product_cat?post=8119"},{"taxonomy":"product_tag","embeddable":true,"href":"https:\/\/rockkofertas.com.es\/index.php\/wp-json\/wp\/v2\/product_tag?post=8119"}],"curies":[{"name":"wp","href":"https:\/\/api.w.org\/{rel}","templated":true}]}}