{"id":8117,"date":"2025-12-29T08:00:51","date_gmt":"2025-12-29T08:00:51","guid":{"rendered":"https:\/\/rockkofertas.com.es\/index.php\/producto\/b07xw6tv8r\/"},"modified":"2025-12-29T08:00:51","modified_gmt":"2025-12-29T08:00:51","slug":"b07xw6tv8r","status":"publish","type":"product","link":"https:\/\/rockkofertas.com.es\/index.php\/producto\/b07xw6tv8r\/","title":{"rendered":"B07XW6TV8R"},"content":{"rendered":"<p>&#8211; El Cuaderno Cl\u00e1sico se hace m\u00e1s grande: es una versi\u00f3n ampliada con 400 p\u00e1ginas para disponer de m\u00e1s espacio para contar historias m\u00e1s largas y poder tomar m\u00e1s notas en un mismo cuaderno<br \/>\n&#8211; Re\u00fane todas las caracter\u00edsticas del cl\u00e1sico cuaderno Moleskine: esquinas redondeadas, cierre con el\u00e1stico, dos cintas marcap\u00e1ginas y el ic\u00f3nico cartel \u00abEn caso de p\u00e9rdida\u00bb en la contraportada<br \/>\n&#8211; El cuaderno tiene 400 p\u00e1ginas con rayas y papel de color marfil de 70 g\/m\u00b2 sin \u00e1cido, una solapa plegable en la parte posterior y se puede abre totalmente 180\u00b0<br \/>\n&#8211; En la contraportada del cuaderno aparecen dise\u00f1os tem\u00e1ticos y la inconfundible historia de Moleskine en el interior de todos nuestros productos, un detalle ic\u00f3nico de la marca<br \/>\n&#8211; El paquete contiene un cuaderno Moleskine Cl\u00e1sico de 400 p\u00e1ginas, con hojas de rayas y tapa blanda, disponible en tama\u00f1o grande de 13 x 21 cm, color rojo escarlata<\/p>\n","protected":false},"excerpt":{"rendered":"<p>Moleskine &#8211; Cuaderno Cl\u00e1sico con Hojas de Rayas, Tapa Blanda y Cierre con Goma El\u00e1stica, Tama\u00f1o Grande 13 x 21 cm, Color Rojo Escarlata, 400 P\u00e1ginas<br \/>\n#Publicidad <span class=\"read-more\"><a class=\"more-link btn btn-transparent\" href=\"https:\/\/rockkofertas.com.es\/index.php\/producto\/b07xw6tv8r\/\">Leer m\u00e1s&#8230;<\/a><\/span><\/p>\n","protected":false},"featured_media":8116,"comment_status":"open","ping_status":"closed","template":"","meta":[],"product_cat":[15],"product_tag":[],"class_list":{"0":"post-8117","1":"product","2":"type-product","3":"status-publish","4":"has-post-thumbnail","6":"product_cat-sin-categorizar","8":"first","9":"instock","10":"shipping-taxable","11":"product-type-external"},"_links":{"self":[{"href":"https:\/\/rockkofertas.com.es\/index.php\/wp-json\/wp\/v2\/product\/8117","targetHints":{"allow":["GET"]}}],"collection":[{"href":"https:\/\/rockkofertas.com.es\/index.php\/wp-json\/wp\/v2\/product"}],"about":[{"href":"https:\/\/rockkofertas.com.es\/index.php\/wp-json\/wp\/v2\/types\/product"}],"replies":[{"embeddable":true,"href":"https:\/\/rockkofertas.com.es\/index.php\/wp-json\/wp\/v2\/comments?post=8117"}],"wp:featuredmedia":[{"embeddable":true,"href":"https:\/\/rockkofertas.com.es\/index.php\/wp-json\/wp\/v2\/media\/8116"}],"wp:attachment":[{"href":"https:\/\/rockkofertas.com.es\/index.php\/wp-json\/wp\/v2\/media?parent=8117"}],"wp:term":[{"taxonomy":"product_cat","embeddable":true,"href":"https:\/\/rockkofertas.com.es\/index.php\/wp-json\/wp\/v2\/product_cat?post=8117"},{"taxonomy":"product_tag","embeddable":true,"href":"https:\/\/rockkofertas.com.es\/index.php\/wp-json\/wp\/v2\/product_tag?post=8117"}],"curies":[{"name":"wp","href":"https:\/\/api.w.org\/{rel}","templated":true}]}}