{"id":8115,"date":"2025-12-29T04:00:36","date_gmt":"2025-12-29T04:00:36","guid":{"rendered":"https:\/\/rockkofertas.com.es\/index.php\/producto\/b005qec6lg\/"},"modified":"2025-12-29T04:00:36","modified_gmt":"2025-12-29T04:00:36","slug":"b005qec6lg","status":"publish","type":"product","link":"https:\/\/rockkofertas.com.es\/index.php\/producto\/b005qec6lg\/","title":{"rendered":"B005QEC6LG"},"content":{"rendered":"<p>&#8211; \ud83d\udce6 COMPACTA Y PORT\u00c1TIL: Con un tama\u00f1o de 30x30x30cm, esta caja de fotograf\u00eda plegable es ideal para fotografiar peque\u00f1os objetos como joyas y accesorios. Gracias a su dise\u00f1o plegable y a un asa integrada, es f\u00e1cil de transportar y almacenar.<br \/>\n&#8211; \ud83c\udf1f ILUMINACI\u00d3N PROFESIONAL: Equipada con 108 LEDs SMD2835 y tres opciones de color, permite ajustar la intensidad de la luz hasta en 10 niveles diferentes, asegurando la iluminaci\u00f3n perfecta con un CRI de RA 90.<br \/>\n&#8211; \ud83c\udfa8 VERSATILIDAD EN COLOR: Incluye seis placas de fondo intercambiables que permiten variar el entorno visual de las fotos seg\u00fan las necesidades del producto fotografiado.<br \/>\n&#8211; \ud83d\udd1d CALIDAD DE MATERIAL: Fabricada con tela Oxford 600D, ofrece durabilidad y resistencia, ideal para el uso continuo en diferentes condiciones de trabajo.<br \/>\n&#8211; \u2b06\ufe0f ACCESO SUPERIOR: Dispone de un orificio superior que facilita la toma de fotograf\u00edas desde \u00e1ngulos elevados, perfecto para capturar detalles desde una perspectiva \u00fanica.<\/p>\n","protected":false},"excerpt":{"rendered":"<p>NK Caja de Luz Estudio Fotogr\u00e1fico Plegable (30x30cm) &#8211; 3 temperaturas de Luz LED, Brillo Ajustable x10, RA90, Productos peque\u00f1os Joyas, Asa para Transporte (6 Fondos de Colores)<br \/>\n#Publicidad <span class=\"read-more\"><a class=\"more-link btn btn-transparent\" href=\"https:\/\/rockkofertas.com.es\/index.php\/producto\/b005qec6lg\/\">Leer m\u00e1s&#8230;<\/a><\/span><\/p>\n","protected":false},"featured_media":8114,"comment_status":"open","ping_status":"closed","template":"","meta":[],"product_cat":[15],"product_tag":[],"class_list":{"0":"post-8115","1":"product","2":"type-product","3":"status-publish","4":"has-post-thumbnail","6":"product_cat-sin-categorizar","8":"first","9":"instock","10":"shipping-taxable","11":"product-type-external"},"_links":{"self":[{"href":"https:\/\/rockkofertas.com.es\/index.php\/wp-json\/wp\/v2\/product\/8115","targetHints":{"allow":["GET"]}}],"collection":[{"href":"https:\/\/rockkofertas.com.es\/index.php\/wp-json\/wp\/v2\/product"}],"about":[{"href":"https:\/\/rockkofertas.com.es\/index.php\/wp-json\/wp\/v2\/types\/product"}],"replies":[{"embeddable":true,"href":"https:\/\/rockkofertas.com.es\/index.php\/wp-json\/wp\/v2\/comments?post=8115"}],"wp:featuredmedia":[{"embeddable":true,"href":"https:\/\/rockkofertas.com.es\/index.php\/wp-json\/wp\/v2\/media\/8114"}],"wp:attachment":[{"href":"https:\/\/rockkofertas.com.es\/index.php\/wp-json\/wp\/v2\/media?parent=8115"}],"wp:term":[{"taxonomy":"product_cat","embeddable":true,"href":"https:\/\/rockkofertas.com.es\/index.php\/wp-json\/wp\/v2\/product_cat?post=8115"},{"taxonomy":"product_tag","embeddable":true,"href":"https:\/\/rockkofertas.com.es\/index.php\/wp-json\/wp\/v2\/product_tag?post=8115"}],"curies":[{"name":"wp","href":"https:\/\/api.w.org\/{rel}","templated":true}]}}