{"id":8101,"date":"2025-12-28T08:01:24","date_gmt":"2025-12-28T08:01:24","guid":{"rendered":"https:\/\/rockkofertas.com.es\/index.php\/producto\/b09jzmvv5g\/"},"modified":"2025-12-28T08:01:24","modified_gmt":"2025-12-28T08:01:24","slug":"b09jzmvv5g","status":"publish","type":"product","link":"https:\/\/rockkofertas.com.es\/index.php\/producto\/b09jzmvv5g\/","title":{"rendered":"B09JZMVV5G"},"content":{"rendered":"<p>&#8211; Materiales Selectos: Estas sillas de recepciones est\u00e1n fabricadas con polipiel, espuma de alta densidad, madera contrachapada firme y metal resistente. Cada silla soporta hasta 135 kg. Cabe destacar que su asiento est\u00e1 fabricado con tableros de madera con certificaci\u00f3n FSC, procedentes de bosques bien gestionados para una experiencia de asiento m\u00e1s segura<br \/>\n&#8211; F\u00e1cil limpieza y mantenimiento: esta silla para invitados tiene una superficie de PVC que sea f\u00e1cil de limpiar con un pa\u00f1o y no tenga que gastar demasiado tiempo para mantenerla<br \/>\n&#8211; Silla comoda para cocina o comedor: La dimensi\u00f3n de la silla es : 50,5 x 43,5 x 6,3 cm, lo signica que el asiento es m\u00e1s ancho y greuso para sentar. La distancia al suelo de esta silla es de 47 cm (sin coj\u00edn), por lo que puedes colocar los pies en vertical y con libertad.<br \/>\n&#8211; Conjunto de 2 sillas: Este set de sillas vienen 2 sillas, ideal para usar en cocina, comedor,sala de estar, tambi\u00e9n se puede ser sillas de recepci\u00f3n en oficina.<br \/>\n&#8211; Adecuado para diversos lugares: este tipo de silla no solo se puede usar en la oficina, tambien es adecuada para una variedad de lugares y ocasiones. Se puede utilizar en su hogar, como sala de estar, comedor, sala de recepci\u00f3n o estudio, etc; Tambi\u00e9n se puede colocar en la oficina como mobiliario necesario para brindarle una mejor experiencia de estar sentado y un mejor entorno de trabajo.<\/p>\n","protected":false},"excerpt":{"rendered":"<p>Yaheetech Juego de 2 Sillas de Reuniones Sillas de Oficina con Respaldo Ergon\u00f3mico Escritorio Silla de Recepci\u00f3n sin Ruedas Sill\u00f3n para Conferencia, Sala de Espera MAX Capacidad 135 KG Negro<br \/>\n#Publicidad <span class=\"read-more\"><a class=\"more-link btn btn-transparent\" href=\"https:\/\/rockkofertas.com.es\/index.php\/producto\/b09jzmvv5g\/\">Leer m\u00e1s&#8230;<\/a><\/span><\/p>\n","protected":false},"featured_media":8100,"comment_status":"open","ping_status":"closed","template":"","meta":[],"product_cat":[15],"product_tag":[],"class_list":{"0":"post-8101","1":"product","2":"type-product","3":"status-publish","4":"has-post-thumbnail","6":"product_cat-sin-categorizar","8":"first","9":"instock","10":"shipping-taxable","11":"product-type-external"},"_links":{"self":[{"href":"https:\/\/rockkofertas.com.es\/index.php\/wp-json\/wp\/v2\/product\/8101","targetHints":{"allow":["GET"]}}],"collection":[{"href":"https:\/\/rockkofertas.com.es\/index.php\/wp-json\/wp\/v2\/product"}],"about":[{"href":"https:\/\/rockkofertas.com.es\/index.php\/wp-json\/wp\/v2\/types\/product"}],"replies":[{"embeddable":true,"href":"https:\/\/rockkofertas.com.es\/index.php\/wp-json\/wp\/v2\/comments?post=8101"}],"wp:featuredmedia":[{"embeddable":true,"href":"https:\/\/rockkofertas.com.es\/index.php\/wp-json\/wp\/v2\/media\/8100"}],"wp:attachment":[{"href":"https:\/\/rockkofertas.com.es\/index.php\/wp-json\/wp\/v2\/media?parent=8101"}],"wp:term":[{"taxonomy":"product_cat","embeddable":true,"href":"https:\/\/rockkofertas.com.es\/index.php\/wp-json\/wp\/v2\/product_cat?post=8101"},{"taxonomy":"product_tag","embeddable":true,"href":"https:\/\/rockkofertas.com.es\/index.php\/wp-json\/wp\/v2\/product_tag?post=8101"}],"curies":[{"name":"wp","href":"https:\/\/api.w.org\/{rel}","templated":true}]}}