{"id":8097,"date":"2025-12-28T01:36:22","date_gmt":"2025-12-28T01:36:22","guid":{"rendered":"https:\/\/rockkofertas.com.es\/index.php\/producto\/b0fqp3g9hw\/"},"modified":"2025-12-28T01:36:22","modified_gmt":"2025-12-28T01:36:22","slug":"b0fqp3g9hw","status":"publish","type":"product","link":"https:\/\/rockkofertas.com.es\/index.php\/producto\/b0fqp3g9hw\/","title":{"rendered":"B0FQP3G9HW"},"content":{"rendered":"<p>&#8211; [Rendimiento Comprobado] El procesador Core i5-8210Y de doble n\u00facleo y hasta 3.6 GHz de velocidad, junto con una enorme memoria RAM de 24GB, garantiza que puedas trabajar con m\u00faltiples aplicaciones, docenas de pesta\u00f1as del navegador y tus programas de oficina favoritos sin ralentizaciones. Experimenta una multitarea fluida y eficiente. Llega listo para funcionar con el sistema operativo Win 11 Pro preinstalado y una bater\u00eda que te acompa\u00f1ar\u00e1 durante tu jornada.<br \/>\n&#8211; [Una Pantalla que Cuida tus Ojos] Sum\u00e9rgete en los detalles con la Pantalla Full HD (1920&#215;1200) de 15.6 pulgadas. Con un brillo de 250 nits y una relaci\u00f3n de aspecto 16:10, no solo obtendr\u00e1s im\u00e1genes m\u00e1s n\u00edtidas y colores vibrantes, sino tambi\u00e9n un mayor espacio vertical para leer documentos y navegar por la web sin necesidad de hacer scroll constantemente.<br \/>\n&#8211; [Almacenamiento R\u00e1pido y a Prueba de Futuro] El SSD de 512GB ofrece la velocidad que necesitas para un arranque r\u00e1pido y que tus aplicaciones carguen al instante. Pero si necesitas m\u00e1s espacio, no hay problema: gracias a la ranura M.2 2280 disponible, puedes ampliar f\u00e1cilmente el almacenamiento con una unidad adicional de hasta 1TB. Con un peso de solo 1.5 kg y un fino perfil en un acabado Gris Espacial, este port\u00e1til es f\u00e1cil de llevar contigo a cualquier lugar.<br \/>\n&#8211; [Conecta Todo lo que Necesitas] Mantente conectado con las \u00faltimas tecnolog\u00edas inal\u00e1mbricas Wi-Fi 5 y Bluetooth 5.0. Con una selecci\u00f3n completa de puertos, incluyendo tres USB 3.0, HDMI, lector de tarjetas Micro SD y conector de audio, podr\u00e1s conectar todos tus dispositivos perif\u00e9ricos sin necesidad de adaptadores. La pr\u00e1ctica bisagra de 180\u00b0 te permite abrirlo por completo, facilitando compartir contenido en reuniones o adaptar el \u00e1ngulo de visi\u00f3n a tu comodidad.<br \/>\n&#8211; [La Adaptabilidad Global y La Protecci\u00f3n Integral Le Brindan Tranquilidad] Incluye teclado QWERTY est\u00e1ndar, y ofrecemos cubiertas intercambiables en franc\u00e9s, italiano, espa\u00f1ol y alem\u00e1n para una escritura c\u00f3moda y personalizada. Computadora port\u00e1til incluye una garant\u00eda de 2 a\u00f1os y soporte al cliente 24\/7, asegurando una experiencia de usuario confiable y sin preocupaciones.<\/p>\n","protected":false},"excerpt":{"rendered":"<p>Ordenador Port\u00e1til Ultraligero 15.6&#8243; FHD Core i5-8210Y (hasta 3.6GHz) 24GB RAM 512GB SSD + Ampliable a 1TB WiFi 5 Bluetooth 5.0 HDMI Bisagra 180\u00b0 Win 11 Pro deal para Estudiantes Teletrabajo y Oficina<br \/>#Publicidad <span class=\"read-more\"><a class=\"more-link btn btn-transparent\" href=\"https:\/\/rockkofertas.com.es\/index.php\/producto\/b0fqp3g9hw\/\">Leer m\u00e1s&#8230;<\/a><\/span><\/p>\n","protected":false},"featured_media":8096,"comment_status":"open","ping_status":"closed","template":"","meta":[],"product_cat":[15],"product_tag":[],"class_list":{"0":"post-8097","1":"product","2":"type-product","3":"status-publish","4":"has-post-thumbnail","6":"product_cat-sin-categorizar","8":"first","9":"instock","10":"shipping-taxable","11":"product-type-external"},"_links":{"self":[{"href":"https:\/\/rockkofertas.com.es\/index.php\/wp-json\/wp\/v2\/product\/8097","targetHints":{"allow":["GET"]}}],"collection":[{"href":"https:\/\/rockkofertas.com.es\/index.php\/wp-json\/wp\/v2\/product"}],"about":[{"href":"https:\/\/rockkofertas.com.es\/index.php\/wp-json\/wp\/v2\/types\/product"}],"replies":[{"embeddable":true,"href":"https:\/\/rockkofertas.com.es\/index.php\/wp-json\/wp\/v2\/comments?post=8097"}],"wp:featuredmedia":[{"embeddable":true,"href":"https:\/\/rockkofertas.com.es\/index.php\/wp-json\/wp\/v2\/media\/8096"}],"wp:attachment":[{"href":"https:\/\/rockkofertas.com.es\/index.php\/wp-json\/wp\/v2\/media?parent=8097"}],"wp:term":[{"taxonomy":"product_cat","embeddable":true,"href":"https:\/\/rockkofertas.com.es\/index.php\/wp-json\/wp\/v2\/product_cat?post=8097"},{"taxonomy":"product_tag","embeddable":true,"href":"https:\/\/rockkofertas.com.es\/index.php\/wp-json\/wp\/v2\/product_tag?post=8097"}],"curies":[{"name":"wp","href":"https:\/\/api.w.org\/{rel}","templated":true}]}}