{"id":8091,"date":"2025-12-27T16:01:33","date_gmt":"2025-12-27T16:01:33","guid":{"rendered":"https:\/\/rockkofertas.com.es\/index.php\/producto\/b00lpanimq\/"},"modified":"2025-12-27T16:01:33","modified_gmt":"2025-12-27T16:01:33","slug":"b00lpanimq","status":"publish","type":"product","link":"https:\/\/rockkofertas.com.es\/index.php\/producto\/b00lpanimq\/","title":{"rendered":"B00LPANIMQ"},"content":{"rendered":"<p>&#8211; Collar adecuado, longitud 38 cm, con colgante infinito en plata de ley 925<br \/>\n&#8211; Esta elegante pieza de joyer\u00eda a\u00f1ade un toque adecuada a cualquier conjunto<br \/>\n&#8211; DISE\u00d1ADA EN ALEMANIA, Esta joya de plata hecha a mano est\u00e1 protegida contra el deslustre, muy pulida y fabricada con calidad de joyero<br \/>\n&#8211; ESTILO, Ya sea festivo o informal, las joyas de plata inspirar\u00e1n, Un compa\u00f1ero adecuado para el d\u00eda a d\u00eda y un art\u00edculo adecuado para toda mujer<br \/>\n&#8211; REGALO Y PAQUETE, El regalo adecuado para la esposa o la novia, adecuado para Navidad, cumplea\u00f1os, D\u00eda de San Valent\u00edn, compromiso o aniversario, Se entrega en un embalaje de terciopelo turquesa<\/p>\n","protected":false},"excerpt":{"rendered":"<p>Elli Collar Mujer Colgante Infinity Tendencia de Plata Esterlina 925<br \/>\n#Publicidad <span class=\"read-more\"><a class=\"more-link btn btn-transparent\" href=\"https:\/\/rockkofertas.com.es\/index.php\/producto\/b00lpanimq\/\">Leer m\u00e1s&#8230;<\/a><\/span><\/p>\n","protected":false},"featured_media":8090,"comment_status":"open","ping_status":"closed","template":"","meta":[],"product_cat":[15],"product_tag":[],"class_list":{"0":"post-8091","1":"product","2":"type-product","3":"status-publish","4":"has-post-thumbnail","6":"product_cat-sin-categorizar","8":"first","9":"instock","10":"shipping-taxable","11":"product-type-external"},"_links":{"self":[{"href":"https:\/\/rockkofertas.com.es\/index.php\/wp-json\/wp\/v2\/product\/8091","targetHints":{"allow":["GET"]}}],"collection":[{"href":"https:\/\/rockkofertas.com.es\/index.php\/wp-json\/wp\/v2\/product"}],"about":[{"href":"https:\/\/rockkofertas.com.es\/index.php\/wp-json\/wp\/v2\/types\/product"}],"replies":[{"embeddable":true,"href":"https:\/\/rockkofertas.com.es\/index.php\/wp-json\/wp\/v2\/comments?post=8091"}],"wp:featuredmedia":[{"embeddable":true,"href":"https:\/\/rockkofertas.com.es\/index.php\/wp-json\/wp\/v2\/media\/8090"}],"wp:attachment":[{"href":"https:\/\/rockkofertas.com.es\/index.php\/wp-json\/wp\/v2\/media?parent=8091"}],"wp:term":[{"taxonomy":"product_cat","embeddable":true,"href":"https:\/\/rockkofertas.com.es\/index.php\/wp-json\/wp\/v2\/product_cat?post=8091"},{"taxonomy":"product_tag","embeddable":true,"href":"https:\/\/rockkofertas.com.es\/index.php\/wp-json\/wp\/v2\/product_tag?post=8091"}],"curies":[{"name":"wp","href":"https:\/\/api.w.org\/{rel}","templated":true}]}}