{"id":8089,"date":"2025-12-27T12:00:41","date_gmt":"2025-12-27T12:00:41","guid":{"rendered":"https:\/\/rockkofertas.com.es\/index.php\/producto\/b007ig9p3c\/"},"modified":"2025-12-27T12:00:41","modified_gmt":"2025-12-27T12:00:41","slug":"b007ig9p3c","status":"publish","type":"product","link":"https:\/\/rockkofertas.com.es\/index.php\/producto\/b007ig9p3c\/","title":{"rendered":"B007IG9P3C"},"content":{"rendered":"<p>&#8211; TRANSPIRABLE \/\/ La malla transpirable del interior de la gorra garantiza una cabeza fresca hasta en los d\u00edas m\u00e1s calurosos. Eso la convierte en la mejor acompa\u00f1ante durante los meses m\u00e1s calurosos del a\u00f1o<br \/>\n&#8211; PROTECCI\u00d3N SOLAR \/\/ Gracias a su excelente combinaci\u00f3n de materiales y a sus acabados, esta elegante gorra plana soporta hasta los rayos de sol m\u00e1s intensos y ofrece una protecci\u00f3n UV ideal<br \/>\n&#8211; 100 % ALGOD\u00d3N \/\/ Esta pr\u00e1ctica gorra plana es de fabricaci\u00f3n italiana de primera categor\u00eda y convence a sus usuarios por su inconfundible calidad<br \/>\n&#8211; DISE\u00d1O \/\/ Esta elegante gorra deportiva est\u00e1 disponible en distintos colores y le pone la guinda a cualquier conjunto de ropa para que no pases desapercibido. Adecuada tanto para su uso diario como para ocasiones especiales<br \/>\n&#8211; AJUSTE \/\/ Esta gorra de hombre moderna y resistente est\u00e1 disponible en las tallas S (54-55 cm), M (56-57 cm), L (58-59 cm), XL (60-61 cm) y XXL (62-63 cm). Lavar a mano<\/p>\n","protected":false},"excerpt":{"rendered":"<p>Stetson Paradise Cotton Gorra Plana Hombre &#8211; Gorra Plana con protecci\u00f3n UV 40 &#8211; Gorra de Hombre de algod\u00f3n &#8211; Gorra Plana Verano\/Invierno &#8211; Blanco L (58-59 cm)<br \/>\n#Publicidad <span class=\"read-more\"><a class=\"more-link btn btn-transparent\" href=\"https:\/\/rockkofertas.com.es\/index.php\/producto\/b007ig9p3c\/\">Leer m\u00e1s&#8230;<\/a><\/span><\/p>\n","protected":false},"featured_media":8088,"comment_status":"open","ping_status":"closed","template":"","meta":[],"product_cat":[15],"product_tag":[],"class_list":{"0":"post-8089","1":"product","2":"type-product","3":"status-publish","4":"has-post-thumbnail","6":"product_cat-sin-categorizar","8":"first","9":"instock","10":"shipping-taxable","11":"product-type-external"},"_links":{"self":[{"href":"https:\/\/rockkofertas.com.es\/index.php\/wp-json\/wp\/v2\/product\/8089","targetHints":{"allow":["GET"]}}],"collection":[{"href":"https:\/\/rockkofertas.com.es\/index.php\/wp-json\/wp\/v2\/product"}],"about":[{"href":"https:\/\/rockkofertas.com.es\/index.php\/wp-json\/wp\/v2\/types\/product"}],"replies":[{"embeddable":true,"href":"https:\/\/rockkofertas.com.es\/index.php\/wp-json\/wp\/v2\/comments?post=8089"}],"wp:featuredmedia":[{"embeddable":true,"href":"https:\/\/rockkofertas.com.es\/index.php\/wp-json\/wp\/v2\/media\/8088"}],"wp:attachment":[{"href":"https:\/\/rockkofertas.com.es\/index.php\/wp-json\/wp\/v2\/media?parent=8089"}],"wp:term":[{"taxonomy":"product_cat","embeddable":true,"href":"https:\/\/rockkofertas.com.es\/index.php\/wp-json\/wp\/v2\/product_cat?post=8089"},{"taxonomy":"product_tag","embeddable":true,"href":"https:\/\/rockkofertas.com.es\/index.php\/wp-json\/wp\/v2\/product_tag?post=8089"}],"curies":[{"name":"wp","href":"https:\/\/api.w.org\/{rel}","templated":true}]}}