{"id":8087,"date":"2025-12-27T10:44:26","date_gmt":"2025-12-27T10:44:26","guid":{"rendered":"https:\/\/rockkofertas.com.es\/index.php\/producto\/b0fd7fpdfn-4\/"},"modified":"2025-12-27T10:44:26","modified_gmt":"2025-12-27T10:44:26","slug":"b0fd7fpdfn-4","status":"publish","type":"product","link":"https:\/\/rockkofertas.com.es\/index.php\/producto\/b0fd7fpdfn-4\/","title":{"rendered":"B0FD7FPDFN"},"content":{"rendered":"<p>&#8211; \u3010Batidora port\u00e1til AMZCHEF\u3011Con un dise\u00f1o aerodin\u00e1mico y port\u00e1til, se puede guardar f\u00e1cilmente en una mochila, en el portavasos del coche o en una bolsa de gimnasio. Las curvas ergon\u00f3micas y el dise\u00f1o antideslizante de la licuadora portatil AMZCHEF facilitan su transporte a cualquier lugar, ya sea a la oficina, al gimnasio, al parque o en un viaje largo. Es la compa\u00f1era perfecta para tu estilo de vida saludable.<br \/>\n&#8211; \u3010Potente batidora de vaso\u3011La potente batidora con motor de 120 W est\u00e1 equipada con 6 cuchillas, lo que facilita la preparaci\u00f3n de batidos, batidos de prote\u00ednas, zumos y sustitutos de comidas. Las 6 cuchillas de acero inoxidable te permiten conseguir una textura suave con calidad de cafeter\u00eda en casa con una minibatidora.<br \/>\n&#8211; \u3010Mini batidora 2 en 1 de 600 ml\u3011 Su dise\u00f1o de gran capacidad (600 ml) es ideal para compartir o para uso individual. Su dise\u00f1o 2 en 1 incluye una tapa para beber y una tapa inferior extra\u00edble, y su dise\u00f1o de doble capa a prueba de fugas permite convertir la mini licuadora de vaso portatil al instante en una elegante taza de viaje a prueba de fugas.<br \/>\n&#8211; \u3010Pantalla digital y bater\u00eda de larga duraci\u00f3n\u3011 La pantalla digital muestra claramente el nivel de bater\u00eda y el estado del modo del mini batidor port\u00e1til. La bater\u00eda de alta capacidad de 6000 mAh se puede recargar completamente en solo 2 horas a trav\u00e9s del puerto USB-C (compatible con ordenadores port\u00e1tiles, coches y bater\u00edas externas) y proporciona energ\u00eda suficiente para 15 ciclos de batido con una sola carga.<br \/>\n&#8211; \u3010Seguro y f\u00e1cil de limpiar\u3011 El cuerpo de la taza est\u00e1 fabricado con material PETG apto para uso alimentario y libre de BPA, que es muy resistente y resistente a los impactos, lo que garantiza su seguridad y durabilidad. La base impermeable IPX6 puede soportar el enjuague y los entornos al aire libre, lo que hace que la mini batidora sea adecuada para acampadas o excursiones. La limpieza es muy sencilla: solo hay que a\u00f1adir agua y jab\u00f3n y pulsar el bot\u00f3n de inicio para activar un ciclo de limpieza autom\u00e1tico de 30 segundos.<br \/>\n&#8211; *Para un rendimiento \u00f3ptimo de la bater\u00eda, recomendamos utilizar la batidora al menos una vez a la semana. Si no se utiliza durante un periodo prolongado (&gt;1-2 semanas), descargue completamente la bater\u00eda y vuelva a cargarla.<\/p>\n","protected":false},"excerpt":{"rendered":"<p>AMZCHEF Batidora port\u00e1til de 600ML, pantalla digital y vaso sin BPA, Mini Batidora con 6 cuchillas,6000 mAh carga r\u00e1pida USB-C 2H (15 ciclos) para batidos\/smoothies\/prote\u00ednas en polvo &#8211; Negro<br \/>#Publicidad <span class=\"read-more\"><a class=\"more-link btn btn-transparent\" href=\"https:\/\/rockkofertas.com.es\/index.php\/producto\/b0fd7fpdfn-4\/\">Leer m\u00e1s&#8230;<\/a><\/span><\/p>\n","protected":false},"featured_media":8086,"comment_status":"open","ping_status":"closed","template":"","meta":[],"product_cat":[15],"product_tag":[],"class_list":{"0":"post-8087","1":"product","2":"type-product","3":"status-publish","4":"has-post-thumbnail","6":"product_cat-sin-categorizar","8":"first","9":"instock","10":"shipping-taxable","11":"product-type-external"},"_links":{"self":[{"href":"https:\/\/rockkofertas.com.es\/index.php\/wp-json\/wp\/v2\/product\/8087","targetHints":{"allow":["GET"]}}],"collection":[{"href":"https:\/\/rockkofertas.com.es\/index.php\/wp-json\/wp\/v2\/product"}],"about":[{"href":"https:\/\/rockkofertas.com.es\/index.php\/wp-json\/wp\/v2\/types\/product"}],"replies":[{"embeddable":true,"href":"https:\/\/rockkofertas.com.es\/index.php\/wp-json\/wp\/v2\/comments?post=8087"}],"wp:featuredmedia":[{"embeddable":true,"href":"https:\/\/rockkofertas.com.es\/index.php\/wp-json\/wp\/v2\/media\/8086"}],"wp:attachment":[{"href":"https:\/\/rockkofertas.com.es\/index.php\/wp-json\/wp\/v2\/media?parent=8087"}],"wp:term":[{"taxonomy":"product_cat","embeddable":true,"href":"https:\/\/rockkofertas.com.es\/index.php\/wp-json\/wp\/v2\/product_cat?post=8087"},{"taxonomy":"product_tag","embeddable":true,"href":"https:\/\/rockkofertas.com.es\/index.php\/wp-json\/wp\/v2\/product_tag?post=8087"}],"curies":[{"name":"wp","href":"https:\/\/api.w.org\/{rel}","templated":true}]}}