{"id":8083,"date":"2025-12-27T08:00:38","date_gmt":"2025-12-27T08:00:38","guid":{"rendered":"https:\/\/rockkofertas.com.es\/index.php\/producto\/b0009oaheq\/"},"modified":"2025-12-27T08:00:38","modified_gmt":"2025-12-27T08:00:38","slug":"b0009oaheq","status":"publish","type":"product","link":"https:\/\/rockkofertas.com.es\/index.php\/producto\/b0009oaheq\/","title":{"rendered":"B0009OAHEQ"},"content":{"rendered":"<p>&#8211; C\u00e1lida y sexy, como una gota de perfume en el pecho desnudo de un hombre. Irresistible.<br \/>\n&#8211; Al aplicarse un perfume, h\u00e1galo en lugares donde se perciba el pulso, como los pliegues del interior del codo y de las rodillas, las mu\u00f1ecas, el cuello y el escote. Tambi\u00e9n es bueno pulverizar un poco en el aire y caminar luego hacia donde se encuentra el perfume.<br \/>\n&#8211; Fragancia masculina de flores amaderadas que celebra la individualidad y la sensualidad masculina.<\/p>\n","protected":false},"excerpt":{"rendered":"<p>Joop! Homme Eau de Toilette para hombre | Fragancia amaderada masculina y especiada con notas de naranja | Intensidad media | 125 ml<br \/>\n#Publicidad <span class=\"read-more\"><a class=\"more-link btn btn-transparent\" href=\"https:\/\/rockkofertas.com.es\/index.php\/producto\/b0009oaheq\/\">Leer m\u00e1s&#8230;<\/a><\/span><\/p>\n","protected":false},"featured_media":8082,"comment_status":"open","ping_status":"closed","template":"","meta":[],"product_cat":[15],"product_tag":[],"class_list":{"0":"post-8083","1":"product","2":"type-product","3":"status-publish","4":"has-post-thumbnail","6":"product_cat-sin-categorizar","8":"first","9":"instock","10":"shipping-taxable","11":"product-type-external"},"_links":{"self":[{"href":"https:\/\/rockkofertas.com.es\/index.php\/wp-json\/wp\/v2\/product\/8083","targetHints":{"allow":["GET"]}}],"collection":[{"href":"https:\/\/rockkofertas.com.es\/index.php\/wp-json\/wp\/v2\/product"}],"about":[{"href":"https:\/\/rockkofertas.com.es\/index.php\/wp-json\/wp\/v2\/types\/product"}],"replies":[{"embeddable":true,"href":"https:\/\/rockkofertas.com.es\/index.php\/wp-json\/wp\/v2\/comments?post=8083"}],"wp:featuredmedia":[{"embeddable":true,"href":"https:\/\/rockkofertas.com.es\/index.php\/wp-json\/wp\/v2\/media\/8082"}],"wp:attachment":[{"href":"https:\/\/rockkofertas.com.es\/index.php\/wp-json\/wp\/v2\/media?parent=8083"}],"wp:term":[{"taxonomy":"product_cat","embeddable":true,"href":"https:\/\/rockkofertas.com.es\/index.php\/wp-json\/wp\/v2\/product_cat?post=8083"},{"taxonomy":"product_tag","embeddable":true,"href":"https:\/\/rockkofertas.com.es\/index.php\/wp-json\/wp\/v2\/product_tag?post=8083"}],"curies":[{"name":"wp","href":"https:\/\/api.w.org\/{rel}","templated":true}]}}