{"id":8081,"date":"2025-12-27T04:01:15","date_gmt":"2025-12-27T04:01:15","guid":{"rendered":"https:\/\/rockkofertas.com.es\/index.php\/producto\/b08bfngh3k\/"},"modified":"2025-12-27T04:01:15","modified_gmt":"2025-12-27T04:01:15","slug":"b08bfngh3k","status":"publish","type":"product","link":"https:\/\/rockkofertas.com.es\/index.php\/producto\/b08bfngh3k\/","title":{"rendered":"B08BFNGH3K"},"content":{"rendered":"<p>&#8211; Plegable y ajustable: Manillar TPR con altura ajustable en T de 59 cm a 84 cm, 4 alturas diferentes adaptables seg\u00fan el tama\u00f1o del ni\u00f1o; m canismo de plegado r\u00e1pido (en 3 segundos) muy pr\u00e1ctico para el transporte o el almacenamiento; adecuado para ni\u00f1os de 3 a 10 a\u00f1os.<br \/>\n&#8211; Ruedas de poliuretano con LED intermitente: 2 grandes ruedas delanteras y una peque\u00f1a rueda trasera con LED ING que parpadean en el movimiento del patinete. Ruedas de poliuretano mate que garantizan una conducci\u00f3n extremadamente suave y silenciosa.<br \/>\n&#8211; F\u00e1cil manejo: Este patinete viene con un rodamiento ABEC 7. M canismo de direcci\u00f3n de inclinaci\u00f3n intuitiva que controla la amplitud del giro en funci\u00f3n de la inclinaci\u00f3n f\u00edsica del ni\u00f1o.<br \/>\n&#8211; Estabilidad y seguridad: Gran escal\u00f3n antirretroceso; dise\u00f1o de base ancha que hace que el patinete sea m\u00e1s resistente y capaz de soportar un peso m\u00e1ximo de 50 kg; dise\u00f1o de 3 ruedas que ofrece mayor estabilidad; Guardabarros quip de un sistema de freno trasero m\u00e1s seguro control por la fuerza de frenado; manillar suave y suave que facilita el agarre del ni\u00f1o para un mayor control y una mejor manejabilidad. y una S curit \u00d3ptima.<br \/>\n&#8211; de curit y de venta. Este scooter est\u00e1 certificado por la norma am ricaine ASTM F963 17\/europ EN71, despu\u00e9s de miles de pruebas r p t s. Nuestro producto tiene una de un a\u00f1o. Si tiene alguna pregunta, no si\u00e9ntete en contactar con nosotros.<\/p>\n","protected":false},"excerpt":{"rendered":"<p>besrey Patinete para ni\u00f1os \u2013 Big Wheels Plegable con Luces LED Intermitentes para ni\u00f1os y ni\u00f1as, 4 Niveles de Altura Ajustable, Tabla Ancha para ni\u00f1os de 3 a 10 a\u00f1os<br \/>\n#Publicidad <span class=\"read-more\"><a class=\"more-link btn btn-transparent\" href=\"https:\/\/rockkofertas.com.es\/index.php\/producto\/b08bfngh3k\/\">Leer m\u00e1s&#8230;<\/a><\/span><\/p>\n","protected":false},"featured_media":8080,"comment_status":"open","ping_status":"closed","template":"","meta":[],"product_cat":[15],"product_tag":[],"class_list":{"0":"post-8081","1":"product","2":"type-product","3":"status-publish","4":"has-post-thumbnail","6":"product_cat-sin-categorizar","8":"first","9":"instock","10":"shipping-taxable","11":"product-type-external"},"_links":{"self":[{"href":"https:\/\/rockkofertas.com.es\/index.php\/wp-json\/wp\/v2\/product\/8081","targetHints":{"allow":["GET"]}}],"collection":[{"href":"https:\/\/rockkofertas.com.es\/index.php\/wp-json\/wp\/v2\/product"}],"about":[{"href":"https:\/\/rockkofertas.com.es\/index.php\/wp-json\/wp\/v2\/types\/product"}],"replies":[{"embeddable":true,"href":"https:\/\/rockkofertas.com.es\/index.php\/wp-json\/wp\/v2\/comments?post=8081"}],"wp:featuredmedia":[{"embeddable":true,"href":"https:\/\/rockkofertas.com.es\/index.php\/wp-json\/wp\/v2\/media\/8080"}],"wp:attachment":[{"href":"https:\/\/rockkofertas.com.es\/index.php\/wp-json\/wp\/v2\/media?parent=8081"}],"wp:term":[{"taxonomy":"product_cat","embeddable":true,"href":"https:\/\/rockkofertas.com.es\/index.php\/wp-json\/wp\/v2\/product_cat?post=8081"},{"taxonomy":"product_tag","embeddable":true,"href":"https:\/\/rockkofertas.com.es\/index.php\/wp-json\/wp\/v2\/product_tag?post=8081"}],"curies":[{"name":"wp","href":"https:\/\/api.w.org\/{rel}","templated":true}]}}