{"id":8079,"date":"2025-12-27T00:01:31","date_gmt":"2025-12-27T00:01:31","guid":{"rendered":"https:\/\/rockkofertas.com.es\/index.php\/producto\/b084qxxrjv\/"},"modified":"2025-12-27T00:01:31","modified_gmt":"2025-12-27T00:01:31","slug":"b084qxxrjv","status":"publish","type":"product","link":"https:\/\/rockkofertas.com.es\/index.php\/producto\/b084qxxrjv\/","title":{"rendered":"B084QXXRJV"},"content":{"rendered":"<p>&#8211; Vers\u00e1tilestos vasos de agua de dise\u00f1o minucioso pueden utilizarse tanto para cenas diarias como para mesas festivas<br \/>\n&#8211; Modernidad cautivadorael corte inusual y asim\u00e9trico de las copas fascina a cualquier espectador y le aporta un soplo de aire fresco a la mesa<br \/>\n&#8211; Buena idea de regaloestos vasos son el regalo perfecto para buenos amigos, familiares y amantes de los dise\u00f1os extraordinarios<br \/>\n&#8211; Calidad excepcionalla copa de cristal est\u00e1 dise\u00f1ada para durar y no pierde su impresionante brillo incluso despu\u00e9s de varios a\u00f1os<br \/>\n&#8211; Productos incluidos1x villeroyboch vaso newmoon capacidad225 ml peso840 g (n. \u00ba de art\u00edculo 11-3653-8070)<\/p>\n","protected":false},"excerpt":{"rendered":"<p>Villeroy &amp; Boch Newmoon Vaso Juego De 4 Claro, Apto Para Lavavajillas, Vasos De Agua De Cristal, Set Vasos, Copas De Agua, Vidrio De Cristal<br \/>\n#Publicidad <span class=\"read-more\"><a class=\"more-link btn btn-transparent\" href=\"https:\/\/rockkofertas.com.es\/index.php\/producto\/b084qxxrjv\/\">Leer m\u00e1s&#8230;<\/a><\/span><\/p>\n","protected":false},"featured_media":8078,"comment_status":"open","ping_status":"closed","template":"","meta":[],"product_cat":[15],"product_tag":[],"class_list":{"0":"post-8079","1":"product","2":"type-product","3":"status-publish","4":"has-post-thumbnail","6":"product_cat-sin-categorizar","8":"first","9":"instock","10":"shipping-taxable","11":"product-type-external"},"_links":{"self":[{"href":"https:\/\/rockkofertas.com.es\/index.php\/wp-json\/wp\/v2\/product\/8079","targetHints":{"allow":["GET"]}}],"collection":[{"href":"https:\/\/rockkofertas.com.es\/index.php\/wp-json\/wp\/v2\/product"}],"about":[{"href":"https:\/\/rockkofertas.com.es\/index.php\/wp-json\/wp\/v2\/types\/product"}],"replies":[{"embeddable":true,"href":"https:\/\/rockkofertas.com.es\/index.php\/wp-json\/wp\/v2\/comments?post=8079"}],"wp:featuredmedia":[{"embeddable":true,"href":"https:\/\/rockkofertas.com.es\/index.php\/wp-json\/wp\/v2\/media\/8078"}],"wp:attachment":[{"href":"https:\/\/rockkofertas.com.es\/index.php\/wp-json\/wp\/v2\/media?parent=8079"}],"wp:term":[{"taxonomy":"product_cat","embeddable":true,"href":"https:\/\/rockkofertas.com.es\/index.php\/wp-json\/wp\/v2\/product_cat?post=8079"},{"taxonomy":"product_tag","embeddable":true,"href":"https:\/\/rockkofertas.com.es\/index.php\/wp-json\/wp\/v2\/product_tag?post=8079"}],"curies":[{"name":"wp","href":"https:\/\/api.w.org\/{rel}","templated":true}]}}