{"id":8073,"date":"2025-12-26T16:00:43","date_gmt":"2025-12-26T16:00:43","guid":{"rendered":"https:\/\/rockkofertas.com.es\/index.php\/producto\/b0815wnkg5\/"},"modified":"2025-12-26T16:00:43","modified_gmt":"2025-12-26T16:00:43","slug":"b0815wnkg5","status":"publish","type":"product","link":"https:\/\/rockkofertas.com.es\/index.php\/producto\/b0815wnkg5\/","title":{"rendered":"B0815WNKG5"},"content":{"rendered":"<p>&#8211; \u2764 El material superior, que combina con el hadrware de metal de calidad, brinda una apariencia elegante de alta calidad y un uso duradero.<br \/>\n&#8211; \u2764 Estructura: bolsillo con cremallera, bolsa principal de gran capacidad.Cierre de cremallera trasera, dise\u00f1o antirrobo efectivo.<br \/>\n&#8211; \u2764 Capacidad: puedes poner libros de texto port\u00e1tiles, ropa, billetera, tel\u00e9fono celular en la bolsa.<br \/>\n&#8211; \u2764 Estilo: mochila pr\u00e1ctica, se puede usar como un bolso, un solo bolso, un bolso doble, una opci\u00f3n elegante y m\u00faltiple para usted.<br \/>\n&#8211; \u2764 Atencion:La tela de la mochila de color se corta al azar, cada una es \u00fanica, espero que puedas entender.<\/p>\n","protected":false},"excerpt":{"rendered":"<p>shepretty Mochila antirrobo Impermeable para Mujer viajar\uff0c8888H<br \/>\n#Publicidad <span class=\"read-more\"><a class=\"more-link btn btn-transparent\" href=\"https:\/\/rockkofertas.com.es\/index.php\/producto\/b0815wnkg5\/\">Leer m\u00e1s&#8230;<\/a><\/span><\/p>\n","protected":false},"featured_media":8072,"comment_status":"open","ping_status":"closed","template":"","meta":[],"product_cat":[15],"product_tag":[],"class_list":{"0":"post-8073","1":"product","2":"type-product","3":"status-publish","4":"has-post-thumbnail","6":"product_cat-sin-categorizar","8":"first","9":"instock","10":"shipping-taxable","11":"product-type-external"},"_links":{"self":[{"href":"https:\/\/rockkofertas.com.es\/index.php\/wp-json\/wp\/v2\/product\/8073","targetHints":{"allow":["GET"]}}],"collection":[{"href":"https:\/\/rockkofertas.com.es\/index.php\/wp-json\/wp\/v2\/product"}],"about":[{"href":"https:\/\/rockkofertas.com.es\/index.php\/wp-json\/wp\/v2\/types\/product"}],"replies":[{"embeddable":true,"href":"https:\/\/rockkofertas.com.es\/index.php\/wp-json\/wp\/v2\/comments?post=8073"}],"wp:featuredmedia":[{"embeddable":true,"href":"https:\/\/rockkofertas.com.es\/index.php\/wp-json\/wp\/v2\/media\/8072"}],"wp:attachment":[{"href":"https:\/\/rockkofertas.com.es\/index.php\/wp-json\/wp\/v2\/media?parent=8073"}],"wp:term":[{"taxonomy":"product_cat","embeddable":true,"href":"https:\/\/rockkofertas.com.es\/index.php\/wp-json\/wp\/v2\/product_cat?post=8073"},{"taxonomy":"product_tag","embeddable":true,"href":"https:\/\/rockkofertas.com.es\/index.php\/wp-json\/wp\/v2\/product_tag?post=8073"}],"curies":[{"name":"wp","href":"https:\/\/api.w.org\/{rel}","templated":true}]}}