{"id":8071,"date":"2025-12-26T15:31:57","date_gmt":"2025-12-26T15:31:57","guid":{"rendered":"https:\/\/rockkofertas.com.es\/index.php\/producto\/b0d5lp3lyk-2\/"},"modified":"2025-12-26T15:31:57","modified_gmt":"2025-12-26T15:31:57","slug":"b0d5lp3lyk-2","status":"publish","type":"product","link":"https:\/\/rockkofertas.com.es\/index.php\/producto\/b0d5lp3lyk-2\/","title":{"rendered":"B0D5LP3LYK"},"content":{"rendered":"<p>&#8211; Tiempo de Uso de 80 Minutos: Funciona con dos bater\u00edas de 5000mAh e incluye un cable USB tipo C. Se recomienda usar un adaptador de carga r\u00e1pida para cargarlo completamente en 3.5 horas. Antes del primer uso, aseg\u00farate de cargarlo por completo<br \/>\n&#8211; 9 Niveles de Temperatura y Calentamiento R\u00e1pido en 30s: Rango de temperatura de 150\u00b0 a 230\u00b0C (ajuste cada 10\u00b0C), adecuado para diferentes tipos de cabello, ya sea decolorado, da\u00f1ado, fino, rizado o grueso<br \/>\n&#8211; Atenci\u00f3n: Antes de usar el producto, retire el bloqueo de modo avi\u00f3n del puerto de carga. Despu\u00e9s del uso, recuerde volver a colocarlo. El modo avi\u00f3n ayuda a proteger la bater\u00eda del desgaste y del consumo innecesario durante los per\u00edodos de inactividad<br \/>\n&#8211; Millones de Iones Negativos: Utiliza tecnolog\u00eda avanzada para liberar millones de iones que neutralizan la electricidad est\u00e1tica del cabello. Esto ayuda a reducir el encrespamiento, mejora el brillo natural del cabello y proporciona un cuidado profundo que nutre y protege cada hebra<br \/>\n&#8211; Mini Cepillo Alisador: Su peso es de solo 265 g, muy ligero, lo que lo hace f\u00e1cil de llevar contigo o usar durante viajes al aire libre. El esquema de colores cl\u00e1sico es muy elegante<br \/>\n&#8211; Estructura \u00danica de Dientes de Peine: No solo previene eficazmente las quemaduras, sino que tambi\u00e9n se desliza f\u00e1cilmente por el cabello, reduciendo los enredos. Al aumentar el \u00e1rea de calentamiento entre el cabello y los dientes del peine, logra un peinado eficiente<br \/>\n&#8211; Tecnolog\u00eda Avanzada T-Glass con Recubrimiento de Keratina: Utiliza un avanzado recubrimiento de queratina T-Glass que garantiza un calentamiento uniforme, asegurando que cada hebra de cabello se caliente de manera homog\u00e9nea desde el interior hacia el exterior, evitando el da\u00f1o t\u00e9rmico por sobrecalentamiento<br \/>\n&#8211; Pantalla Digital: Muestra la temperatura y el nivel de bater\u00eda<\/p>\n","protected":false},"excerpt":{"rendered":"<p>CARER SPARK Cepillo Alisador Inal\u00e1mbrico 10000mAh, Tiempo de Uso de 80min Calentamiento R\u00e1pido en 30s Millones de Iones Negativos 9 Niveles de Temperatura Dise\u00f1o Antiquemaduras y Estilizado R\u00e1pido<br \/>#Publicidad <span class=\"read-more\"><a class=\"more-link btn btn-transparent\" href=\"https:\/\/rockkofertas.com.es\/index.php\/producto\/b0d5lp3lyk-2\/\">Leer m\u00e1s&#8230;<\/a><\/span><\/p>\n","protected":false},"featured_media":8070,"comment_status":"open","ping_status":"closed","template":"","meta":[],"product_cat":[15],"product_tag":[],"class_list":{"0":"post-8071","1":"product","2":"type-product","3":"status-publish","4":"has-post-thumbnail","6":"product_cat-sin-categorizar","8":"first","9":"instock","10":"shipping-taxable","11":"product-type-external"},"_links":{"self":[{"href":"https:\/\/rockkofertas.com.es\/index.php\/wp-json\/wp\/v2\/product\/8071","targetHints":{"allow":["GET"]}}],"collection":[{"href":"https:\/\/rockkofertas.com.es\/index.php\/wp-json\/wp\/v2\/product"}],"about":[{"href":"https:\/\/rockkofertas.com.es\/index.php\/wp-json\/wp\/v2\/types\/product"}],"replies":[{"embeddable":true,"href":"https:\/\/rockkofertas.com.es\/index.php\/wp-json\/wp\/v2\/comments?post=8071"}],"wp:featuredmedia":[{"embeddable":true,"href":"https:\/\/rockkofertas.com.es\/index.php\/wp-json\/wp\/v2\/media\/8070"}],"wp:attachment":[{"href":"https:\/\/rockkofertas.com.es\/index.php\/wp-json\/wp\/v2\/media?parent=8071"}],"wp:term":[{"taxonomy":"product_cat","embeddable":true,"href":"https:\/\/rockkofertas.com.es\/index.php\/wp-json\/wp\/v2\/product_cat?post=8071"},{"taxonomy":"product_tag","embeddable":true,"href":"https:\/\/rockkofertas.com.es\/index.php\/wp-json\/wp\/v2\/product_tag?post=8071"}],"curies":[{"name":"wp","href":"https:\/\/api.w.org\/{rel}","templated":true}]}}