{"id":8069,"date":"2025-12-26T14:26:07","date_gmt":"2025-12-26T14:26:07","guid":{"rendered":"https:\/\/rockkofertas.com.es\/index.php\/producto\/b0bg1k4j12\/"},"modified":"2025-12-26T14:26:07","modified_gmt":"2025-12-26T14:26:07","slug":"b0bg1k4j12","status":"publish","type":"product","link":"https:\/\/rockkofertas.com.es\/index.php\/producto\/b0bg1k4j12\/","title":{"rendered":"B0BG1K4J12"},"content":{"rendered":"<p>&#8211; [LA MEJOR CAR\u00c1CER PARA NI\u00d1OS] Esta c\u00e1mara infantil, que es tanto una c\u00e1mara digital como una c\u00e1mara instant\u00e1nea para ni\u00f1os, permite a los ni\u00f1os capturar im\u00e1genes en color y v\u00eddeos HD de 1080p e imprimir fotos en blanco y negro. Adem\u00e1s, esta c\u00e1mara instant\u00e1nea viene con 3 pegatinas de dibujos animados, 5 l\u00e1pices de colores y 10 soportes para fotos para manualidades para fomentar la creatividad y la imaginaci\u00f3n de los ni\u00f1os. Regalo perfecto de cumplea\u00f1os\/Navidad\/D\u00eda para ni\u00f1os de 3 a 14.<br \/>\n&#8211; [C\u00c1MARA DE IMPRESI\u00d3N DE CERO INK PARA NI\u00d1OS] Esta c\u00e1mara instant\u00e1nea infantil utiliza la avanzada tecnolog\u00eda Zero-Ink, lo que permite imprimir sin t\u00f3ner. Con una simple impresi\u00f3n, los ni\u00f1os pueden congelar las im\u00e1genes en cuesti\u00f3n de segundos e imprimir en papel respetuoso con la piel (5,5 x 8 cm). (El paquete incluye 3 rollos de papel de impresi\u00f3n para hasta 150 fotos)<br \/>\n&#8211; [C\u00c1MARA DIGITAL DE 20MP CON DOS LENTES PARA NI\u00d1OS] Esta c\u00e1mara infantil HiMont est\u00e1 equipada con lentes dobles de 20MP en la parte delantera y trasera que pueden tomar fotos y v\u00eddeos en cualquier momento y en cualquier lugar, incluso si no hay papel de impresi\u00f3n.Como parte de las funciones de fotograf\u00eda y v\u00eddeo, las im\u00e1genes en color de alta resoluci\u00f3n y los v\u00eddeos 1080P se almacenan autom\u00e1ticamente en la tarjeta de memoria 32G. Tiene una funci\u00f3n de zoom de 10x.(Tarjeta de memoria 32G incluida)<br \/>\n&#8211; [MULTIFUNCIONAL Y F\u00c1CIL DE USAR] Esta c\u00e1mara para ni\u00f1os tiene 6 funciones, como fotograf\u00eda en color, v\u00eddeos de alta resoluci\u00f3n, impresi\u00f3n en blanco y negro, m\u00fasica, reproducci\u00f3n y juegos que permiten a sus hijos ser f\u00e1ciles de usar y divertidos. Para que su hijo pueda capturar mejor cada momento significativo de su infancia, la c\u00e1mara tambi\u00e9n dispone de 6 filtros de color diferentes, 20 marcos y figuras de dibujos animados diferentes, etc., y permite grabar en serie y temporizador.<br \/>\n&#8211; [PRIVACIDAD SEGURO &amp; NO REQUISITA WIFI\/APLICACI\u00d3N] Para que la privacidad de usted y sus hijos est\u00e9 mejor protegida, esta c\u00e1mara instant\u00e1nea para ni\u00f1os no tiene ninguna funci\u00f3n WiFi ni Bluetooth, y no necesita una aplicaci\u00f3n para descargar para utilizarla. La transferencia de archivos se puede hacer con un cable USB.<\/p>\n","protected":false},"excerpt":{"rendered":"<p>HiMont Camara Fotos Infantil instantanea y C\u00e1mara de V\u00eddeo, 20MP &amp; 1080P, con Papel de Impresi\u00f3n y Tarjeta SD de 32G,Regalos para Ni\u00f1os<br \/>#Publicidad <span class=\"read-more\"><a class=\"more-link btn btn-transparent\" href=\"https:\/\/rockkofertas.com.es\/index.php\/producto\/b0bg1k4j12\/\">Leer m\u00e1s&#8230;<\/a><\/span><\/p>\n","protected":false},"featured_media":8068,"comment_status":"open","ping_status":"closed","template":"","meta":[],"product_cat":[15],"product_tag":[],"class_list":{"0":"post-8069","1":"product","2":"type-product","3":"status-publish","4":"has-post-thumbnail","6":"product_cat-sin-categorizar","8":"first","9":"instock","10":"shipping-taxable","11":"product-type-external"},"_links":{"self":[{"href":"https:\/\/rockkofertas.com.es\/index.php\/wp-json\/wp\/v2\/product\/8069","targetHints":{"allow":["GET"]}}],"collection":[{"href":"https:\/\/rockkofertas.com.es\/index.php\/wp-json\/wp\/v2\/product"}],"about":[{"href":"https:\/\/rockkofertas.com.es\/index.php\/wp-json\/wp\/v2\/types\/product"}],"replies":[{"embeddable":true,"href":"https:\/\/rockkofertas.com.es\/index.php\/wp-json\/wp\/v2\/comments?post=8069"}],"wp:featuredmedia":[{"embeddable":true,"href":"https:\/\/rockkofertas.com.es\/index.php\/wp-json\/wp\/v2\/media\/8068"}],"wp:attachment":[{"href":"https:\/\/rockkofertas.com.es\/index.php\/wp-json\/wp\/v2\/media?parent=8069"}],"wp:term":[{"taxonomy":"product_cat","embeddable":true,"href":"https:\/\/rockkofertas.com.es\/index.php\/wp-json\/wp\/v2\/product_cat?post=8069"},{"taxonomy":"product_tag","embeddable":true,"href":"https:\/\/rockkofertas.com.es\/index.php\/wp-json\/wp\/v2\/product_tag?post=8069"}],"curies":[{"name":"wp","href":"https:\/\/api.w.org\/{rel}","templated":true}]}}